
{"id":10112,"date":"2016-11-09T16:04:36","date_gmt":"2016-11-09T21:04:26","guid":{"rendered":"https:\/\/www.museedelhistoire.ca\/boutique\/?post_type=product&#038;p=10112"},"modified":"2016-11-15T13:52:57","modified_gmt":"2016-11-15T18:52:57","slug":"the-life-and-work-of-w-b-nickerson-1865-1926","status":"publish","type":"product","link":"https:\/\/www.museedelhistoire.ca\/boutique\/produit\/the-life-and-work-of-w-b-nickerson-1865-1926\/","title":{"rendered":"The Life and Work of W. B. Nickerson (1865\u20131926)"},"content":{"rendered":"<p><strong>The Life and Work of W. B. Nickerson (1865\u20131926): Scientific Archaeology in Central North America<\/strong><\/p>\n<p>par Ian Dyck<\/p>\n<p>(en anglais seulement)<\/p>\n<p>Novembre 2016, ISBN 978-0-7766-2388-7<\/p>\n<p>Collection Mercure, Arch\u00e9ologie 177<\/p>\n<p>412 pages, 41 illustrations, 17 x 24 cm<\/p>\n<p>&nbsp;<\/p>\n<p>Fils d\u2019un chirurgien qui a particip\u00e9 \u00e0 la guerre de S\u00e9cession, William Baker Nickerson (1865-1926) se passionne pour l\u2019histoire naturelle d\u00e8s son enfance dans le Connecticut. \u00c9pris d\u2019arch\u00e9ologie, il compte parmi les premiers Nord-Am\u00e9ricains \u00e0 recevoir une formation officielle, m\u00eame si les circonstances le forcent \u00e0 gagner sa vie dans le secteur du transport ferroviaire. Durant ses loisirs, il explore des sites, de la Nouvelle-Angleterre au Midwest et jusqu\u2019aux Prairies canadiennes. Nickerson produit un rapport \u00e9l\u00e9gant et d\u00e9taill\u00e9 de ses d\u00e9couvertes, et il \u00e9labore des m\u00e9thodes que les arch\u00e9ologues reconnaissent plus tard comme avant-gardistes. Ayant atteint la cinquantaine, il se pr\u00e9pare \u00e0 remplir des contrats professionnels en tant qu\u2019arch\u00e9ologue. Il conna\u00eet un excellent d\u00e9but, mais les commissions d\u2019arch\u00e9ologie disparaissent durant la Premi\u00e8re Guerre mondiale. Malgr\u00e9 ses efforts acharn\u00e9s, Nickerson ne r\u00e9ussit pas \u00e0 relancer sa carri\u00e8re scientifique.<\/p>\n<p>&nbsp;<\/p>\n<p>Le r\u00e9cit de la vie de W. B. Nickerson couvre l\u2019\u00e9volution de l\u2019arch\u00e9ologie nord-am\u00e9ricaine, des mus\u00e9es et soci\u00e9t\u00e9s d\u2019histoire aux universit\u00e9s. Ce n\u2019est qu\u2019apr\u00e8s son d\u00e9c\u00e8s qu\u2019on reconna\u00eetra la qualit\u00e9 de ses nombreux travaux novateurs. Cet ouvrage\u00a0donne \u00e0 un pionnier mort dans l\u2019anonymat une place m\u00e9rit\u00e9e dans les annales de l\u2019arch\u00e9ologie nord-am\u00e9ricaine.<\/p>\n","protected":false},"excerpt":{"rendered":"<p>Le r\u00e9cit de la vie de W. B. Nickerson couvre l\u2019\u00e9volution de l\u2019arch\u00e9ologie nord-am\u00e9ricaine, des mus\u00e9es et soci\u00e9t\u00e9s d\u2019histoire aux universit\u00e9s. Ce n\u2019est qu\u2019apr\u00e8s son d\u00e9c\u00e8s qu\u2019on reconna\u00eetra la qualit\u00e9 de ses nombreux travaux novateurs. Cet ouvrage\u00a0donne \u00e0 un pionnier mort dans l\u2019anonymat une place m\u00e9rit\u00e9e dans les annales de l\u2019arch\u00e9ologie nord-am\u00e9ricaine.<\/p>\n","protected":false},"featured_media":22551,"comment_status":"open","ping_status":"closed","template":"","meta":{"_acf_changed":false},"product_cat":[604,631,877,611],"product_tag":[],"acf":[],"_links":{"self":[{"href":"https:\/\/www.museedelhistoire.ca\/boutique\/wp-json\/wp\/v2\/product\/10112"}],"collection":[{"href":"https:\/\/www.museedelhistoire.ca\/boutique\/wp-json\/wp\/v2\/product"}],"about":[{"href":"https:\/\/www.museedelhistoire.ca\/boutique\/wp-json\/wp\/v2\/types\/product"}],"replies":[{"embeddable":true,"href":"https:\/\/www.museedelhistoire.ca\/boutique\/wp-json\/wp\/v2\/comments?post=10112"}],"wp:featuredmedia":[{"embeddable":true,"href":"https:\/\/www.museedelhistoire.ca\/boutique\/wp-json\/wp\/v2\/media\/22551"}],"wp:attachment":[{"href":"https:\/\/www.museedelhistoire.ca\/boutique\/wp-json\/wp\/v2\/media?parent=10112"}],"wp:term":[{"taxonomy":"product_cat","embeddable":true,"href":"https:\/\/www.museedelhistoire.ca\/boutique\/wp-json\/wp\/v2\/product_cat?post=10112"},{"taxonomy":"product_tag","embeddable":true,"href":"https:\/\/www.museedelhistoire.ca\/boutique\/wp-json\/wp\/v2\/product_tag?post=10112"}],"curies":[{"name":"wp","href":"https:\/\/api.w.org\/{rel}","templated":true}]}}