
{"id":10194,"date":"2016-12-02T10:33:31","date_gmt":"2016-12-02T15:33:43","guid":{"rendered":"https:\/\/www.museedelhistoire.ca\/boutique\/?post_type=product&#038;p=10194"},"modified":"2024-01-26T15:35:05","modified_gmt":"2024-01-26T20:35:05","slug":"the-forgotten-songs-of-the-newfoundland-outports","status":"publish","type":"product","link":"https:\/\/www.museedelhistoire.ca\/boutique\/produit\/the-forgotten-songs-of-the-newfoundland-outports\/","title":{"rendered":"The Forgotten Songs of the Newfoundland Outports"},"content":{"rendered":"<p><strong>The\u00a0Forgotten Songs of the Newfoundland Outports: As Taken from Kenneth Peacock\u2019s Newfoundland Field Collection, 1951-1961<\/strong><\/p>\n<p>Par Anna Guign\u00e9<\/p>\n<p>Novembre 2016, ISBN 978-0-7766-2384-9<br \/>\nCollection Mercure, \u00c9tudes culturels 87<br \/>\n460 pages, 17 illustrations, 17 x 24 cm<\/p>\n<p>Les chanteurs terre-neuviens consid\u00e8rent les trois volumes de la collection <em>Songs of the Newfoundland Outports<\/em>, publi\u00e9s par Kenneth Peacock en 1965, comme une bible et une pr\u00e9cieuse ressource pour les chercheurs. Dans ce nouvel ouvrage, l\u2019auteure Anna Guign\u00e9 met en lumi\u00e8re les meilleures pi\u00e8ces musicales encore in\u00e9dites que Peacock a relev\u00e9es sur le terrain entre 1951 et 1961.<\/p>\n<p><em>The Forgotten Songs of the Newfoundland Outports<\/em>, ouvrage vaste et \u00e9clectique, comporte 127\u00a0chansons class\u00e9es sous 115\u00a0titres, accompagn\u00e9es de notes musicales d\u00e9taill\u00e9es et de br\u00e8ves biographies des 58\u00a0chanteurs. L\u2019ouvrage, qui r\u00e9unit des ballades britanniques et am\u00e9ricaines, des documents de cabaret et de vaudeville ainsi que des compositions locales et des pi\u00e8ces country ou western, t\u00e9moigne de l\u2019influence des m\u00e9dias populaires sur la tradition terre-neuvienne de la chanson et met en contexte plusieurs chansons compos\u00e9es localement. Les enregistrements originaux de 26\u00a0chansons sont inclus dans <a href=\"https:\/\/press.uottawa.ca\/the-forgotten-songs-of-the-newfoundland-outports-3377.html\">l\u2019\u00e9dition \u00e9lectronique du livre<\/a> et sont aussi pr\u00e9sent\u00e9s sur <a href=\"https:\/\/www.youtube.com\/user\/MusCanCiv\">la cha\u00eene YouTube<\/a> du Mus\u00e9e canadien de l\u2019histoire.<\/p>\n<p><em>The Forgotten Songs of the Newfoundland Outports<\/em> \u00e9tablit un lien essentiel entre ce que Kenneth Peacock a v\u00e9ritablement enregistr\u00e9 et ce qu\u2019il a \u00e9ventuellement publi\u00e9. Comme plusieurs chansons n\u2019ont pas paru pr\u00e9c\u00e9demment dans les recueils standards de Terre-Neuve, cet ouvrage jette un nouvel \u00e9clairage sur l\u2019importance de la cueillette effectu\u00e9e par Peacock. Le livre vise surtout \u00e0 sensibiliser les lecteurs \u00e0 la contribution majeure de Peacock aux recueils canadiens sur la musique et \u00e0 raviver l\u2019int\u00e9r\u00eat port\u00e9 \u00e0 ses vastes recherches sur les traditions musicales des petits villages c\u00f4tiers de Terre\u2011Neuve.<\/p>\n<p>&nbsp;<\/p>\n<p>Disponible en anglais seulement.<\/p>\n","protected":false},"excerpt":{"rendered":"<p><em>The Forgotten Songs of the Newfoundland Outports<\/em>, ouvrage vaste et \u00e9clectique, comporte 127\u00a0chansons class\u00e9es sous 115\u00a0titres, accompagn\u00e9es de notes musicales d\u00e9taill\u00e9es et de br\u00e8ves biographies des 58\u00a0chanteurs. L\u2019ouvrage, qui r\u00e9unit des ballades britanniques et am\u00e9ricaines, des documents de cabaret et de vaudeville ainsi que des compositions locales et des pi\u00e8ces country ou western, t\u00e9moigne de l\u2019influence des m\u00e9dias populaires sur la tradition terre-neuvienne de la chanson et met en contexte plusieurs chansons compos\u00e9es localement.<\/p>\n","protected":false},"featured_media":22547,"comment_status":"open","ping_status":"closed","template":"","meta":{"_acf_changed":false},"product_cat":[604,631,877,611],"product_tag":[],"acf":[],"_links":{"self":[{"href":"https:\/\/www.museedelhistoire.ca\/boutique\/wp-json\/wp\/v2\/product\/10194"}],"collection":[{"href":"https:\/\/www.museedelhistoire.ca\/boutique\/wp-json\/wp\/v2\/product"}],"about":[{"href":"https:\/\/www.museedelhistoire.ca\/boutique\/wp-json\/wp\/v2\/types\/product"}],"replies":[{"embeddable":true,"href":"https:\/\/www.museedelhistoire.ca\/boutique\/wp-json\/wp\/v2\/comments?post=10194"}],"wp:featuredmedia":[{"embeddable":true,"href":"https:\/\/www.museedelhistoire.ca\/boutique\/wp-json\/wp\/v2\/media\/22547"}],"wp:attachment":[{"href":"https:\/\/www.museedelhistoire.ca\/boutique\/wp-json\/wp\/v2\/media?parent=10194"}],"wp:term":[{"taxonomy":"product_cat","embeddable":true,"href":"https:\/\/www.museedelhistoire.ca\/boutique\/wp-json\/wp\/v2\/product_cat?post=10194"},{"taxonomy":"product_tag","embeddable":true,"href":"https:\/\/www.museedelhistoire.ca\/boutique\/wp-json\/wp\/v2\/product_tag?post=10194"}],"curies":[{"name":"wp","href":"https:\/\/api.w.org\/{rel}","templated":true}]}}