
{"id":10240,"date":"2016-12-21T10:51:29","date_gmt":"2016-12-21T16:01:28","guid":{"rendered":"https:\/\/www.museedelhistoire.ca\/boutique\/?post_type=product&#038;p=10240"},"modified":"2024-02-01T16:18:46","modified_gmt":"2024-02-01T21:18:46","slug":"principes-de-conception-musee-canadien-de-lhistoire","status":"publish","type":"product","link":"https:\/\/www.museedelhistoire.ca\/boutique\/produit\/principes-de-conception-musee-canadien-de-lhistoire\/","title":{"rendered":"Principes de conception : Mus\u00e9e canadien de l\u2019histoire"},"content":{"rendered":"<p><strong>Principes de conception\u00a0: Mus\u00e9e canadien de l\u2019histoire<\/strong><br \/>\npar Douglas Cardinal<\/p>\n<p>2016, ISBN 978-1-988282-05-3<br \/>\n88 pages, 40 illustrations, 30 cm x 21 cm, broch\u00e9e<\/p>\n<p>\u00ab Le Mus\u00e9e national de l\u2019Homme \u00e9merge du paysage et fait corps avec lui. Mobile et fluide, il \u00e9pouse les contours du territoire. \u00bb \u2014 M. Douglas Cardinal.<\/p>\n<p>En 1982, le gouvernement du Canada a entrepris la conception et la construction d\u2019un nouveau Mus\u00e9e national de l\u2019Homme \u2013 nomm\u00e9 aujourd\u2019hui, le Mus\u00e9e canadien de l\u2019histoire, un \u00e9difice embl\u00e9matique \u00e9rig\u00e9 sur les rives de la rivi\u00e8re des Outaouais. Sa conception des choses a valu \u00e0 Douglas Cardinal d\u2019\u00eatre choisi, parmi douze \u00e9minents finalistes, comme l\u2019architecte du Mus\u00e9e.<\/p>\n<p>Aujourd\u2019hui, le Mus\u00e9e canadien de l\u2019histoire est l\u2019institution mus\u00e9ale la plus vaste et la plus fr\u00e9quent\u00e9e au pays, et constitue une destination incontournable dans la r\u00e9gion. Dans ses <em>Principes de conception<\/em>, M.\u00a0Cardinal apporte un \u00e9clairage sur la vision \u00e0 l\u2019origine de l\u2019\u00e9difice et son environnement imm\u00e9diat. Les visiteurs, en circulant dans cet environnement, sentent bien les liens qui unissent le Mus\u00e9e avec la nature en voyant les formes incurv\u00e9es et grandioses de l\u2019\u00e9difice. Ceci donne la possibilit\u00e9 de faire vivre \u00e0 tous une exp\u00e9rience captivante, v\u00e9ritablement canadienne.<\/p>\n","protected":false},"excerpt":{"rendered":"<p>Dans ses <em>Principes de conception<\/em>, M. Douglas Cardinal apporte un \u00e9clairage sur la vision \u00e0 l\u2019origine du Mus\u00e9e canadien de l\u2019histoire et son environnement imm\u00e9diat. Les visiteurs, en circulant dans cet environnement, sentent bien les liens qui unissent le Mus\u00e9e avec la nature en voyant les formes incurv\u00e9es et grandioses de l\u2019\u00e9difice. Ceci donne la possibilit\u00e9 de faire vivre \u00e0 tous une exp\u00e9rience captivante, v\u00e9ritablement canadienne.<\/p>\n","protected":false},"featured_media":22544,"comment_status":"open","ping_status":"closed","template":"","meta":{"_acf_changed":false},"product_cat":[611],"product_tag":[],"acf":[],"_links":{"self":[{"href":"https:\/\/www.museedelhistoire.ca\/boutique\/wp-json\/wp\/v2\/product\/10240"}],"collection":[{"href":"https:\/\/www.museedelhistoire.ca\/boutique\/wp-json\/wp\/v2\/product"}],"about":[{"href":"https:\/\/www.museedelhistoire.ca\/boutique\/wp-json\/wp\/v2\/types\/product"}],"replies":[{"embeddable":true,"href":"https:\/\/www.museedelhistoire.ca\/boutique\/wp-json\/wp\/v2\/comments?post=10240"}],"wp:featuredmedia":[{"embeddable":true,"href":"https:\/\/www.museedelhistoire.ca\/boutique\/wp-json\/wp\/v2\/media\/22544"}],"wp:attachment":[{"href":"https:\/\/www.museedelhistoire.ca\/boutique\/wp-json\/wp\/v2\/media?parent=10240"}],"wp:term":[{"taxonomy":"product_cat","embeddable":true,"href":"https:\/\/www.museedelhistoire.ca\/boutique\/wp-json\/wp\/v2\/product_cat?post=10240"},{"taxonomy":"product_tag","embeddable":true,"href":"https:\/\/www.museedelhistoire.ca\/boutique\/wp-json\/wp\/v2\/product_tag?post=10240"}],"curies":[{"name":"wp","href":"https:\/\/api.w.org\/{rel}","templated":true}]}}