
{"id":10469,"date":"2017-05-11T08:58:33","date_gmt":"2017-05-11T13:05:40","guid":{"rendered":"https:\/\/www.museedelhistoire.ca\/boutique\/?post_type=product&#038;p=10469"},"modified":"2017-05-12T15:00:06","modified_gmt":"2017-05-12T19:00:06","slug":"tu-sais-mon-vieux-jean-pierre","status":"publish","type":"product","link":"https:\/\/www.museedelhistoire.ca\/boutique\/produit\/tu-sais-mon-vieux-jean-pierre\/","title":{"rendered":"Tu sais, mon vieux Jean-Pierre"},"content":{"rendered":"<p><em><strong>Tu sais, mon vieux Jean-Pierre<\/strong><\/em><\/p>\n<p>par John Willis<\/p>\n<p>April 2017, ISBN 978-0-7766-2457-0<\/p>\n<p>Collection Mercure, Arch\u00e9ologie 178<\/p>\n<p>448 pages, 115 illustrations, 17 x 24 cm<\/p>\n<p><em>Tu sais, mon vieux Jean-Pierre<\/em> honore le travail de l\u2019arch\u00e9ologue Jean-Pierre Chrestien (1949-2008), qui a collabor\u00e9 avec une g\u00e9n\u00e9ration de chercheurs en vue de d\u00e9terrer des aspects inattendus de la Nouvelle-France.<\/p>\n<p>La premi\u00e8re section sur la porte d\u2019entr\u00e9e de la Nouvelle-France, soit le Golfe du Saint-Laurent, Terre-Neuve et l\u2019Acadie. Une deuxi\u00e8me section nous fait remonter le Saint-Laurent, au c\u0153ur m\u00eame du continent. La derni\u00e8re section examine certains aspects de la culture Canadienne : l\u2019art populaire, la religion et la communication. Le fil conducteur de ces essais est une curiosit\u00e9 pour la culture mat\u00e9rielle, une attention au d\u00e9tail et \u00e0 la nuance qui sont les piliers des \u00e9tudes sur la Nouvelle-France, et une sensibilit\u00e9 au contexte g\u00e9n\u00e9ral essentiel \u00e0 la compr\u00e9hension de la fa\u00e7on dont l\u2019histoire se d\u00e9ploie aux \u00e9chelles locale ou r\u00e9gionale.<\/p>\n<p>On peut donc aller au-del\u00e0 des g\u00e9n\u00e9ralisations faciles et d\u00e9su\u00e8tes d\u2019une bourgeoisie pr\u00e9tendument absente, d\u2019une \u00e9thique commerciale suppos\u00e9ment d\u00e9ficiente chez les habitants et le caract\u00e8re soi-disant militaire de la colonie. De ce fait, nous pouvons tenter de comprendre les vraies gens et leurs possessions en contexte.<\/p>\n","protected":false},"excerpt":{"rendered":"<p><em>Tu sais, mon vieux Jean-Pierre<\/em> honore le travail de l\u2019arch\u00e9ologue Jean-Pierre Chrestien (1949-2008), qui a collabor\u00e9 avec une g\u00e9n\u00e9ration de chercheurs en vue de d\u00e9terrer des aspects inattendus de la Nouvelle-France.<\/p>\n","protected":false},"featured_media":22534,"comment_status":"open","ping_status":"closed","template":"","meta":{"_acf_changed":false},"product_cat":[604,631,877,611],"product_tag":[],"acf":[],"_links":{"self":[{"href":"https:\/\/www.museedelhistoire.ca\/boutique\/wp-json\/wp\/v2\/product\/10469"}],"collection":[{"href":"https:\/\/www.museedelhistoire.ca\/boutique\/wp-json\/wp\/v2\/product"}],"about":[{"href":"https:\/\/www.museedelhistoire.ca\/boutique\/wp-json\/wp\/v2\/types\/product"}],"replies":[{"embeddable":true,"href":"https:\/\/www.museedelhistoire.ca\/boutique\/wp-json\/wp\/v2\/comments?post=10469"}],"wp:featuredmedia":[{"embeddable":true,"href":"https:\/\/www.museedelhistoire.ca\/boutique\/wp-json\/wp\/v2\/media\/22534"}],"wp:attachment":[{"href":"https:\/\/www.museedelhistoire.ca\/boutique\/wp-json\/wp\/v2\/media?parent=10469"}],"wp:term":[{"taxonomy":"product_cat","embeddable":true,"href":"https:\/\/www.museedelhistoire.ca\/boutique\/wp-json\/wp\/v2\/product_cat?post=10469"},{"taxonomy":"product_tag","embeddable":true,"href":"https:\/\/www.museedelhistoire.ca\/boutique\/wp-json\/wp\/v2\/product_tag?post=10469"}],"curies":[{"name":"wp","href":"https:\/\/api.w.org\/{rel}","templated":true}]}}