
{"id":10486,"date":"2017-05-30T09:32:36","date_gmt":"2017-05-30T13:52:50","guid":{"rendered":"https:\/\/www.museedelhistoire.ca\/boutique\/?post_type=product&#038;p=10486"},"modified":"2024-01-26T14:55:15","modified_gmt":"2024-01-26T19:55:15","slug":"le-canada-chez-soi-lhistoire-en-guise-de-decor","status":"publish","type":"product","link":"https:\/\/www.museedelhistoire.ca\/boutique\/produit\/le-canada-chez-soi-lhistoire-en-guise-de-decor\/","title":{"rendered":"Le Canada chez soi: L\u2019Histoire en guise de d\u00e9cor"},"content":{"rendered":"<p><strong>Le Canada chez soi: L\u2019Histoire en guise de d\u00e9cor<\/strong><br \/>\nPar John Willis<\/p>\n<p>3 Juin 2017, ISBN 978-1-45974-034-1<br \/>\n240 pages, 252 images, 25 cm x 30 cm, Rigide<\/p>\n<p><em>Une visite guid\u00e9e montrant comment l\u2019Histoire peut transformer une maison ordinaire en un chez-soi unique, ainsi qu\u2019un rappel de la force de caract\u00e8re et de l\u2019ing\u00e9niosit\u00e9 qui ont fa\u00e7onn\u00e9 notre pays.<\/em><\/p>\n<p>Inspir\u00e9 par le 150e anniversaire de la Conf\u00e9d\u00e9ration canadienne, c\u00e9l\u00e9br\u00e9 la m\u00eame ann\u00e9e que le 375e anniversaire de la fondation de Montr\u00e9al, l\u2019auteur et antiquaire qu\u00e9b\u00e9cois Peter E. Baker donne vie \u00e0 l\u2019histoire canadienne pour d\u00e9montrer comment antiquit\u00e9s et art populaire peuvent conf\u00e9rer une identit\u00e9 unique \u00e0 un int\u00e9rieur moderne.<\/p>\n<p>L\u2019auteur a puis\u00e9 dans une seule collection pour pr\u00e9senter des objets couvrant trois si\u00e8cles d\u2019histoire canadienne, depuis l\u2019\u00e9tablissement des premi\u00e8res colonies fran\u00e7aises jusqu\u2019\u00e0 l\u2019essor cr\u00e9atif des artistes populaires de la fin du XXe si\u00e8cle. Amplement illustr\u00e9, r\u00e9dig\u00e9 sur le ton de la conversation et facile \u00e0 lire, le pr\u00e9sent ouvrage ne se veut pas une \u00e9tude technique sur les antiquit\u00e9s d\u2019une r\u00e9gion ou d\u2019un type pr\u00e9cis. Le Canada chez soi explique plut\u00f4t l\u2019histoire et la valeur artistique de chaque objet choisi.<\/p>\n","protected":false},"excerpt":{"rendered":"<p>Inspir\u00e9 par le 150e anniversaire de la Conf\u00e9d\u00e9ration canadienne, la m\u00eame ann\u00e9e du 375e de la fondation de Montr\u00e9al, l\u2019antiquaire qu\u00e9b\u00e9cois, Peter E. Baker, donne vie \u00e0 l\u2019Histoire canadienne de mani\u00e8re \u00e0 d\u00e9montrer comment antiquit\u00e9s et art populaire peuvent conf\u00e9rer une identit\u00e9 unique \u00e0 un int\u00e9rieur moderne.<\/p>\n","protected":false},"featured_media":22532,"comment_status":"open","ping_status":"closed","template":"","meta":{"_acf_changed":false},"product_cat":[604,631,611],"product_tag":[],"acf":[],"_links":{"self":[{"href":"https:\/\/www.museedelhistoire.ca\/boutique\/wp-json\/wp\/v2\/product\/10486"}],"collection":[{"href":"https:\/\/www.museedelhistoire.ca\/boutique\/wp-json\/wp\/v2\/product"}],"about":[{"href":"https:\/\/www.museedelhistoire.ca\/boutique\/wp-json\/wp\/v2\/types\/product"}],"replies":[{"embeddable":true,"href":"https:\/\/www.museedelhistoire.ca\/boutique\/wp-json\/wp\/v2\/comments?post=10486"}],"wp:featuredmedia":[{"embeddable":true,"href":"https:\/\/www.museedelhistoire.ca\/boutique\/wp-json\/wp\/v2\/media\/22532"}],"wp:attachment":[{"href":"https:\/\/www.museedelhistoire.ca\/boutique\/wp-json\/wp\/v2\/media?parent=10486"}],"wp:term":[{"taxonomy":"product_cat","embeddable":true,"href":"https:\/\/www.museedelhistoire.ca\/boutique\/wp-json\/wp\/v2\/product_cat?post=10486"},{"taxonomy":"product_tag","embeddable":true,"href":"https:\/\/www.museedelhistoire.ca\/boutique\/wp-json\/wp\/v2\/product_tag?post=10486"}],"curies":[{"name":"wp","href":"https:\/\/api.w.org\/{rel}","templated":true}]}}