
{"id":10602,"date":"2017-11-09T10:38:08","date_gmt":"2017-11-09T15:39:13","guid":{"rendered":"https:\/\/www.museedelhistoire.ca\/boutique\/?post_type=product&#038;p=10602"},"modified":"2026-03-16T16:39:24","modified_gmt":"2026-03-16T20:39:24","slug":"pendentif-de-letoile-du-matin-dalex-janvier","status":"publish","type":"product","link":"https:\/\/www.museedelhistoire.ca\/boutique\/produit\/pendentif-de-letoile-du-matin-dalex-janvier\/","title":{"rendered":"Pendentif de l&#8217;\u00c9toile du matin d&#8217;Alex Janvier"},"content":{"rendered":"<div class=\"product-description rte\">\n<p>Ce produit garantit une protection 100% \u00e9tanche. Cette caract\u00e9ristique favorise une meilleure libert\u00e9 d\u2019utilisation et procure ainsi une plus grande durabilit\u00e9. Il poss\u00e8de aussi une protection contre les rayons ultraviolets du soleil. Les images ne p\u00e2lissent pas et gardent leurs couleurs \u00e9clatantes. Les images sont prot\u00e9g\u00e9es par un d\u00f4me de verre afin d\u2019obtenir le meilleur rendu des images. Ce verre restitue avec pr\u00e9cision les couleurs de l\u2019image, assure une subtile r\u00e9partition et r\u00e9fraction de la lumi\u00e8re, tout en procurant une plus grande durabilit\u00e9. Effets que les r\u00e9sines transparentes \u00e0 base de p\u00e9trole ne peuvent \u00e9galer. Ainsi, ce bijou arbore des images vibrantes, vivantes, et des reflets \u00e9clatants pour longtemps. Tous les verres utilis\u00e9s pour embellir les bijoux et pour prot\u00e9ger les images tiennent durablement sur leur support. C\u2019est garanti.<\/p>\n<hr \/>\n<p>\u2018L\u2019\u00e9toile du matin\u2019 fut r\u00e9alis\u00e9e par l\u2019artiste chipewyan de la nation D\u00e9n\u00e9 de Cold Lake (Alberta) Alex Janvier.<\/p>\n<p>\u00ab\u00a0Les quatres sections de la murale \u00c9toile du matin repr\u00e9sentent la roue m\u00e9dicinale, tr\u00e8s significative dans la culture de plusieurs peuples autochtones. Il y a quatre directions, quatre saisons, quatre \u00e9l\u00e9ments (la terre, le vent, le feu et l\u2019eau), quatre stades de vie (b\u00e9b\u00e9, enfant, adulte et a\u00een\u00e9). Aussi, les Chipewyans utilisaient l\u2019\u00c9toile du matin pour se guider lorsqu\u2019ils voyagaient la nuit.\u00a0\u00bb\u00a0 \u2013\u00a0Alex Janvier<\/p>\n<\/div>\n<p>Le chef d\u2019\u0153uvre d\u2019Alex Janvier peint en 1993, orne le d\u00f4me du salon de la Rivi\u00e8re du Mus\u00e9e. Cette peinture murale s\u2019\u00e9l\u00e8ve \u00e0 une hauteur de sept \u00e9tages au-dessus du salon et s\u2019\u00e9tend sur 418 m2. Janvier l\u2019a r\u00e9alis\u00e9e en un peu plus de trois mois, avec l\u2019aide de son fils Dean.<\/p>\n<p>Ici, vous trouverez l\u2019oeuvre de l\u2019\u00c9toile du matin sur un pendentif.<\/p>\n","protected":false},"excerpt":{"rendered":"<p class=\"content\" data-hook=\"product-page-description-content\">Pendentif con\u00e7u exclusivement pour le Mus\u00e9e canadien de l&#8217;histoire, avec une cha\u00eene en acier inoxydable d&#8217;une longueur de 46 cm (18 pouces).<\/p>\n<p data-hook=\"product-page-description-content\">En \u00e9tain. Disponible en cinq styles : l&#8217;\u00c9toile du Matin multicolore compl\u00e8te ou des motifs des quatre sections de couleur (bleu, rouge, jaune ou blanc). L&#8217;image est de 3 cm ou 1\u215b pouces de diam\u00e8tre et elle est \u00e9tanche et prot\u00e9g\u00e9e des rayons UV du soleil.<\/p>\n<p class=\"content\" data-hook=\"product-page-description-content\">Hypoallerg\u00e9nique, sans nickel, sans plomb, sans cadmium.<\/p>\n<p class=\"content\" data-hook=\"product-page-description-content\">Fabriqu\u00e9 au Qu\u00e9bec.<\/p>\n","protected":false},"featured_media":22329,"comment_status":"open","ping_status":"closed","template":"","meta":{"_acf_changed":false},"product_cat":[612,1007,615,933,1003,673],"product_tag":[1009,1641],"acf":[],"_links":{"self":[{"href":"https:\/\/www.museedelhistoire.ca\/boutique\/wp-json\/wp\/v2\/product\/10602"}],"collection":[{"href":"https:\/\/www.museedelhistoire.ca\/boutique\/wp-json\/wp\/v2\/product"}],"about":[{"href":"https:\/\/www.museedelhistoire.ca\/boutique\/wp-json\/wp\/v2\/types\/product"}],"replies":[{"embeddable":true,"href":"https:\/\/www.museedelhistoire.ca\/boutique\/wp-json\/wp\/v2\/comments?post=10602"}],"wp:featuredmedia":[{"embeddable":true,"href":"https:\/\/www.museedelhistoire.ca\/boutique\/wp-json\/wp\/v2\/media\/22329"}],"wp:attachment":[{"href":"https:\/\/www.museedelhistoire.ca\/boutique\/wp-json\/wp\/v2\/media?parent=10602"}],"wp:term":[{"taxonomy":"product_cat","embeddable":true,"href":"https:\/\/www.museedelhistoire.ca\/boutique\/wp-json\/wp\/v2\/product_cat?post=10602"},{"taxonomy":"product_tag","embeddable":true,"href":"https:\/\/www.museedelhistoire.ca\/boutique\/wp-json\/wp\/v2\/product_tag?post=10602"}],"curies":[{"name":"wp","href":"https:\/\/api.w.org\/{rel}","templated":true}]}}