
{"id":10713,"date":"2017-10-26T11:32:24","date_gmt":"2017-10-26T15:32:36","guid":{"rendered":"https:\/\/www.museedelhistoire.ca\/boutique\/?post_type=product&#038;p=10713"},"modified":"2024-07-31T08:27:59","modified_gmt":"2024-07-31T12:27:59","slug":"aimant-de-letoile-du-matin-dalex-janvier","status":"publish","type":"product","link":"https:\/\/www.museedelhistoire.ca\/boutique\/produit\/aimant-de-letoile-du-matin-dalex-janvier\/","title":{"rendered":"Aimant de l&#8217;\u00c9toile du matin d&#8217;Alex Janvier (4 cm)"},"content":{"rendered":"<div class=\"product-description rte\">\n<p>\u2018L\u2019\u00e9toile du matin\u2019 fut r\u00e9alis\u00e9e par l\u2019artiste chipewyan de la nation D\u00e9n\u00e9 de Cold Lake (Alberta) Alex Janvier.<\/p>\n<p>\u00ab\u00a0Les quatres sections de la murale \u00c9toile du matin repr\u00e9sentent la roue m\u00e9dicinale, tr\u00e8s significative dans la culture de plusieurs peuples autochtones. Il y a quatre directions, quatre saisons, quatre \u00e9l\u00e9ments (la terre, le vent, le feu et l\u2019eau), quatre stades de vie (b\u00e9b\u00e9, enfant, adulte et a\u00een\u00e9). Aussi, les Chipewyans utilisaient l\u2019\u00c9toile du matin pour se guider lorsqu\u2019ils voyagaient la nuit.\u00a0\u00bb\u00a0 \u2013\u00a0Alex Janvier<\/p>\n<\/div>\n<p>Le chef d\u2019\u0153uvre d\u2019Alex Janvier peint en 1993, orne le d\u00f4me du salon de la Rivi\u00e8re du Mus\u00e9e. Cette peinture murale s\u2019\u00e9l\u00e8ve \u00e0 une hauteur de sept \u00e9tages au-dessus du salon et s\u2019\u00e9tend sur 418 m2. Janvier l\u2019a r\u00e9alis\u00e9e en un peu plus de trois mois, avec l\u2019aide de son fils Dean<\/p>\n","protected":false},"excerpt":{"rendered":"<div>\n<p>Aimant en m\u00e9tal d\u00e9cor\u00e9e de l&#8217;oeuvre d&#8217;Alex Janvier, l&#8217;\u00c9toile du matin. Con\u00e7ue exclusivement pour le Mus\u00e9e canadien de l&#8217;histoire.<\/p>\n<p>Diam\u00e8tre de 4 cm ou 1\u00bd pouces<\/p>\n<p>Fabriqu\u00e9 au Canada<\/p>\n<\/div>\n","protected":false},"featured_media":22346,"comment_status":"open","ping_status":"closed","template":"","meta":{"_acf_changed":false},"product_cat":[612,1007,615,933],"product_tag":[1009,1641],"acf":[],"_links":{"self":[{"href":"https:\/\/www.museedelhistoire.ca\/boutique\/wp-json\/wp\/v2\/product\/10713"}],"collection":[{"href":"https:\/\/www.museedelhistoire.ca\/boutique\/wp-json\/wp\/v2\/product"}],"about":[{"href":"https:\/\/www.museedelhistoire.ca\/boutique\/wp-json\/wp\/v2\/types\/product"}],"replies":[{"embeddable":true,"href":"https:\/\/www.museedelhistoire.ca\/boutique\/wp-json\/wp\/v2\/comments?post=10713"}],"wp:featuredmedia":[{"embeddable":true,"href":"https:\/\/www.museedelhistoire.ca\/boutique\/wp-json\/wp\/v2\/media\/22346"}],"wp:attachment":[{"href":"https:\/\/www.museedelhistoire.ca\/boutique\/wp-json\/wp\/v2\/media?parent=10713"}],"wp:term":[{"taxonomy":"product_cat","embeddable":true,"href":"https:\/\/www.museedelhistoire.ca\/boutique\/wp-json\/wp\/v2\/product_cat?post=10713"},{"taxonomy":"product_tag","embeddable":true,"href":"https:\/\/www.museedelhistoire.ca\/boutique\/wp-json\/wp\/v2\/product_tag?post=10713"}],"curies":[{"name":"wp","href":"https:\/\/api.w.org\/{rel}","templated":true}]}}