
{"id":11101,"date":"2018-02-06T13:10:22","date_gmt":"2018-02-06T18:10:34","guid":{"rendered":"https:\/\/www.historymuseum.ca\/boutique\/?post_type=product&#038;p=11101"},"modified":"2018-02-06T13:10:34","modified_gmt":"2018-02-06T18:10:34","slug":"mike-starr-of-oshawa-a-political-biography","status":"publish","type":"product","link":"https:\/\/www.museedelhistoire.ca\/boutique\/produit\/mike-starr-of-oshawa-a-political-biography\/","title":{"rendered":"Mike Starr of Oshawa: A Political Biography"},"content":{"rendered":"<p><strong>Mike Starr of Oshawa: A Political Biography<\/strong><br \/>\npar Myron Momryk<\/p>\n<p>2018, 978-0-7766-2591-1<br \/>\nCollection Mercure (Histoire 57)<br \/>\n256 pp., 37 illustrations, 17 x 24 cm, broch\u00e9<\/p>\n<p>Fils d\u2019immigrants ukrainiens, Mike Starr a connu une remarquable carri\u00e8re en politique canadienne. Cette biographie politique se penche sur ce parcours extraordinaire.<\/p>\n<p>En juin 1957, il a \u00e9t\u00e9 nomm\u00e9 ministre du Travail dans le cabinet de John Diefenbaker, faisant sensation aupr\u00e8s des groupes ethnoculturels canadiens, notamment. Il a marqu\u00e9 l\u2019histoire politique \u00e0 titre de premier Canadien d\u2019ascendance ukrainienne \u00e0 acc\u00e9der au Cabinet f\u00e9d\u00e9ral. En tant que ministre du Travail, Starr a eu \u00e0 composer avec de nombreuses probl\u00e9matiques nationales, dont le ch\u00f4mage saisonnier, les disparit\u00e9s r\u00e9gionales, les n\u00e9gociations syndicales et un nationalisme militant qu\u00e9b\u00e9cois \u00e9mergeant.<\/p>\n<p>Lorsque le gouvernement Diefenbaker a \u00e9t\u00e9 d\u00e9fait aux \u00e9lections f\u00e9d\u00e9rales de 1963, Starr est redevenu d\u00e9put\u00e9 f\u00e9d\u00e9ral. Or, aux \u00e9lections f\u00e9d\u00e9rales de 1968, il a \u00e9t\u00e9 d\u00e9fait de peu en raison du milieu politique canadien changeant. Starr a poursuivi une carri\u00e8re \u00e0 la fonction publique de 1968 \u00e0 1980. Il y a promu la participation accrue des groupes ethnoculturels \u00e0 la vie politique canadienne. Ainsi, depuis quelques d\u00e9cennies, s\u2019est d\u00e9velopp\u00e9e la tradition politique d\u2019\u00e9lire \u00e0 la Chambre des Communes des membres issus de groupes ethnoculturels et de minorit\u00e9s visibles, puis de les nommer au Cabinet ainsi qu\u2019\u00e0 des postes cadres gouvernementaux, et ce, \u00e0 tous les paliers de gouvernement. En raison de sa contribution, Mike Starr m\u00e9rite le titre de pionnier en politique canadienne.<\/p>\n<p><em>Le livre est offert en version anglaise seulement.<\/em><\/p>\n","protected":false},"excerpt":{"rendered":"<p>Comment le fils d\u2019immigrants ukrainiens a-t-il r\u00e9ussi \u00e0 gravir le syst\u00e8me politique canadien, jusqu\u2019\u00e0 en occuper un poste de ministre? Quels en ont \u00e9t\u00e9 les \u00e9chelons? Comment les collectivit\u00e9s ethnoculturelles ont-elles contribu\u00e9 au succ\u00e8s politique de Starr? Cette \u00e9tude examine la carri\u00e8re de Mike Starr afin de tenter de r\u00e9pondre \u00e0 certaines de ces questions.<\/p>\n","protected":false},"featured_media":22528,"comment_status":"open","ping_status":"closed","template":"","meta":{"_acf_changed":false},"product_cat":[604,877,611],"product_tag":[],"acf":[],"_links":{"self":[{"href":"https:\/\/www.museedelhistoire.ca\/boutique\/wp-json\/wp\/v2\/product\/11101"}],"collection":[{"href":"https:\/\/www.museedelhistoire.ca\/boutique\/wp-json\/wp\/v2\/product"}],"about":[{"href":"https:\/\/www.museedelhistoire.ca\/boutique\/wp-json\/wp\/v2\/types\/product"}],"replies":[{"embeddable":true,"href":"https:\/\/www.museedelhistoire.ca\/boutique\/wp-json\/wp\/v2\/comments?post=11101"}],"wp:featuredmedia":[{"embeddable":true,"href":"https:\/\/www.museedelhistoire.ca\/boutique\/wp-json\/wp\/v2\/media\/22528"}],"wp:attachment":[{"href":"https:\/\/www.museedelhistoire.ca\/boutique\/wp-json\/wp\/v2\/media?parent=11101"}],"wp:term":[{"taxonomy":"product_cat","embeddable":true,"href":"https:\/\/www.museedelhistoire.ca\/boutique\/wp-json\/wp\/v2\/product_cat?post=11101"},{"taxonomy":"product_tag","embeddable":true,"href":"https:\/\/www.museedelhistoire.ca\/boutique\/wp-json\/wp\/v2\/product_tag?post=11101"}],"curies":[{"name":"wp","href":"https:\/\/api.w.org\/{rel}","templated":true}]}}