
{"id":11148,"date":"2018-02-28T15:26:40","date_gmt":"2018-03-01T17:11:18","guid":{"rendered":"https:\/\/www.historymuseum.ca\/boutique\/?post_type=product&#038;p=11148"},"modified":"2026-03-06T02:50:18","modified_gmt":"2026-03-06T07:50:18","slug":"perir-dans-les-glaces-le-mystere-de-lexpedition-franklin","status":"publish","type":"product","link":"https:\/\/www.museedelhistoire.ca\/boutique\/produit\/perir-dans-les-glaces-le-mystere-de-lexpedition-franklin\/","title":{"rendered":"P\u00e9rir dans les glaces \u2013 Le myst\u00e8re de l\u2019exp\u00e9dition Franklin"},"content":{"rendered":"<p><strong>P\u00e9rir dans les glaces \u2013 Le myst\u00e8re de l\u2019exp\u00e9dition Franklin<\/strong><\/p>\n<p>Par Karen Ryan<\/p>\n<p>F\u00e9vrier 2018, ISBN 978-0-660-07882-3<br \/>\n128 pages, 83 images, 15 x 15 cm, broch\u00e9<\/p>\n<p><strong>D\u00e9couvrez l\u2019un des myst\u00e8res les plus fascinants de l\u2019histoire de l\u2019exploration.<\/strong><br \/>\nEn 1845, sir John Franklin a dirig\u00e9 une exp\u00e9dition britannique visant \u00e0 compl\u00e9ter le passage du Nord-Ouest. Deux ann\u00e9es plus tard, les \u00e9quipages n\u2019\u00e9taient toujours pas rentr\u00e9s. Il a fallu plus d\u2019une d\u00e9cennie aux chercheurs pour \u00e9tablir que les navires avaient disparu et que tous les membres des \u00e9quipages avaient perdu la vie. Les raisons expliquant pourquoi et comment cela s\u2019est produit sont toutefois demeur\u00e9es un myst\u00e8re.<br \/>\nCe catalogue-souvenir pr\u00e9sente des artefacts embl\u00e9matiques qui ont \u00e9t\u00e9 r\u00e9cup\u00e9r\u00e9s apr\u00e8s la disparition de l\u2019exp\u00e9dition, mais aussi des objets trouv\u00e9s plus r\u00e9cemment et des images provenant notamment de la d\u00e9couverte des HMS Erebus et Terror. Plongez dans l\u2019univers p\u00e9rilleux de l\u2019exploration de l\u2019Arctique au XIXe si\u00e8cle et jetez un \u0153il aux conditions \u00e0 bord des navires de l\u2019exp\u00e9dition, depuis les d\u00e9buts prometteurs du voyage jusqu\u2019\u00e0 son d\u00e9nouement tragique. D\u00e9couvrez le r\u00f4le primordial qu\u2019ont jou\u00e9 les Inuits, qui ont fait conna\u00eetre le sort de l\u2019exp\u00e9dition gr\u00e2ce \u00e0 des artefacts et \u00e0 l\u2019histoire orale \u2013 des \u00e9l\u00e9ments essentiels \u00e0 ce r\u00e9cit qui continue de capter notre imagination, et ce, m\u00eame apr\u00e8s plus d\u2019un si\u00e8cle et demi.<\/p>\n","protected":false},"excerpt":{"rendered":"<p>D\u00e9couvrez l\u2019un des myst\u00e8res les plus fascinants de l\u2019histoire de l\u2019exploration. En 1845, sir John Franklin a dirig\u00e9 une exp\u00e9dition britannique visant \u00e0 compl\u00e9ter le passage du Nord-Ouest. Deux ann\u00e9es plus tard, les \u00e9quipages n\u2019\u00e9taient toujours pas rentr\u00e9s. Il a fallu plus d\u2019une d\u00e9cennie aux chercheurs pour \u00e9tablir que les navires avaient disparu et que tous les membres des \u00e9quipages avaient perdu la vie. Les raisons expliquant pourquoi et comment cela s\u2019est produit sont toutefois demeur\u00e9es un myst\u00e8re.<\/p>\n","protected":false},"featured_media":22521,"comment_status":"open","ping_status":"closed","template":"","meta":{"_acf_changed":false},"product_cat":[604,611],"product_tag":[1787],"acf":[],"_links":{"self":[{"href":"https:\/\/www.museedelhistoire.ca\/boutique\/wp-json\/wp\/v2\/product\/11148"}],"collection":[{"href":"https:\/\/www.museedelhistoire.ca\/boutique\/wp-json\/wp\/v2\/product"}],"about":[{"href":"https:\/\/www.museedelhistoire.ca\/boutique\/wp-json\/wp\/v2\/types\/product"}],"replies":[{"embeddable":true,"href":"https:\/\/www.museedelhistoire.ca\/boutique\/wp-json\/wp\/v2\/comments?post=11148"}],"wp:featuredmedia":[{"embeddable":true,"href":"https:\/\/www.museedelhistoire.ca\/boutique\/wp-json\/wp\/v2\/media\/22521"}],"wp:attachment":[{"href":"https:\/\/www.museedelhistoire.ca\/boutique\/wp-json\/wp\/v2\/media?parent=11148"}],"wp:term":[{"taxonomy":"product_cat","embeddable":true,"href":"https:\/\/www.museedelhistoire.ca\/boutique\/wp-json\/wp\/v2\/product_cat?post=11148"},{"taxonomy":"product_tag","embeddable":true,"href":"https:\/\/www.museedelhistoire.ca\/boutique\/wp-json\/wp\/v2\/product_tag?post=11148"}],"curies":[{"name":"wp","href":"https:\/\/api.w.org\/{rel}","templated":true}]}}