
{"id":11246,"date":"2018-04-19T09:51:54","date_gmt":"2018-04-19T13:54:53","guid":{"rendered":"https:\/\/www.historymuseum.ca\/boutique\/?post_type=product&#038;p=11246"},"modified":"2024-01-26T14:25:58","modified_gmt":"2024-01-26T19:25:58","slug":"hockey-challenging-canadas-game-au-dela-du-sport-national","status":"publish","type":"product","link":"https:\/\/www.museedelhistoire.ca\/boutique\/produit\/hockey-challenging-canadas-game-au-dela-du-sport-national\/","title":{"rendered":"Hockey: Challenging Canada\u2019s Game \u2013 Au-del\u00e0 du sport national"},"content":{"rendered":"<p><strong>Hockey: Challenging Canada\u2019s Game \u2013 Au-del\u00e0 du sport national<\/strong><br \/>\npar Jenny Ellison, Jennifer Anderson<\/p>\n<p>2018, 978-0-7766-2599-7<br \/>\nCollection Mercure (Histoire 58)<br \/>\n300 pp., 38 illustrations, 17 x 24 cm, broch\u00e9<\/p>\n<p>Aux yeux des Canadiens, le hockey constitue le sport national. Du fait d\u2019exp\u00e9riences v\u00e9cues et de souvenirs partag\u00e9s \u2013 qu\u2019il s\u2019agisse de la premi\u00e8re fois o\u00f9 on lace nos patins, d\u2019une partie disput\u00e9e sur une patinoire ext\u00e9rieure, de buts historiques ou de d\u00e9faites cr\u00e8ve-c\u0153urs \u2013, le hockey en est venu \u00e0 repr\u00e9senter beaucoup plus qu\u2019un simple jeu.<\/p>\n<p>O\u00f9 se situe le hockey dans notre compr\u00e9hension des multiples et diverses identit\u00e9s qui constituent le Canada d\u2019aujourd\u2019hui? Puisque ce sport demeure \u00e9troitement associ\u00e9 au Canada, poser des questions sur les politiques li\u00e9es aux genres et aux origines ethniques du hockey risque, par le fait m\u00eame, de nous amener \u00e0 remettre en question les concepts qui d\u00e9finissent le Canada. Cet ouvrage interdisciplinaire, qui traite de la pratique professionnelle et amateur du sport tout en abordant les r\u00e9alit\u00e9s historiques et contemporaines qui le caract\u00e9risent, examine aussi le hockey en le pla\u00e7ant en relation avec d\u2019autres grands th\u00e8mes associ\u00e9s aux \u00e9tudes canadiennes. Les divers essais se penchent sur toutes les dimensions que peut rev\u00eatir le hockey dans la vie des Canadiens, notamment en abordant des questions de genre, de race et d\u2019ethnicit\u00e9, d\u2019habilet\u00e9s, de sexualit\u00e9, d\u2019affaires et de g\u00e9ographie.<\/p>\n<p>Ce recueil interdisciplinaire de contributions \u00e9rudites s\u2019inscrit dans le prolongement de l\u2019exposition Hockey : plus qu\u2019un simple jeu, qui a \u00e9t\u00e9 pr\u00e9sent\u00e9e par le Mus\u00e9e canadien de l\u2019histoire.<\/p>\n","protected":false},"excerpt":{"rendered":"<p>Aux yeux des Canadiens, le hockey constitue le sport national. Du fait d\u2019exp\u00e9riences v\u00e9cues et de souvenirs partag\u00e9s \u2013 qu\u2019il s\u2019agisse de la premi\u00e8re fois o\u00f9 on lace nos patins, d\u2019une partie disput\u00e9e sur une patinoire ext\u00e9rieure, de buts historiques ou de d\u00e9faites cr\u00e8ve-c\u0153urs \u2013, le hockey en est venu \u00e0 repr\u00e9senter beaucoup plus qu\u2019un simple jeu.<\/p>\n","protected":false},"featured_media":22516,"comment_status":"open","ping_status":"closed","template":"","meta":{"_acf_changed":false},"product_cat":[604,631,877,611],"product_tag":[],"acf":[],"_links":{"self":[{"href":"https:\/\/www.museedelhistoire.ca\/boutique\/wp-json\/wp\/v2\/product\/11246"}],"collection":[{"href":"https:\/\/www.museedelhistoire.ca\/boutique\/wp-json\/wp\/v2\/product"}],"about":[{"href":"https:\/\/www.museedelhistoire.ca\/boutique\/wp-json\/wp\/v2\/types\/product"}],"replies":[{"embeddable":true,"href":"https:\/\/www.museedelhistoire.ca\/boutique\/wp-json\/wp\/v2\/comments?post=11246"}],"wp:featuredmedia":[{"embeddable":true,"href":"https:\/\/www.museedelhistoire.ca\/boutique\/wp-json\/wp\/v2\/media\/22516"}],"wp:attachment":[{"href":"https:\/\/www.museedelhistoire.ca\/boutique\/wp-json\/wp\/v2\/media?parent=11246"}],"wp:term":[{"taxonomy":"product_cat","embeddable":true,"href":"https:\/\/www.museedelhistoire.ca\/boutique\/wp-json\/wp\/v2\/product_cat?post=11246"},{"taxonomy":"product_tag","embeddable":true,"href":"https:\/\/www.museedelhistoire.ca\/boutique\/wp-json\/wp\/v2\/product_tag?post=11246"}],"curies":[{"name":"wp","href":"https:\/\/api.w.org\/{rel}","templated":true}]}}