
{"id":11310,"date":"2018-06-06T08:55:33","date_gmt":"2018-06-06T12:56:50","guid":{"rendered":"https:\/\/www.historymuseum.ca\/boutique\/?post_type=product&#038;p=11310"},"modified":"2026-02-01T11:16:31","modified_gmt":"2026-02-01T16:16:31","slug":"europe-medievale-pouvoir-et-splendeur","status":"publish","type":"product","link":"https:\/\/www.museedelhistoire.ca\/boutique\/produit\/europe-medievale-pouvoir-et-splendeur\/","title":{"rendered":"Europe m\u00e9di\u00e9vale \u2013 Pouvoir et splendeur"},"content":{"rendered":"<p><strong>Europe m\u00e9di\u00e9vale \u2013 Pouvoir et splendeur<\/strong><\/p>\n<p>Par Michael Lewis et Naomi Speakman<\/p>\n<p>Juin 2018, ISBN 978-0-660-23731-2<br \/>\n120 pages, 72 images, 15 x 15 cm broch\u00e9<\/p>\n<p><strong>Entrez dans le fabuleux monde de l\u2019Europe m\u00e9di\u00e9vale.<\/strong><\/p>\n<p>Faites la connaissance de puissants monarques, de valeureux chevaliers, de fervents dirigeants religieux et d\u2019artisans talentueux. D\u00e9couvrez la vie opulente de la cour et l\u2019animation des centres urbains \u00e9mergents. Admirez la beaut\u00e9 et la vibrance d\u2019un art qui a fait la renomm\u00e9e de cette p\u00e9riode, et soyez t\u00e9moins de la formation d\u2019\u00c9tats et de cultures qui existent toujours.<\/p>\n<p>Pour illustrer cette \u00e9poque fascinante de l\u2019histoire, ce catalogue-souvenir pr\u00e9sente des artefacts remarquables qui proviennent du c\u00e9l\u00e8bre British Museum.<\/p>\n","protected":false},"excerpt":{"rendered":"<p>Entrez dans le fabuleux monde de l\u2019Europe m\u00e9di\u00e9vale. Faites la connaissance de puissants monarques, de valeureux chevaliers, de fervents dirigeants religieux et d\u2019artisans talentueux. Pour illustrer cette \u00e9poque fascinante de l\u2019histoire, ce catalogue-souvenir pr\u00e9sente des artefacts remarquables qui proviennent du c\u00e9l\u00e8bre British Museum.<\/p>\n","protected":false},"featured_media":22513,"comment_status":"open","ping_status":"closed","template":"","meta":{"_acf_changed":false},"product_cat":[604,611],"product_tag":[1787],"acf":[],"_links":{"self":[{"href":"https:\/\/www.museedelhistoire.ca\/boutique\/wp-json\/wp\/v2\/product\/11310"}],"collection":[{"href":"https:\/\/www.museedelhistoire.ca\/boutique\/wp-json\/wp\/v2\/product"}],"about":[{"href":"https:\/\/www.museedelhistoire.ca\/boutique\/wp-json\/wp\/v2\/types\/product"}],"replies":[{"embeddable":true,"href":"https:\/\/www.museedelhistoire.ca\/boutique\/wp-json\/wp\/v2\/comments?post=11310"}],"wp:featuredmedia":[{"embeddable":true,"href":"https:\/\/www.museedelhistoire.ca\/boutique\/wp-json\/wp\/v2\/media\/22513"}],"wp:attachment":[{"href":"https:\/\/www.museedelhistoire.ca\/boutique\/wp-json\/wp\/v2\/media?parent=11310"}],"wp:term":[{"taxonomy":"product_cat","embeddable":true,"href":"https:\/\/www.museedelhistoire.ca\/boutique\/wp-json\/wp\/v2\/product_cat?post=11310"},{"taxonomy":"product_tag","embeddable":true,"href":"https:\/\/www.museedelhistoire.ca\/boutique\/wp-json\/wp\/v2\/product_tag?post=11310"}],"curies":[{"name":"wp","href":"https:\/\/api.w.org\/{rel}","templated":true}]}}