
{"id":11540,"date":"2018-11-19T10:17:45","date_gmt":"2018-11-19T15:19:03","guid":{"rendered":"https:\/\/www.historymuseum.ca\/boutique\/?post_type=product&#038;p=11540"},"modified":"2024-01-26T14:16:54","modified_gmt":"2024-01-26T19:16:54","slug":"the-art-of-clairtone-the-making-of-a-design-icon-1958-1971-en-anglais","status":"publish","type":"product","link":"https:\/\/www.museedelhistoire.ca\/boutique\/produit\/the-art-of-clairtone-the-making-of-a-design-icon-1958-1971-en-anglais\/","title":{"rendered":"The Art of Clairtone: The Making of a Design Icon, 1958-1971 (en anglais)."},"content":{"rendered":"<p><strong>Livre reli\u00e9\u00a0\u2013 22\u00a0avril\u00a02008<\/strong><\/p>\n<p>&nbsp;<\/p>\n<p><a href=\"https:\/\/www.amazon.ca\/s\/ref=dp_byline_sr_book_1?ie=UTF8&amp;field-author=Nina+Munk&amp;search-alias=books-ca\">Nina Munk<\/a>\u00a0(autrice),\u00a0<a href=\"https:\/\/www.amazon.ca\/s\/ref=dp_byline_sr_book_2?ie=UTF8&amp;field-author=Rachel+Gotlieb&amp;search-alias=books-ca\">Rachel Gotlieb<\/a>\u00a0(autrice)<\/p>\n<p>&nbsp;<\/p>\n<p>Cet ouvrage richement illustr\u00e9 raconte avec \u00e9l\u00e9gance l\u2019histoire d\u2019un concepteur canadien de renom. Dans les ann\u00e9es\u00a01960, et pendant une d\u00e9cennie, la Clairtone Sound Corporation a su refl\u00e9ter l\u2019esprit de l\u2019\u00e9poque dans ses cr\u00e9ations au style sophistiqu\u00e9, cosmopolite et \u00e9mancip\u00e9. Par ses syst\u00e8mes st\u00e9r\u00e9ophoniques en noyer huil\u00e9 et en teck, ou encore par ses logos et ses produits promotionnels minimalistes, Clairtone est \u00e0 l\u2019origine d\u2019un ensemble de cr\u00e9ations puissantes et durables.<\/p>\n<p>&nbsp;<\/p>\n<p>Fond\u00e9e en 1958 par deux jeunes Canadiens, Peter\u00a0Munk et David\u00a0Gilmour, Clairtone s\u2019est vite fait reconnaitre pour ses conceptions uniques et ses campagnes publicitaires magistrales. \u00c0 l\u2019allure futuriste, sa chaine st\u00e9r\u00e9ophonique Project G<em>,<\/em> maintes fois prim\u00e9e, symbolisait l\u2019esprit des ann\u00e9es soixante. Hugh\u00a0Hefner en poss\u00e9dait un exemplaire, tout comme Frank\u00a0Sinatra. Selon Oscar\u00a0Peterson, le son de sa musique sur la \u00ab\u00a0G\u00a0\u00bb \u00e9tait aussi bon que durant ses prestations. En 1967, la G2 a figur\u00e9 dans le film <em>The Graduate<\/em> (<em>Le Laur\u00e9at<\/em>), ce qui d\u00e9montre \u00e0 quel point la s\u00e9rie G de Clairtone \u00e9tait profond\u00e9ment ancr\u00e9e dans la culture populaire.<\/p>\n<p>Gr\u00e2ce \u00e0 ses 250\u00a0illustrations, qui comprennent des dessins in\u00e9dits, de rares images extraites de films, des notes internes confidentielles et des photos originales, <strong>The Art of Clairtone<\/strong>\u00a0offre un regard \u00e0 la fois candide et profond sur le succ\u00e8s ph\u00e9nom\u00e9nal qu\u2019a connu l\u2019entreprise, mais aussi sur sa chute spectaculaire. Cet \u00e9l\u00e9gant ouvrage publi\u00e9 \u00e0 l\u2019occasion du 50<sup>e<\/sup>\u00a0anniversaire de l\u2019inauguration de Clairtone rappelle l\u2019\u00e9volution de l\u2019entreprise au moyen des souvenirs des gens qui l\u2019ont bien connue, allant de ses fondateurs \u00e0 ses concepteurs, ses ing\u00e9nieurs et ses repr\u00e9sentants commerciaux, le tout agr\u00e9ment\u00e9 de commentaires de Karim\u00a0Rashid, de Douglas\u00a0Coupland, de Tyler Br\u00fbl\u00e9 et de Bruce Mau.<\/p>\n<p>En anglais seulement<\/p>\n","protected":false},"excerpt":{"rendered":"<p>Cet ouvrage richement illustr\u00e9 raconte avec \u00e9l\u00e9gance l\u2019histoire d\u2019un concepteur canadien de renom. Dans les ann\u00e9es\u00a01960, et pendant une d\u00e9cennie, la Clairtone Sound Corporation a su refl\u00e9ter l\u2019esprit de l\u2019\u00e9poque dans ses cr\u00e9ations au style sophistiqu\u00e9, cosmopolite et \u00e9mancip\u00e9. Par ses syst\u00e8mes st\u00e9r\u00e9ophoniques en noyer huil\u00e9 et en teck, ou encore par ses logos et ses produits promotionnels minimalistes, Clairtone est \u00e0 l\u2019origine d\u2019un ensemble de cr\u00e9ations puissantes et durables.<\/p>\n","protected":false},"featured_media":22510,"comment_status":"open","ping_status":"closed","template":"","meta":{"_acf_changed":false},"product_cat":[604,631],"product_tag":[],"acf":[],"_links":{"self":[{"href":"https:\/\/www.museedelhistoire.ca\/boutique\/wp-json\/wp\/v2\/product\/11540"}],"collection":[{"href":"https:\/\/www.museedelhistoire.ca\/boutique\/wp-json\/wp\/v2\/product"}],"about":[{"href":"https:\/\/www.museedelhistoire.ca\/boutique\/wp-json\/wp\/v2\/types\/product"}],"replies":[{"embeddable":true,"href":"https:\/\/www.museedelhistoire.ca\/boutique\/wp-json\/wp\/v2\/comments?post=11540"}],"wp:featuredmedia":[{"embeddable":true,"href":"https:\/\/www.museedelhistoire.ca\/boutique\/wp-json\/wp\/v2\/media\/22510"}],"wp:attachment":[{"href":"https:\/\/www.museedelhistoire.ca\/boutique\/wp-json\/wp\/v2\/media?parent=11540"}],"wp:term":[{"taxonomy":"product_cat","embeddable":true,"href":"https:\/\/www.museedelhistoire.ca\/boutique\/wp-json\/wp\/v2\/product_cat?post=11540"},{"taxonomy":"product_tag","embeddable":true,"href":"https:\/\/www.museedelhistoire.ca\/boutique\/wp-json\/wp\/v2\/product_tag?post=11540"}],"curies":[{"name":"wp","href":"https:\/\/api.w.org\/{rel}","templated":true}]}}