
{"id":11561,"date":"2018-11-23T10:42:58","date_gmt":"2018-11-23T15:43:14","guid":{"rendered":"https:\/\/www.historymuseum.ca\/boutique\/?post_type=product&#038;p=11561"},"modified":"2024-01-26T11:43:41","modified_gmt":"2024-01-26T16:43:41","slug":"canada-c3-rapprocher-les-canadiens-trois-cotes-un-voyage","status":"publish","type":"product","link":"https:\/\/www.museedelhistoire.ca\/boutique\/produit\/canada-c3-rapprocher-les-canadiens-trois-cotes-un-voyage\/","title":{"rendered":"Canada C3 &#8211; Rapprocher les Canadiens &#8211; Trois c\u00f4tes &#8211; Un voyage"},"content":{"rendered":"<p>Con\u00e7ue comme un projet Sginature du sesquicentenaire du Canada en 2017, l&#8217;exp\u00e9dition Canada C3 (terme renvoyant aux trois c\u00f4tes du Canada) a vu le <em>Polar Prince<\/em>, brise-glace reconverti de la Garde c\u00f4ti\u00e8re canadienne, naviguer de Toronto \u00e0 Victoria via le passage du Nord-Ouest.<\/p>\n<p>Les passagers \u00e9taient des Autochtones et des non-autochtones, des Canadiens, enfin autant de gens aux traits vari\u00e9s, que ce soit sur les plans de l&#8217;\u00e2ge, des int\u00e9r\u00eats, des r\u00e9alisations, des capacit\u00e9s, de la profession ou encore des perspectives. Pratiquement \u00e9trangers au d\u00e9part, ils avaient en commun un d\u00e9sir de parcourir de grandes distances \u00e0 la recherche d&#8217;exp\u00e9riences nouvelles et de v\u00e9rit\u00e9s hardies.<\/p>\n<p>Ce p\u00e9riple sans pr\u00e9c\u00e9dent s&#8217;est fait en 15 \u00e9tapes, r\u00e9parties sur 150 jours et 25 000 kilom\u00e8tres, suivant un itin\u00e9raire allant des Grands Lacs \u00e0 l&#8217;Atlantique, puis \u00e0 l&#8217;Arctique et enfin au Pacifique, avec des escales dans plus 75 collectivit\u00e9s. En cours de route, les participants de Canada C3 ont interragi avec des r\u00e9sidents locaux et d\u00e9couvert des panoramas terrestres et aquatiques \u00e0 couper le souffle. \u00c0 cela se sont ajout\u00e9es d&#8217;importantes recherches scientifiques r\u00e9alis\u00e9es dans le cadre de 23 projets de partenariat.<\/p>\n<p>Tout au long du voyage, les membres de l&#8217;exp\u00e9dition ont explor\u00e9 \u00e0 fond les quatre grands th\u00e8mes de Canada C3 : diversit\u00e9 et inclusion; mobilisation des jeunes; science et environnement; v\u00e9rit\u00e9 et r\u00e9conciliation. Pour nombre de participants, les rencontres interculturelles entre les membres des Premi\u00e8res Nations, les M\u00e9tis, les Inuits et les Canadiens non autochtones ont cr\u00e9\u00e9 des souvenirs imp\u00e9rissables et \u00e9t\u00e9 source de croissance personnelle.<\/p>\n<p>Regorgeant d&#8217;essais, entr\u00e9es de blogues, chansons et po\u00e8mes \u00e9clairants, le tout compl\u00e9t\u00e9 de magnifiques photos et oeuvres d&#8217;art, l&#8217;ouvrage <em>Canada C3 &#8211; Rapprocher les Canadiens &#8211; Trois c\u00f4tes &#8211; Un voyage<\/em> est \u00e0 la fois c\u00e9l\u00e9bration et t\u00e9moignage historique, portrait de g\u00e9n\u00e9rosit\u00e9 et de collaboration fructueuse, et choeur de voix nous mettant au d\u00e9fi de ch\u00e9rir collectivement, tout en continuant \u00e0 le b\u00e2tir, un pays qu&#8217;il reste \u00e0 achever.<\/p>\n","protected":false},"excerpt":{"rendered":"<p>Rapprocher les Canadiens.<\/p>\n<p>Trois c\u00f4tes &#8211; un voyage.<\/p>\n<p>Toronto \u00e0 Victoria : 15 \u00e9tapes, 25 000 kilom\u00e8tres, 150 jours.<\/p>\n<p>Il s&#8217;agirait d&#8217;un voyage d&#8217;apprentissage, comme une exp\u00e9dition Students on Ice, sauf que dans ce cas les \u00e9tudiants couvriraient toute la pyramide des \u00e2ges et viendraient de tous les horizons. Il y aurait des Autochtones et des non-Autochtones, des a\u00een\u00e9es et des jeunes, des scientifiques, des \u00e9ducateurs, des artistes, des athl\u00e8tes, des anciens combattant, des chefs d&#8217;entreprise, des chefs cuisiniers, des politiciens, des Canadiens handicap\u00e9s, des nouveaux arrivants au Canada, etc. Un microcosme repr\u00e9sentant de l&#8217;\u00e9tonnante diversit\u00e9 du Canada se joindrait \u00e0 l&#8217;exp\u00e9dition. Et ces gens deviendraient par la suite des ambassadeurs, partageant leurs exp\u00e9riences avec le pays et le monde.<\/p>\n","protected":false},"featured_media":22506,"comment_status":"open","ping_status":"closed","template":"","meta":{"_acf_changed":false},"product_cat":[604,631],"product_tag":[],"acf":[],"_links":{"self":[{"href":"https:\/\/www.museedelhistoire.ca\/boutique\/wp-json\/wp\/v2\/product\/11561"}],"collection":[{"href":"https:\/\/www.museedelhistoire.ca\/boutique\/wp-json\/wp\/v2\/product"}],"about":[{"href":"https:\/\/www.museedelhistoire.ca\/boutique\/wp-json\/wp\/v2\/types\/product"}],"replies":[{"embeddable":true,"href":"https:\/\/www.museedelhistoire.ca\/boutique\/wp-json\/wp\/v2\/comments?post=11561"}],"wp:featuredmedia":[{"embeddable":true,"href":"https:\/\/www.museedelhistoire.ca\/boutique\/wp-json\/wp\/v2\/media\/22506"}],"wp:attachment":[{"href":"https:\/\/www.museedelhistoire.ca\/boutique\/wp-json\/wp\/v2\/media?parent=11561"}],"wp:term":[{"taxonomy":"product_cat","embeddable":true,"href":"https:\/\/www.museedelhistoire.ca\/boutique\/wp-json\/wp\/v2\/product_cat?post=11561"},{"taxonomy":"product_tag","embeddable":true,"href":"https:\/\/www.museedelhistoire.ca\/boutique\/wp-json\/wp\/v2\/product_tag?post=11561"}],"curies":[{"name":"wp","href":"https:\/\/api.w.org\/{rel}","templated":true}]}}