
{"id":11586,"date":"2018-11-28T12:00:46","date_gmt":"2018-11-28T19:17:24","guid":{"rendered":"https:\/\/www.historymuseum.ca\/boutique\/?post_type=product&#038;p=11586"},"modified":"2020-07-23T08:49:37","modified_gmt":"2020-07-23T12:49:37","slug":"prehistoire-beringienne-etude-archeologique-des-grottes-du-poisson-bleu-yukon","status":"publish","type":"product","link":"https:\/\/www.museedelhistoire.ca\/boutique\/produit\/prehistoire-beringienne-etude-archeologique-des-grottes-du-poisson-bleu-yukon\/","title":{"rendered":"Pr\u00e9histoire b\u00e9ringienne: \u00c9tude arch\u00e9ologique des Grottes du Poisson-Bleu (Yukon)"},"content":{"rendered":"<p><strong>Pr\u00e9histoire b\u00e9ringienne: \u00c9tude arch\u00e9ologique des Grottes du Poisson-Bleu (Yukon)<\/strong><\/p>\n<p>par Lauriane Bourgeon<\/p>\n<p>2018, 978-2-7603-2735-1<br \/>\nCollection Mercure (Arch\u00e9ologie 179)<br \/>\n448 pp., 67 illustrations 17 x 24 cm, broch\u00e9<\/p>\n<p>Quand l\u2019Am\u00e9rique a-t-elle \u00e9t\u00e9 peupl\u00e9e? Quels chemins les premiers Am\u00e9ricains ont-ils emprunt\u00e9s? Comment se sont-ils adapt\u00e9s aux conditions climatiques et environnementales des territoires arctiques? Sont-ils responsables de l\u2019extinction de la m\u00e9gafaune, qui est survenue il y a pr\u00e8s de 14 000 ans? Le pr\u00e9sent ouvrage tente de r\u00e9pondre \u00e0 ces questions \u00e0 l\u2019aide d\u2019une \u00e9tude arch\u00e9ologique du site des Grottes du Poisson-Bleu, situ\u00e9 dans le territoire du Yukon, au Canada.<\/p>\n<p>Un peu plus de 36 000 ossements d\u2019animaux ont \u00e9t\u00e9 minutieusement analys\u00e9s au microscope dans le but d\u2019identifier des traces d\u2019activit\u00e9s culturelles. Six d\u2019entre eux portant des stries de boucherie faites par des outils en pierre ont par la suite \u00e9t\u00e9 soumis \u00e0 des m\u00e9thodes de datation par le radiocarbone. Les r\u00e9sultats ont d\u00e9montr\u00e9 que les humains ont occup\u00e9 les Grottes du Poisson-Bleu il y a 24 000 ans, soit en pleine p\u00e9riode glaciaire, faisant ainsi reculer consid\u00e9rablement leur date d\u2019entr\u00e9e en Am\u00e9rique, jusqu\u2019alors estim\u00e9e \u00e0 il y a 15 000 ans. Soutenue par des analyses g\u00e9n\u00e9tiques, cette \u00e9tude arch\u00e9ologique sugg\u00e8re que ce n\u2019est qu\u2019apr\u00e8s le retrait progressif des masses glaciaires nord-am\u00e9ricaines, il y a environ 15 000 ans, que les populations humaines cantonn\u00e9es dans l\u2019extr\u00eame nord se seraient dispers\u00e9es sur le reste du continent.<\/p>\n","protected":false},"excerpt":{"rendered":"<p>Quand l\u2019Am\u00e9rique a-t-elle \u00e9t\u00e9 peupl\u00e9e? Quels chemins les premiers Am\u00e9ricains ont-ils emprunt\u00e9s? Comment se sont-ils adapt\u00e9s aux conditions climatiques et environnementales des territoires arctiques? Sont-ils responsables de l\u2019extinction de la m\u00e9gafaune, qui est survenue il y a pr\u00e8s de 14 000 ans? Le pr\u00e9sent ouvrage tente de r\u00e9pondre \u00e0 ces questions \u00e0 l\u2019aide d\u2019une \u00e9tude arch\u00e9ologique du site des Grottes du Poisson-Bleu, situ\u00e9 dans le territoire du Yukon, au Canada.<\/p>\n","protected":false},"featured_media":22502,"comment_status":"open","ping_status":"closed","template":"","meta":{"_acf_changed":false},"product_cat":[604,877,611],"product_tag":[],"acf":[],"_links":{"self":[{"href":"https:\/\/www.museedelhistoire.ca\/boutique\/wp-json\/wp\/v2\/product\/11586"}],"collection":[{"href":"https:\/\/www.museedelhistoire.ca\/boutique\/wp-json\/wp\/v2\/product"}],"about":[{"href":"https:\/\/www.museedelhistoire.ca\/boutique\/wp-json\/wp\/v2\/types\/product"}],"replies":[{"embeddable":true,"href":"https:\/\/www.museedelhistoire.ca\/boutique\/wp-json\/wp\/v2\/comments?post=11586"}],"wp:featuredmedia":[{"embeddable":true,"href":"https:\/\/www.museedelhistoire.ca\/boutique\/wp-json\/wp\/v2\/media\/22502"}],"wp:attachment":[{"href":"https:\/\/www.museedelhistoire.ca\/boutique\/wp-json\/wp\/v2\/media?parent=11586"}],"wp:term":[{"taxonomy":"product_cat","embeddable":true,"href":"https:\/\/www.museedelhistoire.ca\/boutique\/wp-json\/wp\/v2\/product_cat?post=11586"},{"taxonomy":"product_tag","embeddable":true,"href":"https:\/\/www.museedelhistoire.ca\/boutique\/wp-json\/wp\/v2\/product_tag?post=11586"}],"curies":[{"name":"wp","href":"https:\/\/api.w.org\/{rel}","templated":true}]}}