
{"id":11844,"date":"2019-05-16T09:38:47","date_gmt":"2019-05-16T13:38:59","guid":{"rendered":"https:\/\/www.historymuseum.ca\/boutique\/?post_type=product&#038;p=11844"},"modified":"2024-12-03T23:01:06","modified_gmt":"2024-12-04T04:01:06","slug":"neandertal","status":"publish","type":"product","link":"https:\/\/www.museedelhistoire.ca\/boutique\/produit\/neandertal\/","title":{"rendered":"N\u00e9andertal"},"content":{"rendered":"<p><strong>N\u00e9andertal<\/strong><\/p>\n<p>Par Janet Young<\/p>\n<p>Mai 2019, ISBN 978-0-660-25257-5<br \/>\n120 pages, 64 illustrations, 15 x 15 cm, broch\u00e9<\/p>\n<p>Cr\u00e9ature des cavernes ou proche cousin? Partez \u00e0 la rencontre de N\u00e9andertal, un \u00eatre longtemps consid\u00e9r\u00e9 comme primitif, mais en r\u00e9alit\u00e9 beaucoup plus proche de nous qu\u2019on ne le croyait.<\/p>\n<p>Ce catalogue-souvenir jette un nouveau regard sur cette esp\u00e8ce du genre Homo gr\u00e2ce aux plus r\u00e9centes d\u00e9couvertes scientifiques. Il pr\u00e9sente des fossiles exceptionnels rarement expos\u00e9s au public en dehors de l\u2019Europe.<\/p>\n<p>Grand chasseur, N\u00e9andertal fa\u00e7onnait la pierre, maitrisait le feu et enterrait ses morts. Il a peupl\u00e9 l\u2019Europe et l\u2019Asie pendant 300 000 ans, avant de disparaitre myst\u00e9rieusement il y a 30 000 ans.<\/p>\n","protected":false},"excerpt":{"rendered":"<p>Cr\u00e9ature des cavernes ou proche cousin? Partez \u00e0 la rencontre de N\u00e9andertal, un \u00eatre longtemps consid\u00e9r\u00e9 comme primitif, mais en r\u00e9alit\u00e9 beaucoup plus proche de nous qu\u2019on ne le croyait. Ce catalogue-souvenir jette un nouveau regard sur cette esp\u00e8ce du genre Homo gr\u00e2ce aux plus r\u00e9centes d\u00e9couvertes scientifiques.<\/p>\n","protected":false},"featured_media":22497,"comment_status":"open","ping_status":"closed","template":"","meta":{"_acf_changed":false},"product_cat":[604,611],"product_tag":[1787],"acf":[],"_links":{"self":[{"href":"https:\/\/www.museedelhistoire.ca\/boutique\/wp-json\/wp\/v2\/product\/11844"}],"collection":[{"href":"https:\/\/www.museedelhistoire.ca\/boutique\/wp-json\/wp\/v2\/product"}],"about":[{"href":"https:\/\/www.museedelhistoire.ca\/boutique\/wp-json\/wp\/v2\/types\/product"}],"replies":[{"embeddable":true,"href":"https:\/\/www.museedelhistoire.ca\/boutique\/wp-json\/wp\/v2\/comments?post=11844"}],"wp:featuredmedia":[{"embeddable":true,"href":"https:\/\/www.museedelhistoire.ca\/boutique\/wp-json\/wp\/v2\/media\/22497"}],"wp:attachment":[{"href":"https:\/\/www.museedelhistoire.ca\/boutique\/wp-json\/wp\/v2\/media?parent=11844"}],"wp:term":[{"taxonomy":"product_cat","embeddable":true,"href":"https:\/\/www.museedelhistoire.ca\/boutique\/wp-json\/wp\/v2\/product_cat?post=11844"},{"taxonomy":"product_tag","embeddable":true,"href":"https:\/\/www.museedelhistoire.ca\/boutique\/wp-json\/wp\/v2\/product_tag?post=11844"}],"curies":[{"name":"wp","href":"https:\/\/api.w.org\/{rel}","templated":true}]}}