
{"id":12104,"date":"2020-01-24T14:10:11","date_gmt":"2020-01-24T20:05:31","guid":{"rendered":"https:\/\/www.historymuseum.ca\/boutique\/?post_type=product&#038;p=12104"},"modified":"2020-01-27T07:17:20","modified_gmt":"2020-01-27T12:17:20","slug":"place-making-in-the-pretty-harbour-the-archaeology-of-port-joli-nova-scotia","status":"publish","type":"product","link":"https:\/\/www.museedelhistoire.ca\/boutique\/produit\/place-making-in-the-pretty-harbour-the-archaeology-of-port-joli-nova-scotia\/","title":{"rendered":"Place-Making in the Pretty Harbour : The Archaeology of Port Joli, Nova Scotia"},"content":{"rendered":"<p><strong>Place-Making in the Pretty Harbour : The Archaeology of Port Joli, Nova Scotia<\/strong><\/p>\n<p>\u00c9dit\u00e9 par Matthew Betts<\/p>\n<p>2019, 9-978-0-7766-2777-9<br \/>\nCollection Mercure (Arch\u00e9ologie 180)<br \/>\n360 pp., 193 illustrations, broch\u00e9<\/p>\n<p>Ce livre d\u00e9crit les travaux li\u00e9s au projet arch\u00e9ologique E\u2019se\u2019get, une initiative de recherche communautaire dont l\u2019objectif \u00e9tait de caract\u00e9riser le patrimoine arch\u00e9ologique de Port\u00a0Joli, en Nouvelle-\u00c9cosse. Entrepris par le Mus\u00e9e canadien de l\u2019histoire, le projet a \u00e9t\u00e9 men\u00e9 en \u00e9troite collaboration avec la Premi\u00e8re Nation Acadia et l\u2019Universit\u00e9 du Nouveau-Brunswick. Pendant cinq saisons (de\u00a02008 \u00e0\u00a02012), on a effectu\u00e9 des relev\u00e9s d\u2019observation et des fouilles sur un site arch\u00e9ologique remarquable. Port\u00a0Joli rec\u00e8le la plus grande concentration d\u2019amas coquilliers de la Nouvelle-\u00c9cosse. La pr\u00e9servation de ces amas offre une perspective incomparable de la vie des Micmacs sur la c\u00f4te sud il y a 1\u2009600\u00a0ans jusqu\u2019\u00e0 bien apr\u00e8s l\u2019arriv\u00e9e des Europ\u00e9ens. L\u2019\u00e9norme assemblage d\u2019artefacts recueillis comprend des sp\u00e9cimens que les arch\u00e9ologues n\u2019avaient jamais d\u00e9couverts dans la r\u00e9gion. Outre la d\u00e9couverte de sites d\u2019amas coquilliers uniques, le projet a permis d\u2019effectuer la premi\u00e8re fouille d\u00e9taill\u00e9e de sols de wigwams dans la province et de mettre au jour la premi\u00e8re suerie arch\u00e9ologique de la p\u00e9ninsule maritime. Comptant pr\u00e8s de 22\u2009000\u00a0artefacts et des dizaines de milliers de restes d\u2019animaux, l\u2019assemblage arch\u00e9ologique r\u00e9cup\u00e9r\u00e9 fournit l\u2019ensemble de donn\u00e9es de la plus haute r\u00e9solution jamais obtenu concernant la vie c\u00f4ti\u00e8re des Micmacs en Nouvelle-\u00c9cosse au cours de cette p\u00e9riode.<\/p>\n<p>L\u2019ouvrage tente de renouer avec la tradition de la monographie arch\u00e9ologique, type d\u2019\u00e9tude qui n\u2019a pas \u00e9t\u00e9 publi\u00e9e dans la collection Mercury depuis plus de 20\u00a0ans, mais qui autrefois en composait la majeure partie. Divis\u00e9 en neuf chapitres, l\u2019ouvrage pr\u00e9sente une description et une analyse compl\u00e8tes des donn\u00e9es arch\u00e9ologiques recueillies \u00e0 Port\u00a0Joli\u00a0: des centaines d\u2019artefacts, tels que des assiettes, et des dessins techniques, des profils et des cartes, ce qui en fait une r\u00e9f\u00e9rence arch\u00e9ologique exhaustive consacr\u00e9e au port. On y trouve \u00e9galement un aper\u00e7u d\u00e9taill\u00e9 de l\u2019histoire physiographique et climatique de Port\u00a0Joli, de m\u00eame que les donn\u00e9es de travaux arch\u00e9ologiques ant\u00e9rieurs r\u00e9alis\u00e9s dans ce secteur par John\u00a0Erskine, Thomas\u00a0Raddall et d\u2019autres personnes. Il s\u2019agit de l\u2019un des plus importants inventaires arch\u00e9ologiques autochtones de la Nouvelle-\u00c9cosse. L\u2019analyse compl\u00e8te des donn\u00e9es donne lieu \u00e0 une interpr\u00e9tation approfondie de la vie d\u2019autrefois dans le port, de m\u00eame qu\u2019\u00e0 une \u00e9valuation du registre dans le contexte des registres arch\u00e9ologiques de la r\u00e9gion. Sous la forme d\u2019un compte rendu de l\u2019histoire culturelle de Port\u00a0Joli, la monographie se termine par une grande synth\u00e8se qui raconte comment ce \u00ab\u00a0joli port\u00a0\u00bb est devenu un lieu central pour les Micmacs et leur mode de vie unique.<\/p>\n<p><em>En anglais seulement<\/em><\/p>\n","protected":false},"excerpt":{"rendered":"<p>L\u2019ouvrage d\u00e9crit avec pr\u00e9cision les r\u00e9sultats de cette initiative du Mus\u00e9e canadien de l\u2019histoire, men\u00e9e en collaboration avec la Premi\u00e8re Nation d\u2019Acadia, attribuables \u00e0 cinq saisons (de 2008 \u00e0 2012) d\u2019\u00e9tudes et de fouilles men\u00e9es \u00e0 Port Joli ainsi qu\u2019\u00e0 10 ann\u00e9es d\u2019analyses en laboratoire. Il comprend aussi des donn\u00e9es provenant de travaux arch\u00e9ologiques ant\u00e9rieurs men\u00e9s \u00e0 Port Joli par Erskine, Raddall, Millard et d\u2019autres, offrant ainsi une synth\u00e8se compl\u00e8te de l\u2019un des plus importants inventaires arch\u00e9ologiques autochtones de la Nouvelle-\u00c9cosse.<\/p>\n<p><strong>Deux tableaux disponibles en t\u00e9l\u00e9chargement gratuit :<\/strong><\/p>\n<p><a href=\"https:\/\/www.museedelhistoire.ca\/boutique\/wp-content\/uploads\/\/2020\/01\/Place-making-in-the-pretty-harbour-Table-7.1a.pdf\">Table 7.1a Stone Tool Analysis &#8211; Non-Metric Attributes<\/a><\/p>\n<p><a href=\"https:\/\/www.museedelhistoire.ca\/boutique\/wp-content\/uploads\/\/2020\/01\/Place-making-in-the-pretty-harbour-Table-7.1b.pdf\">Table 7.1b Stone Tool Analysis &#8211; Metric Attributes<\/a><\/p>\n<p>&nbsp;<\/p>\n","protected":false},"featured_media":22493,"comment_status":"open","ping_status":"closed","template":"","meta":{"_acf_changed":false},"product_cat":[604,877,611],"product_tag":[],"acf":[],"_links":{"self":[{"href":"https:\/\/www.museedelhistoire.ca\/boutique\/wp-json\/wp\/v2\/product\/12104"}],"collection":[{"href":"https:\/\/www.museedelhistoire.ca\/boutique\/wp-json\/wp\/v2\/product"}],"about":[{"href":"https:\/\/www.museedelhistoire.ca\/boutique\/wp-json\/wp\/v2\/types\/product"}],"replies":[{"embeddable":true,"href":"https:\/\/www.museedelhistoire.ca\/boutique\/wp-json\/wp\/v2\/comments?post=12104"}],"wp:featuredmedia":[{"embeddable":true,"href":"https:\/\/www.museedelhistoire.ca\/boutique\/wp-json\/wp\/v2\/media\/22493"}],"wp:attachment":[{"href":"https:\/\/www.museedelhistoire.ca\/boutique\/wp-json\/wp\/v2\/media?parent=12104"}],"wp:term":[{"taxonomy":"product_cat","embeddable":true,"href":"https:\/\/www.museedelhistoire.ca\/boutique\/wp-json\/wp\/v2\/product_cat?post=12104"},{"taxonomy":"product_tag","embeddable":true,"href":"https:\/\/www.museedelhistoire.ca\/boutique\/wp-json\/wp\/v2\/product_tag?post=12104"}],"curies":[{"name":"wp","href":"https:\/\/api.w.org\/{rel}","templated":true}]}}