
{"id":13027,"date":"2026-02-02T08:53:56","date_gmt":"2020-06-10T12:10:49","guid":{"rendered":"https:\/\/www.historymuseum.ca\/boutique\/?post_type=product&#038;p=13027"},"modified":"2026-02-15T21:09:13","modified_gmt":"2026-02-16T02:09:13","slug":"ceinture-flechee-metis","status":"publish","type":"product","link":"https:\/\/www.museedelhistoire.ca\/boutique\/produit\/ceinture-flechee-metis\/","title":{"rendered":"Ceinture Fl\u00e9ch\u00e9e M\u00e9tis"},"content":{"rendered":"<ul>\n<li><strong>Grandeurs :<\/strong>\n<ul>\n<li><strong>Enfants :<\/strong> 3&#8243; x 69&#8243; (8 cm x 175 cm)<\/li>\n<li><strong>Petit :<\/strong> 4\u00bd&#8221; x 63&#8243;(77&#8243; avec franges) (10 cm x 160 cm \/ 195 cm avec franges)<\/li>\n<li><strong>Grand :<\/strong> 5\u00bd&#8221; x 81&#8243; (102&#8243; avec franges) (15 cm x 205 cm \/ 259 cm avec franges)<\/li>\n<\/ul>\n<\/li>\n<li>Mat\u00e9riel : Polyester<\/li>\n<\/ul>\n","protected":false},"excerpt":{"rendered":"<p>La ceinture fl\u00e9ch\u00e9e, (ceinture m\u00e9tis, ceinture de coureur des bois, ceinture \u00e0 fl\u00e8ches) est un morceau de v\u00eatement traditionnel canadien-fran\u00e7ais du 19e sci\u00e8cle. La ceinture fl\u00e9ch\u00e9e a \u00e9galement fait parti de l&#8217;h\u00e9ritage M\u00e9tis; \u00e9tant galement utilis\u00e9e comme pi\u00e8ce de v\u00eatement traditionnel.<\/p>\n<p>La ceinture fl\u00e9ch\u00e9e est d\u00e9sormais populaire durant le Carnaval de Qu\u00e9bec. Elle fait partie int\u00e9grante de l&#8217;habillement de Bonhomme Carnaval.<\/p>\n<ul>\n<li>Fait au Canada<\/li>\n<\/ul>\n","protected":false},"featured_media":29001,"comment_status":"open","ping_status":"closed","template":"","meta":{"_acf_changed":false},"product_cat":[2165,2163,660,1092,666,999,1631,1003,661],"product_tag":[1787],"acf":[],"_links":{"self":[{"href":"https:\/\/www.museedelhistoire.ca\/boutique\/wp-json\/wp\/v2\/product\/13027"}],"collection":[{"href":"https:\/\/www.museedelhistoire.ca\/boutique\/wp-json\/wp\/v2\/product"}],"about":[{"href":"https:\/\/www.museedelhistoire.ca\/boutique\/wp-json\/wp\/v2\/types\/product"}],"replies":[{"embeddable":true,"href":"https:\/\/www.museedelhistoire.ca\/boutique\/wp-json\/wp\/v2\/comments?post=13027"}],"wp:featuredmedia":[{"embeddable":true,"href":"https:\/\/www.museedelhistoire.ca\/boutique\/wp-json\/wp\/v2\/media\/29001"}],"wp:attachment":[{"href":"https:\/\/www.museedelhistoire.ca\/boutique\/wp-json\/wp\/v2\/media?parent=13027"}],"wp:term":[{"taxonomy":"product_cat","embeddable":true,"href":"https:\/\/www.museedelhistoire.ca\/boutique\/wp-json\/wp\/v2\/product_cat?post=13027"},{"taxonomy":"product_tag","embeddable":true,"href":"https:\/\/www.museedelhistoire.ca\/boutique\/wp-json\/wp\/v2\/product_tag?post=13027"}],"curies":[{"name":"wp","href":"https:\/\/api.w.org\/{rel}","templated":true}]}}