
{"id":13106,"date":"2020-05-12T07:58:14","date_gmt":"2020-05-12T11:58:25","guid":{"rendered":"https:\/\/www.historymuseum.ca\/boutique\/?post_type=product&#038;p=13106"},"modified":"2025-07-08T11:16:25","modified_gmt":"2025-07-08T15:16:25","slug":"cuillere-musicale-moyenne","status":"publish","type":"product","link":"https:\/\/www.museedelhistoire.ca\/boutique\/produit\/cuillere-musicale-moyenne\/","title":{"rendered":"Cuill\u00e8re musicale &#8211; Moyenne"},"content":{"rendered":"","protected":false},"excerpt":{"rendered":"<p>La cuill\u00e8re moyenne produit un son grave et agr\u00e9able. Sa taille est id\u00e9ale pour les adultes souhaitant s&#8217;initier aux cuill\u00e8res musicales, ainsi que pour les enfants \u00e0 partir de 6 ans. Sa conception s&#8217;inspire de deux cuill\u00e8res traditionnelles assembl\u00e9es.<\/p>\n<ul>\n<li>Fabriqu\u00e9e \u00e0 la main au Canada<\/li>\n<li>Sculpt\u00e9e dans du bois d&#8217;\u00e9rable de premi\u00e8re qualit\u00e9<\/li>\n<li>9 pouces de long<\/li>\n<\/ul>\n","protected":false},"featured_media":22146,"comment_status":"open","ping_status":"closed","template":"","meta":{"_acf_changed":false},"product_cat":[2165,1629],"product_tag":[1725,1787],"acf":[],"_links":{"self":[{"href":"https:\/\/www.museedelhistoire.ca\/boutique\/wp-json\/wp\/v2\/product\/13106"}],"collection":[{"href":"https:\/\/www.museedelhistoire.ca\/boutique\/wp-json\/wp\/v2\/product"}],"about":[{"href":"https:\/\/www.museedelhistoire.ca\/boutique\/wp-json\/wp\/v2\/types\/product"}],"replies":[{"embeddable":true,"href":"https:\/\/www.museedelhistoire.ca\/boutique\/wp-json\/wp\/v2\/comments?post=13106"}],"wp:featuredmedia":[{"embeddable":true,"href":"https:\/\/www.museedelhistoire.ca\/boutique\/wp-json\/wp\/v2\/media\/22146"}],"wp:attachment":[{"href":"https:\/\/www.museedelhistoire.ca\/boutique\/wp-json\/wp\/v2\/media?parent=13106"}],"wp:term":[{"taxonomy":"product_cat","embeddable":true,"href":"https:\/\/www.museedelhistoire.ca\/boutique\/wp-json\/wp\/v2\/product_cat?post=13106"},{"taxonomy":"product_tag","embeddable":true,"href":"https:\/\/www.museedelhistoire.ca\/boutique\/wp-json\/wp\/v2\/product_tag?post=13106"}],"curies":[{"name":"wp","href":"https:\/\/api.w.org\/{rel}","templated":true}]}}