
{"id":13132,"date":"2020-05-11T13:49:28","date_gmt":"2020-05-12T17:49:43","guid":{"rendered":"https:\/\/www.historymuseum.ca\/boutique\/?post_type=product&#038;p=13132"},"modified":"2025-07-08T11:09:01","modified_gmt":"2025-07-08T15:09:01","slug":"cuillere-musicale-grande","status":"publish","type":"product","link":"https:\/\/www.museedelhistoire.ca\/boutique\/produit\/cuillere-musicale-grande\/","title":{"rendered":"Cuill\u00e8re musicale &#8211; Grande"},"content":{"rendered":"","protected":false},"excerpt":{"rendered":"<p>La grande cuill\u00e8re musicale est la taille la plus polyvalente. Son fond plat facilite la modulation et le changement de son. Sa forme allong\u00e9e permet \u00e9galement de jouer des rythmes plus rapides. C&#8217;est la taille pr\u00e9f\u00e9r\u00e9e des musiciens et des percussionnistes.<\/p>\n<ul>\n<li>Fabriqu\u00e9e \u00e0 la main au Canada<\/li>\n<li>Sculpt\u00e9e dans du bois d&#8217;\u00e9rable de premi\u00e8re qualit\u00e9<\/li>\n<li>10,5 pouces de long<\/li>\n<\/ul>\n","protected":false},"featured_media":22138,"comment_status":"open","ping_status":"closed","template":"","meta":{"_acf_changed":false},"product_cat":[615,1349,1629],"product_tag":[1725,1787],"acf":[],"_links":{"self":[{"href":"https:\/\/www.museedelhistoire.ca\/boutique\/wp-json\/wp\/v2\/product\/13132"}],"collection":[{"href":"https:\/\/www.museedelhistoire.ca\/boutique\/wp-json\/wp\/v2\/product"}],"about":[{"href":"https:\/\/www.museedelhistoire.ca\/boutique\/wp-json\/wp\/v2\/types\/product"}],"replies":[{"embeddable":true,"href":"https:\/\/www.museedelhistoire.ca\/boutique\/wp-json\/wp\/v2\/comments?post=13132"}],"wp:featuredmedia":[{"embeddable":true,"href":"https:\/\/www.museedelhistoire.ca\/boutique\/wp-json\/wp\/v2\/media\/22138"}],"wp:attachment":[{"href":"https:\/\/www.museedelhistoire.ca\/boutique\/wp-json\/wp\/v2\/media?parent=13132"}],"wp:term":[{"taxonomy":"product_cat","embeddable":true,"href":"https:\/\/www.museedelhistoire.ca\/boutique\/wp-json\/wp\/v2\/product_cat?post=13132"},{"taxonomy":"product_tag","embeddable":true,"href":"https:\/\/www.museedelhistoire.ca\/boutique\/wp-json\/wp\/v2\/product_tag?post=13132"}],"curies":[{"name":"wp","href":"https:\/\/api.w.org\/{rel}","templated":true}]}}