
{"id":13889,"date":"2020-07-30T11:52:36","date_gmt":"2020-07-30T18:51:28","guid":{"rendered":"https:\/\/www.historymuseum.ca\/boutique\/?post_type=product&#038;p=13889"},"modified":"2024-10-16T17:58:23","modified_gmt":"2024-10-16T21:58:23","slug":"tasse-en-porcelaine-hummingbird-de-maynard-johnny-jr","status":"publish","type":"product","link":"https:\/\/www.museedelhistoire.ca\/boutique\/produit\/tasse-en-porcelaine-hummingbird-de-maynard-johnny-jr\/","title":{"rendered":"Tasse en porcelaine &#8211; Hummingbird de Maynard Johnny Jr."},"content":{"rendered":"<p>Ces tasses color\u00e9es et r\u00e9confortantes sont d\u00e9cor\u00e9es d\u2019un design autochtone moderne et sont parfaites pour faire la grasse matin\u00e9e le dimanche. Emballage cadeau.<br \/>\nL\u2019\u0153uvre <em>Hummingbird<\/em> (Colibri) a \u00e9t\u00e9 cr\u00e9\u00e9e par l\u2019artiste Salish\/Kwakwaka&#8217;wakw, Maynard Johnny Jr.<\/p>\n<p>Des royaut\u00e9s ou un cachet ont \u00e9t\u00e9 vers\u00e9s \u00e0 l&#8217;artiste dans la conception de ces produits.<\/p>\n","protected":false},"excerpt":{"rendered":"<p>Tasse au design autochtone moderne avec une parois externe textur\u00e9e et un d\u00e9cor \u00e0 l\u2019int\u00e9rieur.<br \/>\nContient 354 ml (12 oz.)<br \/>\nVa au micro-onde et au lave-vaisselle.<\/p>\n","protected":false},"featured_media":20743,"comment_status":"open","ping_status":"closed","template":"","meta":{"_acf_changed":false},"product_cat":[2102,1879,615,671,1601],"product_tag":[1663],"acf":[],"_links":{"self":[{"href":"https:\/\/www.museedelhistoire.ca\/boutique\/wp-json\/wp\/v2\/product\/13889"}],"collection":[{"href":"https:\/\/www.museedelhistoire.ca\/boutique\/wp-json\/wp\/v2\/product"}],"about":[{"href":"https:\/\/www.museedelhistoire.ca\/boutique\/wp-json\/wp\/v2\/types\/product"}],"replies":[{"embeddable":true,"href":"https:\/\/www.museedelhistoire.ca\/boutique\/wp-json\/wp\/v2\/comments?post=13889"}],"wp:featuredmedia":[{"embeddable":true,"href":"https:\/\/www.museedelhistoire.ca\/boutique\/wp-json\/wp\/v2\/media\/20743"}],"wp:attachment":[{"href":"https:\/\/www.museedelhistoire.ca\/boutique\/wp-json\/wp\/v2\/media?parent=13889"}],"wp:term":[{"taxonomy":"product_cat","embeddable":true,"href":"https:\/\/www.museedelhistoire.ca\/boutique\/wp-json\/wp\/v2\/product_cat?post=13889"},{"taxonomy":"product_tag","embeddable":true,"href":"https:\/\/www.museedelhistoire.ca\/boutique\/wp-json\/wp\/v2\/product_tag?post=13889"}],"curies":[{"name":"wp","href":"https:\/\/api.w.org\/{rel}","templated":true}]}}