
{"id":13901,"date":"2020-07-30T11:52:33","date_gmt":"2020-07-31T14:56:22","guid":{"rendered":"https:\/\/www.historymuseum.ca\/boutique\/?post_type=product&#038;p=13901"},"modified":"2024-10-16T18:00:38","modified_gmt":"2024-10-16T22:00:38","slug":"soucoupe-de-porcelaine-transforming-eagle-de-ryan-cranmer","status":"publish","type":"product","link":"https:\/\/www.museedelhistoire.ca\/boutique\/produit\/soucoupe-de-porcelaine-transforming-eagle-de-ryan-cranmer\/","title":{"rendered":"Soucoupe en porcelaine &#8211; Transforming Eagle de Ryan Cranmer"},"content":{"rendered":"<p>Ces assiettes color\u00e9es sont d\u00e9cor\u00e9es d\u2019un design autochtone moderne et sont parfaites pour servir le th\u00e9 d\u2019apr\u00e8s-midi. Emballage cadeau.<br \/>\nL\u2019\u0153uvre <em>Transforming Eagle<\/em> (Aigle en transformation) a \u00e9t\u00e9 cr\u00e9\u00e9e par l\u2019artiste Namgis Ryan Cranmer.<\/p>\n<p>Des royaut\u00e9s ou un cachet ont \u00e9t\u00e9 vers\u00e9s \u00e0 l&#8217;artiste dans la conception de ces produits.<\/p>\n","protected":false},"excerpt":{"rendered":"<p>Soucoupes rondes de 14,6 cm (5.75 po) fabriqu\u00e9es individuellement \u00e0 la main et d\u00e9cor\u00e9es d\u2019un design autochtone.<br \/>\nVa au micro-onde et au lave-vaisselle.<\/p>\n","protected":false},"featured_media":21424,"comment_status":"open","ping_status":"closed","template":"","meta":{"_acf_changed":false},"product_cat":[2116,615,671,1607],"product_tag":[1842],"acf":[],"_links":{"self":[{"href":"https:\/\/www.museedelhistoire.ca\/boutique\/wp-json\/wp\/v2\/product\/13901"}],"collection":[{"href":"https:\/\/www.museedelhistoire.ca\/boutique\/wp-json\/wp\/v2\/product"}],"about":[{"href":"https:\/\/www.museedelhistoire.ca\/boutique\/wp-json\/wp\/v2\/types\/product"}],"replies":[{"embeddable":true,"href":"https:\/\/www.museedelhistoire.ca\/boutique\/wp-json\/wp\/v2\/comments?post=13901"}],"wp:featuredmedia":[{"embeddable":true,"href":"https:\/\/www.museedelhistoire.ca\/boutique\/wp-json\/wp\/v2\/media\/21424"}],"wp:attachment":[{"href":"https:\/\/www.museedelhistoire.ca\/boutique\/wp-json\/wp\/v2\/media?parent=13901"}],"wp:term":[{"taxonomy":"product_cat","embeddable":true,"href":"https:\/\/www.museedelhistoire.ca\/boutique\/wp-json\/wp\/v2\/product_cat?post=13901"},{"taxonomy":"product_tag","embeddable":true,"href":"https:\/\/www.museedelhistoire.ca\/boutique\/wp-json\/wp\/v2\/product_tag?post=13901"}],"curies":[{"name":"wp","href":"https:\/\/api.w.org\/{rel}","templated":true}]}}