
{"id":13906,"date":"2020-07-30T11:52:32","date_gmt":"2020-07-31T17:05:17","guid":{"rendered":"https:\/\/www.historymuseum.ca\/boutique\/?post_type=product&#038;p=13906"},"modified":"2024-10-16T18:01:13","modified_gmt":"2024-10-16T22:01:13","slug":"soucoupe-en-porcelaine-hummingbird-de-maynard-johnny-jr","status":"publish","type":"product","link":"https:\/\/www.museedelhistoire.ca\/boutique\/produit\/soucoupe-en-porcelaine-hummingbird-de-maynard-johnny-jr\/","title":{"rendered":"Soucoupe en porcelaine &#8211; Hummingbird de Maynard Johnny Jr."},"content":{"rendered":"<p>Ces assiettes color\u00e9es sont d\u00e9cor\u00e9es d\u2019un design autochtone moderne et sont parfaites pour servir le th\u00e9 d\u2019apr\u00e8s-midi. Emballage cadeau.<br \/>\nL\u2019\u0153uvre <em>Hummingbird<\/em> (Colibri) a \u00e9t\u00e9 cr\u00e9\u00e9e par l\u2019artiste Salish de la c\u00f4te\/Kwakwaka\u2019wakw, Maynard Johnny Jr.<\/p>\n<p>Des royaut\u00e9s ou un cachet ont \u00e9t\u00e9 vers\u00e9s \u00e0 l&#8217;artiste dans la conception de ces produits.<\/p>\n","protected":false},"excerpt":{"rendered":"<p>Soucoupes rondes de 14,6 cm (5.75 po) fabriqu\u00e9es individuellement \u00e0 la main et d\u00e9cor\u00e9es d\u2019un design autochtone.<br \/>\nVa au micro-onde et au lave-vaisselle.<\/p>\n","protected":false},"featured_media":21428,"comment_status":"open","ping_status":"closed","template":"","meta":{"_acf_changed":false},"product_cat":[2102,615,671,1607],"product_tag":[1663],"acf":[],"_links":{"self":[{"href":"https:\/\/www.museedelhistoire.ca\/boutique\/wp-json\/wp\/v2\/product\/13906"}],"collection":[{"href":"https:\/\/www.museedelhistoire.ca\/boutique\/wp-json\/wp\/v2\/product"}],"about":[{"href":"https:\/\/www.museedelhistoire.ca\/boutique\/wp-json\/wp\/v2\/types\/product"}],"replies":[{"embeddable":true,"href":"https:\/\/www.museedelhistoire.ca\/boutique\/wp-json\/wp\/v2\/comments?post=13906"}],"wp:featuredmedia":[{"embeddable":true,"href":"https:\/\/www.museedelhistoire.ca\/boutique\/wp-json\/wp\/v2\/media\/21428"}],"wp:attachment":[{"href":"https:\/\/www.museedelhistoire.ca\/boutique\/wp-json\/wp\/v2\/media?parent=13906"}],"wp:term":[{"taxonomy":"product_cat","embeddable":true,"href":"https:\/\/www.museedelhistoire.ca\/boutique\/wp-json\/wp\/v2\/product_cat?post=13906"},{"taxonomy":"product_tag","embeddable":true,"href":"https:\/\/www.museedelhistoire.ca\/boutique\/wp-json\/wp\/v2\/product_tag?post=13906"}],"curies":[{"name":"wp","href":"https:\/\/api.w.org\/{rel}","templated":true}]}}