
{"id":13943,"date":"2020-07-30T11:52:25","date_gmt":"2020-08-04T13:03:52","guid":{"rendered":"https:\/\/www.historymuseum.ca\/boutique\/?post_type=product&#038;p=13943"},"modified":"2024-10-16T18:06:40","modified_gmt":"2024-10-16T22:06:40","slug":"bol-moyen-en-porcelain-hummingbird-de-maynard-johnny-jr","status":"publish","type":"product","link":"https:\/\/www.museedelhistoire.ca\/boutique\/produit\/bol-moyen-en-porcelain-hummingbird-de-maynard-johnny-jr\/","title":{"rendered":"Bol moyen en porcelain &#8211; Hummingbird de Maynard Johnny Jr."},"content":{"rendered":"<p>Ces bols color\u00e9s et r\u00e9confortants sont d\u00e9cor\u00e9s d\u2019un design autochtone moderne et sont parfaits pour servir un latte ou une soupe festive. Emballage cadeau.<br \/>\nL\u2019\u0153uvre <em>Hummingbird<\/em> (Colibri) a \u00e9t\u00e9 cr\u00e9\u00e9e par l\u2019artiste Salish de la c\u00f4te\/Kwakwaka\u2019wakw, Maynard Johnny Jr.<\/p>\n<p>Des royaut\u00e9s ou un cachet ont \u00e9t\u00e9 vers\u00e9s \u00e0 l&#8217;artiste dans la conception de ces produits.<\/p>\n","protected":false},"excerpt":{"rendered":"<p>Bol \u00ab \u0153uvre d\u2019art \u00bb en porcelaine avec une parois externe textur\u00e9e et une paroi interne d\u00e9cor\u00e9e d\u2019une \u0153uvre d\u2019art.<br \/>\nDimension : diam\u00e8tre de 15.3 cm (6 po) et une hauteur de 7 cm (2,75 po).<\/p>\n","protected":false},"featured_media":22260,"comment_status":"open","ping_status":"closed","template":"","meta":{"_acf_changed":false},"product_cat":[2102,615,671,1607],"product_tag":[1663],"acf":[],"_links":{"self":[{"href":"https:\/\/www.museedelhistoire.ca\/boutique\/wp-json\/wp\/v2\/product\/13943"}],"collection":[{"href":"https:\/\/www.museedelhistoire.ca\/boutique\/wp-json\/wp\/v2\/product"}],"about":[{"href":"https:\/\/www.museedelhistoire.ca\/boutique\/wp-json\/wp\/v2\/types\/product"}],"replies":[{"embeddable":true,"href":"https:\/\/www.museedelhistoire.ca\/boutique\/wp-json\/wp\/v2\/comments?post=13943"}],"wp:featuredmedia":[{"embeddable":true,"href":"https:\/\/www.museedelhistoire.ca\/boutique\/wp-json\/wp\/v2\/media\/22260"}],"wp:attachment":[{"href":"https:\/\/www.museedelhistoire.ca\/boutique\/wp-json\/wp\/v2\/media?parent=13943"}],"wp:term":[{"taxonomy":"product_cat","embeddable":true,"href":"https:\/\/www.museedelhistoire.ca\/boutique\/wp-json\/wp\/v2\/product_cat?post=13943"},{"taxonomy":"product_tag","embeddable":true,"href":"https:\/\/www.museedelhistoire.ca\/boutique\/wp-json\/wp\/v2\/product_tag?post=13943"}],"curies":[{"name":"wp","href":"https:\/\/api.w.org\/{rel}","templated":true}]}}