
{"id":14391,"date":"2020-09-16T14:45:22","date_gmt":"2020-09-16T18:45:49","guid":{"rendered":"https:\/\/www.historymuseum.ca\/boutique\/?post_type=product&#038;p=14391"},"modified":"2024-01-26T10:44:40","modified_gmt":"2024-01-26T15:44:40","slug":"quai-21-une-histoire","status":"publish","type":"product","link":"https:\/\/www.museedelhistoire.ca\/boutique\/produit\/quai-21-une-histoire\/","title":{"rendered":"Quai 21"},"content":{"rendered":"<p><strong>Quai 21 :<br \/>\nUne histoire<br \/>\n<\/strong>par Steven\u00a0Schwinghamer et Jan\u00a0Raska<\/p>\n<p>2020, ISBN : 978-2-760-33140-2<br \/>\nCollection Mercure (Histoire 60)<br \/>\n275 pages, 61 illustrations, 15 x 23 cm, broch\u00e9<\/p>\n<p>Entre 1928 et 1971, pr\u00e8s d\u2019un million de personnes ont immigr\u00e9 par bateau au Canada, plus pr\u00e9cis\u00e9ment au Quai\u00a021 situ\u00e9 \u00e0 Halifax, en Nouvelle-\u00c9cosse. Durant toute cette p\u00e9riode, le Quai\u00a021 a \u00e9t\u00e9 une des principales \u00ab\u2009portes d\u2019entr\u00e9e du Canada\u2009\u00bb, mais aussi le point de d\u00e9barquement de presque 400\u2009000\u00a0militaires qui rentraient au pays apr\u00e8s leur service en Europe durant la Seconde Guerre mondiale. Apr\u00e8s la guerre, le Quai\u00a021 est rapidement devenu la porte d\u2019entr\u00e9e maritime la plus active au Canada. Aujourd\u2019hui encore, bon nombre de Canadiennes et de Canadiens entretiennent des liens particuliers avec le Quai\u00a021, \u00e0 travers leurs ant\u00e9c\u00e9dents familiaux ou les r\u00e9cits d\u2019arriv\u00e9e de leurs parents sur le site.<\/p>\n<p>Depuis 1998, des sp\u00e9cialistes de la recherche du Centre d\u2019interpr\u00e9tation du Quai\u00a021 et du Mus\u00e9e canadien de l\u2019immigration ont men\u00e9 de tr\u00e8s nombreuses entrevues, examin\u00e9 d\u2019innombrables documents d\u2019archives, compil\u00e9 des r\u00e9cits \u00e9crits par des immigrantes et des immigrants et acquis des photographies, des documents et d\u2019autres objets embl\u00e9matiques de l\u2019histoire du Quai\u00a021. Ce livre est le produit de ce long et patient travail de collecte. Il nous r\u00e9v\u00e8le l\u2019histoire de cet immense hangar maritime canadien durant ses ann\u00e9es d\u2019activit\u00e9 et, ult\u00e9rieurement, en tant que lieu historique national, mus\u00e9e et lieu de comm\u00e9moration public.<\/p>\n","protected":false},"excerpt":{"rendered":"<p>Entre 1928 et 1971, pr\u00e8s d\u2019un million de personnes ont immigr\u00e9 par bateau au Canada, plus pr\u00e9cis\u00e9ment au Quai\u00a021 situ\u00e9 \u00e0 Halifax, en Nouvelle-\u00c9cosse. Ce livre nous r\u00e9v\u00e8le l\u2019histoire de cet immense hangar d\u2019immigration maritime canadien durant ses ann\u00e9es d\u2019activit\u00e9 et, ult\u00e9rieurement, son \u00e9mergence comme lieu de comm\u00e9moration public.<\/p>\n","protected":false},"featured_media":22491,"comment_status":"open","ping_status":"closed","template":"","meta":{"_acf_changed":false},"product_cat":[604,631,877,611],"product_tag":[],"acf":[],"_links":{"self":[{"href":"https:\/\/www.museedelhistoire.ca\/boutique\/wp-json\/wp\/v2\/product\/14391"}],"collection":[{"href":"https:\/\/www.museedelhistoire.ca\/boutique\/wp-json\/wp\/v2\/product"}],"about":[{"href":"https:\/\/www.museedelhistoire.ca\/boutique\/wp-json\/wp\/v2\/types\/product"}],"replies":[{"embeddable":true,"href":"https:\/\/www.museedelhistoire.ca\/boutique\/wp-json\/wp\/v2\/comments?post=14391"}],"wp:featuredmedia":[{"embeddable":true,"href":"https:\/\/www.museedelhistoire.ca\/boutique\/wp-json\/wp\/v2\/media\/22491"}],"wp:attachment":[{"href":"https:\/\/www.museedelhistoire.ca\/boutique\/wp-json\/wp\/v2\/media?parent=14391"}],"wp:term":[{"taxonomy":"product_cat","embeddable":true,"href":"https:\/\/www.museedelhistoire.ca\/boutique\/wp-json\/wp\/v2\/product_cat?post=14391"},{"taxonomy":"product_tag","embeddable":true,"href":"https:\/\/www.museedelhistoire.ca\/boutique\/wp-json\/wp\/v2\/product_tag?post=14391"}],"curies":[{"name":"wp","href":"https:\/\/api.w.org\/{rel}","templated":true}]}}