
{"id":14433,"date":"2020-10-01T16:04:32","date_gmt":"2020-10-01T20:08:11","guid":{"rendered":"https:\/\/www.historymuseum.ca\/boutique\/?post_type=product&#038;p=14433"},"modified":"2020-10-02T13:33:54","modified_gmt":"2020-10-02T17:33:54","slug":"sharing-spaces","status":"publish","type":"product","link":"https:\/\/www.museedelhistoire.ca\/boutique\/produit\/sharing-spaces\/","title":{"rendered":"Sharing Spaces"},"content":{"rendered":"<p><strong>Sharing Spaces :<br \/>\nEssays in Honour of Sherry Olson<br \/>\n<\/strong>par Robert Sweeny<\/p>\n<p>2020, ISBN : 978-2-760-62858-5<br \/>\nCollection Mercure (Histoire 59)<br \/>\n214 pages, 46 illustrations, 15 x 23 cm, broch\u00e9<\/p>\n<p>Sherry Olson a presque toujours travaill\u00e9 en \u00e9quipe, incitant ses coll\u00e8gues \u00e0 ancrer leurs recherches dans une compr\u00e9hension empathique de la condition humaine. Cela lui a permis d\u2019offrir des contributions majeures dans un large \u00e9ventail de domaines, notamment l\u2019environnement, les relations sociales, l\u2019urbanisme, le f\u00e9minisme, la sant\u00e9 publique, la d\u00e9mographie et les syst\u00e8mes d\u2019information g\u00e9ographique (SIG).<\/p>\n<p>Dans cet ouvrage, des \u00e9tudes originales viennent s\u2019ajouter \u00e0 l\u2019\u00e9valuation critique qui est faite de l\u2019\u0153uvre de sa vie, permettant ainsi d\u2019approfondir nos connaissances dans ces domaines.<\/p>\n<p>En abordant des sujets allant de l\u2019impact environnemental de la colonisation en Nouvelle-Z\u00e9lande \u00e0 la s\u00e9gr\u00e9gation raciale \u00e0 Chicago, en passant par la d\u00e9mographie de la r\u00e9gion de la Mauricie, les mod\u00e8les matrimoniaux de Qu\u00e9bec et les auberges, les quartiers gais et les logeuses de Montr\u00e9al, ce recueil d\u00e9montre toute la complexit\u00e9 du partage de l\u2019espace dans le pass\u00e9 et son importance cruciale pour une compr\u00e9hension critique des d\u00e9fis globaux de notre \u00e9poque.<\/p>\n<p><em>Le livre est offert en version anglaise seulement.<\/em><\/p>\n","protected":false},"excerpt":{"rendered":"<p>Pendant 60 ans, Sherry Olson a transmis sa passion pour les modes de vie selon les \u00e9poques et les lieux. Elle a offert des contributions majeures dans des domaines vari\u00e9s, notamment l\u2019environnement, les relations sociales, l\u2019urbanisme, le f\u00e9minisme, la sant\u00e9 publique, la d\u00e9mographie et les syst\u00e8mes d\u2019information g\u00e9ographique. Des \u00e9tudes originales de sept coll\u00e8gues travaillant dans ces domaines viennent s\u2019ajouter \u00e0 une \u00e9valuation critique de son \u0153uvre.<\/p>\n","protected":false},"featured_media":22487,"comment_status":"open","ping_status":"closed","template":"","meta":{"_acf_changed":false},"product_cat":[604,877,611],"product_tag":[],"acf":[],"_links":{"self":[{"href":"https:\/\/www.museedelhistoire.ca\/boutique\/wp-json\/wp\/v2\/product\/14433"}],"collection":[{"href":"https:\/\/www.museedelhistoire.ca\/boutique\/wp-json\/wp\/v2\/product"}],"about":[{"href":"https:\/\/www.museedelhistoire.ca\/boutique\/wp-json\/wp\/v2\/types\/product"}],"replies":[{"embeddable":true,"href":"https:\/\/www.museedelhistoire.ca\/boutique\/wp-json\/wp\/v2\/comments?post=14433"}],"wp:featuredmedia":[{"embeddable":true,"href":"https:\/\/www.museedelhistoire.ca\/boutique\/wp-json\/wp\/v2\/media\/22487"}],"wp:attachment":[{"href":"https:\/\/www.museedelhistoire.ca\/boutique\/wp-json\/wp\/v2\/media?parent=14433"}],"wp:term":[{"taxonomy":"product_cat","embeddable":true,"href":"https:\/\/www.museedelhistoire.ca\/boutique\/wp-json\/wp\/v2\/product_cat?post=14433"},{"taxonomy":"product_tag","embeddable":true,"href":"https:\/\/www.museedelhistoire.ca\/boutique\/wp-json\/wp\/v2\/product_tag?post=14433"}],"curies":[{"name":"wp","href":"https:\/\/api.w.org\/{rel}","templated":true}]}}