
{"id":14690,"date":"2020-10-27T10:28:08","date_gmt":"2020-10-27T17:34:38","guid":{"rendered":"https:\/\/www.historymuseum.ca\/boutique\/?post_type=product&#038;p=14690"},"modified":"2024-04-18T09:26:26","modified_gmt":"2024-04-18T13:26:26","slug":"sac-reutilisable-de-letoile-du-matin-dalex-janvier","status":"publish","type":"product","link":"https:\/\/www.museedelhistoire.ca\/boutique\/produit\/sac-reutilisable-de-letoile-du-matin-dalex-janvier\/","title":{"rendered":"Sac r\u00e9utilisable de l&#8217;\u00c9toile du matin d&#8217;Alex Janvier"},"content":{"rendered":"<div class=\"product-description rte\">\n<p>\u2018L\u2019\u00e9toile du matin\u2019 fut r\u00e9alis\u00e9e par l\u2019artiste chipewyan de la nation D\u00e9n\u00e9 de Cold Lake (Alberta) Alex Janvier.<\/p>\n<p>\u00ab\u00a0Les quatres sections de la murale \u00c9toile du matin repr\u00e9sentent la roue m\u00e9dicinale, tr\u00e8s significative dans la culture de plusieurs peuples autochtones. Il y a quatre directions, quatre saisons, quatre \u00e9l\u00e9ments (la terre, le vent, le feu et l\u2019eau), quatre stades de vie (b\u00e9b\u00e9, enfant, adulte et a\u00een\u00e9). Aussi, les Chipewyans utilisaient l\u2019\u00c9toile du matin pour se guider lorsqu\u2019ils voyagaient la nuit.\u00a0\u00bb\u00a0 \u2013\u00a0Alex Janvier<\/p>\n<\/div>\n<p>Le chef d\u2019\u0153uvre d\u2019Alex Janvier peint en 1993, orne le d\u00f4me du salon de la Rivi\u00e8re du Mus\u00e9e. Cette peinture murale s\u2019\u00e9l\u00e8ve \u00e0 une hauteur de sept \u00e9tages au-dessus du salon et s\u2019\u00e9tend sur 418 m2. Janvier l\u2019a r\u00e9alis\u00e9e en un peu plus de trois mois, avec l\u2019aide de son fils Dean.<\/p>\n","protected":false},"excerpt":{"rendered":"<p>Ce sac r\u00e9utilisable est fabriqu\u00e9 \u00e0 100 % de coton non blanchi et d&#8217;encres \u00e0 base d&#8217;eau. Le sac se referme avec une fermeture \u00e9claire et est muni de petits compartiments pratiques \u00e0 l&#8217;int\u00e9rieur.<br \/>\nLe sac est d&#8217;une hauteur de 39,4 cm et d&#8217;une largeur de 35,6 cm. Son \u00e9paisseur est de 10,2 cm.<\/p>\n<p>Des royaut\u00e9s sont pay\u00e9es par notre fournisseur pour chaque produit vendu.<\/p>\n","protected":false},"featured_media":20340,"comment_status":"open","ping_status":"closed","template":"","meta":{"_acf_changed":false},"product_cat":[2163,612,1007,615,933,1003,665],"product_tag":[1009,1641],"acf":[],"_links":{"self":[{"href":"https:\/\/www.museedelhistoire.ca\/boutique\/wp-json\/wp\/v2\/product\/14690"}],"collection":[{"href":"https:\/\/www.museedelhistoire.ca\/boutique\/wp-json\/wp\/v2\/product"}],"about":[{"href":"https:\/\/www.museedelhistoire.ca\/boutique\/wp-json\/wp\/v2\/types\/product"}],"replies":[{"embeddable":true,"href":"https:\/\/www.museedelhistoire.ca\/boutique\/wp-json\/wp\/v2\/comments?post=14690"}],"wp:featuredmedia":[{"embeddable":true,"href":"https:\/\/www.museedelhistoire.ca\/boutique\/wp-json\/wp\/v2\/media\/20340"}],"wp:attachment":[{"href":"https:\/\/www.museedelhistoire.ca\/boutique\/wp-json\/wp\/v2\/media?parent=14690"}],"wp:term":[{"taxonomy":"product_cat","embeddable":true,"href":"https:\/\/www.museedelhistoire.ca\/boutique\/wp-json\/wp\/v2\/product_cat?post=14690"},{"taxonomy":"product_tag","embeddable":true,"href":"https:\/\/www.museedelhistoire.ca\/boutique\/wp-json\/wp\/v2\/product_tag?post=14690"}],"curies":[{"name":"wp","href":"https:\/\/api.w.org\/{rel}","templated":true}]}}