
{"id":14906,"date":"2020-11-17T15:00:41","date_gmt":"2020-11-17T20:54:33","guid":{"rendered":"https:\/\/www.historymuseum.ca\/boutique\/?post_type=product&#038;p=14906"},"modified":"2024-10-16T18:58:49","modified_gmt":"2024-10-16T22:58:49","slug":"journal-les-enfants-du-corbeau-de-bill-reid","status":"publish","type":"product","link":"https:\/\/www.museedelhistoire.ca\/boutique\/produit\/journal-les-enfants-du-corbeau-de-bill-reid\/","title":{"rendered":"Journal &#8211; Les enfants du Corbeau de Bill Reid"},"content":{"rendered":"<p>Bill Reid est probablement l\u2019artiste Haida le plus connu dans le monde. Il est reconnu pour avoir raviv\u00e9 la grande tradition de l\u2019art haida. Il est n\u00e9 \u00e0 Victoria (Colombie-Britannique), en 1928. Reid a amen\u00e9 des techniques innovatrices dans l\u2019art autochtone et est devenu une r\u00e9f\u00e9rence pour la rel\u00e8ve.<\/p>\n<p>L\u2019\u0153uvre \u00ab Les enfants du Corbeau \u00bb a \u00e9t\u00e9 con\u00e7u par Bill Reid en 1976 pour le Mus\u00e9e national de l\u2019Hommne (maintenant le Mus\u00e9e canadien de l\u2019histoire). L\u2019image c\u00e9l\u00e8bre la cr\u00e9ation du monde par Corbeau. Une s\u00e9rie de produits a \u00e9t\u00e9 d\u00e9velopp\u00e9e exclusivement pour le Mus\u00e9e canadien de l\u2019histoire.<\/p>\n<p>L\u2019oeuvre originale figure dans la collection permanente du Mus\u00e9e.<\/p>\n","protected":false},"excerpt":{"rendered":"<p>Le journal est 12 cm (4.75 po) x 17 cm (6.5 po) avec 120 pages lign\u00e9es.<\/p>\n<p>Des royaut\u00e9s sont pay\u00e9es par notre fournisseur pour chaque produit vendu.<\/p>\n","protected":false},"featured_media":14853,"comment_status":"open","ping_status":"closed","template":"","meta":{"_acf_changed":false},"product_cat":[2128,615,1128],"product_tag":[1651,1653,2206],"acf":[],"_links":{"self":[{"href":"https:\/\/www.museedelhistoire.ca\/boutique\/wp-json\/wp\/v2\/product\/14906"}],"collection":[{"href":"https:\/\/www.museedelhistoire.ca\/boutique\/wp-json\/wp\/v2\/product"}],"about":[{"href":"https:\/\/www.museedelhistoire.ca\/boutique\/wp-json\/wp\/v2\/types\/product"}],"replies":[{"embeddable":true,"href":"https:\/\/www.museedelhistoire.ca\/boutique\/wp-json\/wp\/v2\/comments?post=14906"}],"wp:featuredmedia":[{"embeddable":true,"href":"https:\/\/www.museedelhistoire.ca\/boutique\/wp-json\/wp\/v2\/media\/14853"}],"wp:attachment":[{"href":"https:\/\/www.museedelhistoire.ca\/boutique\/wp-json\/wp\/v2\/media?parent=14906"}],"wp:term":[{"taxonomy":"product_cat","embeddable":true,"href":"https:\/\/www.museedelhistoire.ca\/boutique\/wp-json\/wp\/v2\/product_cat?post=14906"},{"taxonomy":"product_tag","embeddable":true,"href":"https:\/\/www.museedelhistoire.ca\/boutique\/wp-json\/wp\/v2\/product_tag?post=14906"}],"curies":[{"name":"wp","href":"https:\/\/api.w.org\/{rel}","templated":true}]}}