
{"id":16210,"date":"2021-02-05T10:31:57","date_gmt":"2021-02-05T15:32:12","guid":{"rendered":"https:\/\/www.historymuseum.ca\/boutique\/?post_type=product&#038;p=16210"},"modified":"2026-02-27T19:50:21","modified_gmt":"2026-02-28T00:50:21","slug":"le-fleche-demele","status":"publish","type":"product","link":"https:\/\/www.museedelhistoire.ca\/boutique\/produit\/le-fleche-demele\/","title":{"rendered":"Le fl\u00e9ch\u00e9 d\u00e9m\u00eal\u00e9"},"content":{"rendered":"<p>Par Carol James (Auteur)<\/p>\n<p>Le fl\u00e9ch\u00e9 d\u00e9m\u00eal\u00e9 est un livre d&#8217;instruction pour d\u00e9butant expliquant les techniques de base du tissage aux doigts.<\/p>\n<p>Ce livre est \u00e9galement disponible en anglais.<\/p>\n","protected":false},"excerpt":{"rendered":"<p>Un manuel illustr\u00e9 pour d\u00e9butants comprenant des mod\u00e8les d\u00e9taill\u00e9s et une explication des erreurs les plus fr\u00e9quentes.<\/p>\n<div class=\"block-description__row\">\n<div class=\"block-description__row-category\">\u00c9diteur : Carol James<\/div>\n<\/div>\n<div class=\"block-description__row\">\n<div class=\"block-description__row-category\">Sujet : tissage &#8211; vannerie &#8211; fl\u00e9ch\u00e9<\/div>\n<\/div>\n<div class=\"block-description__row\">\n<div class=\"block-description__row-category\">Format : broch\u00e9 &#8211; de poche<\/div>\n<\/div>\n<div class=\"block-description__row\">\n<div class=\"block-description__row-value\">\n<div class=\"block-description__row-category\">ISBN : 9780978469511<\/div>\n<div>Pages : 64<\/div>\n<\/div>\n<\/div>\n<div class=\"block-description__row\">\n<div class=\"block-description__row-category\">Date de parution : 2009-12-03<\/div>\n<\/div>\n","protected":false},"featured_media":22199,"comment_status":"open","ping_status":"closed","template":"","meta":{"_acf_changed":false},"product_cat":[604,631],"product_tag":[],"acf":[],"_links":{"self":[{"href":"https:\/\/www.museedelhistoire.ca\/boutique\/wp-json\/wp\/v2\/product\/16210"}],"collection":[{"href":"https:\/\/www.museedelhistoire.ca\/boutique\/wp-json\/wp\/v2\/product"}],"about":[{"href":"https:\/\/www.museedelhistoire.ca\/boutique\/wp-json\/wp\/v2\/types\/product"}],"replies":[{"embeddable":true,"href":"https:\/\/www.museedelhistoire.ca\/boutique\/wp-json\/wp\/v2\/comments?post=16210"}],"wp:featuredmedia":[{"embeddable":true,"href":"https:\/\/www.museedelhistoire.ca\/boutique\/wp-json\/wp\/v2\/media\/22199"}],"wp:attachment":[{"href":"https:\/\/www.museedelhistoire.ca\/boutique\/wp-json\/wp\/v2\/media?parent=16210"}],"wp:term":[{"taxonomy":"product_cat","embeddable":true,"href":"https:\/\/www.museedelhistoire.ca\/boutique\/wp-json\/wp\/v2\/product_cat?post=16210"},{"taxonomy":"product_tag","embeddable":true,"href":"https:\/\/www.museedelhistoire.ca\/boutique\/wp-json\/wp\/v2\/product_tag?post=16210"}],"curies":[{"name":"wp","href":"https:\/\/api.w.org\/{rel}","templated":true}]}}