
{"id":16507,"date":"2021-04-13T12:40:20","date_gmt":"2021-04-13T16:40:33","guid":{"rendered":"https:\/\/www.historymuseum.ca\/boutique\/?post_type=product&#038;p=16507"},"modified":"2021-04-13T15:04:36","modified_gmt":"2021-04-13T19:04:36","slug":"1968-in-canada","status":"publish","type":"product","link":"https:\/\/www.museedelhistoire.ca\/boutique\/produit\/1968-in-canada\/","title":{"rendered":"1968 in Canada"},"content":{"rendered":"<p><strong>1968 in Canada:<br \/>\nA Year and Its Legacies<br \/>\n<\/strong>Sous la direction de Michael K. Hawes, Andrew C. Holman et Christopher Kirkey<\/p>\n<p>2021, ISBN : 978-0-7766-3659-7<br \/>\nCollection Mercure (Histoire 61)<br \/>\n400 pages, 19 illustrations, 15 x 23 cm, broch\u00e9<\/p>\n<p>Au Canada, 1968 fut une ann\u00e9e extraordinaire, distincte de toutes les autres en raison de son rythme d\u2019activit\u00e9s fr\u00e9n\u00e9tique et de leurs incidences sur le d\u00e9veloppement d\u2019une nouvelle conscience nationale au sein de la population canadienne.<\/p>\n<p>L\u2019ann\u00e9e a \u00e9t\u00e9 marqu\u00e9e par des d\u00e9cisions lourdes et contest\u00e9es au Canada et \u00e0 l\u2019ext\u00e9rieur du pays, dont les effets consid\u00e9rables ont eu une port\u00e9e historique. 1968 a vu l\u2019\u00e9mergence d\u2019un grand nombre d\u2019\u00e9v\u00e8nements et de ph\u00e9nom\u00e8nes : la trudeaumanie et la naissance du Parti Qu\u00e9b\u00e9cois; l\u2019articulation d\u2019un nouveau nationalisme au Canada anglais et d\u2019une vision alternative pour les droits et la gouvernance des Autochtones; la tenue d\u2019audiences publiques dans le cadre de la Commission royale d\u2019enqu\u00eate sur la situation des femmes; la cr\u00e9ation du Conseil de la radiodiffusion et des t\u00e9l\u00e9communications canadiennes, l\u2019entr\u00e9e en vigueur du r\u00e9gime national d\u2019assurance-maladie et de la CanLit; les efforts d\u00e9ploy\u00e9s pour \u00e9tablir une nouvelle relation avec les \u00c9tats-Unis tout en d\u00e9veloppant une politique \u00e9trang\u00e8re plus ind\u00e9pendante partout ailleurs, et plus encore. Pratiquement aucun segment de la vie canadienne n\u2019est demeur\u00e9 intouch\u00e9 par la ferveur et les promesses qu\u2019annon\u00e7ait ce changement de g\u00e9n\u00e9ration.<\/p>\n<p>Publi\u00e9 en anglais avec deux chapitres en fran\u00e7ais.<\/p>\n","protected":false},"excerpt":{"rendered":"<p>Au Canada, 1968 fut une ann\u00e9e extraordinaire. Des chercheurs et des chercheuses explorent les principaux \u00e9v\u00e8nements de cette ann\u00e9e marquante, de la mont\u00e9e de la trudeaumanie et du Parti Qu\u00e9b\u00e9cois aux nouvelles visions articul\u00e9es dans le cadre de la Commission royale d\u2019enqu\u00eate sur la situation des femmes, \u00e0 la cr\u00e9ation du Conseil de la radiodiffusion et des t\u00e9l\u00e9communications canadiennes (CRTC), \u00e0 l\u2019entr\u00e9e en vigueur du r\u00e9gime national d\u2019assurance-maladie et de la CanLit, au mouvement pour les droits et la gouvernance des Autochtones, et plus encore.<\/p>\n","protected":false},"featured_media":22485,"comment_status":"open","ping_status":"closed","template":"","meta":{"_acf_changed":false},"product_cat":[604,631,877,611],"product_tag":[],"acf":[],"_links":{"self":[{"href":"https:\/\/www.museedelhistoire.ca\/boutique\/wp-json\/wp\/v2\/product\/16507"}],"collection":[{"href":"https:\/\/www.museedelhistoire.ca\/boutique\/wp-json\/wp\/v2\/product"}],"about":[{"href":"https:\/\/www.museedelhistoire.ca\/boutique\/wp-json\/wp\/v2\/types\/product"}],"replies":[{"embeddable":true,"href":"https:\/\/www.museedelhistoire.ca\/boutique\/wp-json\/wp\/v2\/comments?post=16507"}],"wp:featuredmedia":[{"embeddable":true,"href":"https:\/\/www.museedelhistoire.ca\/boutique\/wp-json\/wp\/v2\/media\/22485"}],"wp:attachment":[{"href":"https:\/\/www.museedelhistoire.ca\/boutique\/wp-json\/wp\/v2\/media?parent=16507"}],"wp:term":[{"taxonomy":"product_cat","embeddable":true,"href":"https:\/\/www.museedelhistoire.ca\/boutique\/wp-json\/wp\/v2\/product_cat?post=16507"},{"taxonomy":"product_tag","embeddable":true,"href":"https:\/\/www.museedelhistoire.ca\/boutique\/wp-json\/wp\/v2\/product_tag?post=16507"}],"curies":[{"name":"wp","href":"https:\/\/api.w.org\/{rel}","templated":true}]}}