
{"id":18064,"date":"2025-06-02T15:33:13","date_gmt":"2021-11-16T20:08:53","guid":{"rendered":"https:\/\/www.historymuseum.ca\/boutique\/?post_type=product&#038;p=18064"},"modified":"2026-02-04T11:02:51","modified_gmt":"2026-02-04T16:02:51","slug":"vestiges-de-guerre","status":"publish","type":"product","link":"https:\/\/www.museedelhistoire.ca\/boutique\/produit\/vestiges-de-guerre\/","title":{"rendered":"Vestiges de guerre"},"content":{"rendered":"<p><em>Vestiges de guerre<\/em> porte sur les exp\u00e9riences et les contributions de Canadiennes aux guerres mondiales par l\u2019entremise d\u2019objets, d\u2019images et de documents d\u2019archives. L\u2019ouvrage pr\u00e9sente l\u2019histoire de femmes qui ont servi dans l\u2019arm\u00e9e, qui ont donn\u00e9 de leur temps, qui ont travaill\u00e9 comme civiles, et qui ont pleur\u00e9 les \u00eatres chers qu\u2019elles ont perdus. Les autrices situent les r\u00e9cits personnels de ces femmes, de m\u00eame que le mat\u00e9riel qui leur est associ\u00e9, dans le vaste contexte des guerres mondiales. Elles d\u00e9montrent aussi que la vie durant un conflit majeur \u00e9tait une exp\u00e9rience personnelle, propre \u00e0 chaque femme. En puisant dans les collections du Mus\u00e9e canadien de la guerre et du Mus\u00e9e canadien de l\u2019histoire, ainsi que dans d\u2019autres collections priv\u00e9es et publiques au Canada, <em>Vestiges de guerre<\/em> fait d\u00e9couvrir au grand public des \u00e9l\u00e9ments de mat\u00e9riel m\u00e9connus, attirant l\u2019attention sur des r\u00e9cits in\u00e9dits de femmes en temps de guerre.<\/p>\n<p><strong>Autrices :<\/strong> Stacey Barker, Krista Cooke, Molly McCullough<br \/>\n<strong>ISBN:<\/strong> 978-2-7603-4481-5<br \/>\n<strong>Langue :<\/strong> Fran\u00e7ais<br \/>\n<strong>Nombre de pages :<\/strong> 380<br \/>\n<strong>Nombre d\u2019illustrations :<\/strong> 102<br \/>\n<strong>Type de couverture :<\/strong> Broch\u00e9<\/p>\n","protected":false},"excerpt":{"rendered":"<p><em>Vestiges de guerre<\/em> pr\u00e9sente l\u2019histoire de femmes qui ont servi dans l\u2019arm\u00e9e. Les autrices situent leurs r\u00e9cits, de m\u00eame que le mat\u00e9riel qui leur est associ\u00e9, dans le contexte des guerres mondiales, puisant dans les collections du Mus\u00e9e canadien de la guerre et du Mus\u00e9e canadien de l\u2019histoire, ainsi que dans d\u2019autres collections priv\u00e9es et publiques au Canada. Ce faisant, elles d\u00e9montrent que la vie durant un conflit majeur \u00e9tait une exp\u00e9rience personnelle, propre \u00e0 chaque femme.<\/p>\n","protected":false},"featured_media":29086,"comment_status":"open","ping_status":"closed","template":"","meta":{"_acf_changed":false},"product_cat":[604,877,611],"product_tag":[1787],"acf":[],"_links":{"self":[{"href":"https:\/\/www.museedelhistoire.ca\/boutique\/wp-json\/wp\/v2\/product\/18064"}],"collection":[{"href":"https:\/\/www.museedelhistoire.ca\/boutique\/wp-json\/wp\/v2\/product"}],"about":[{"href":"https:\/\/www.museedelhistoire.ca\/boutique\/wp-json\/wp\/v2\/types\/product"}],"replies":[{"embeddable":true,"href":"https:\/\/www.museedelhistoire.ca\/boutique\/wp-json\/wp\/v2\/comments?post=18064"}],"wp:featuredmedia":[{"embeddable":true,"href":"https:\/\/www.museedelhistoire.ca\/boutique\/wp-json\/wp\/v2\/media\/29086"}],"wp:attachment":[{"href":"https:\/\/www.museedelhistoire.ca\/boutique\/wp-json\/wp\/v2\/media?parent=18064"}],"wp:term":[{"taxonomy":"product_cat","embeddable":true,"href":"https:\/\/www.museedelhistoire.ca\/boutique\/wp-json\/wp\/v2\/product_cat?post=18064"},{"taxonomy":"product_tag","embeddable":true,"href":"https:\/\/www.museedelhistoire.ca\/boutique\/wp-json\/wp\/v2\/product_tag?post=18064"}],"curies":[{"name":"wp","href":"https:\/\/api.w.org\/{rel}","templated":true}]}}