
{"id":18254,"date":"2021-12-17T00:01:03","date_gmt":"2021-12-03T14:11:20","guid":{"rendered":"https:\/\/www.historymuseum.ca\/boutique\/?post_type=product&#038;p=18254"},"modified":"2026-03-06T02:50:18","modified_gmt":"2026-03-06T07:50:18","slug":"libertees-sacrifiees-la-loi-sur-les-mesures-de-guerre","status":"publish","type":"product","link":"https:\/\/www.museedelhistoire.ca\/boutique\/produit\/libertees-sacrifiees-la-loi-sur-les-mesures-de-guerre\/","title":{"rendered":"Libert\u00e9s sacrifi\u00e9es \u2013 La Loi sur les mesures de guerre"},"content":{"rendered":"<p><strong><em>Libert\u00e9s sacrifi\u00e9es \u2013 La <\/em>Loi sur les mesures de guerre<\/strong><br \/>\npar Xavier G\u00e9linas et M\u00e9lanie Morin-Pelletier<\/p>\n<p>Novembre 2021, ISBN : 978-0-660-34368-6<br \/>\n120 pages, 67 illustrations, 15 cm x 15 cm, broch\u00e9<\/p>\n<p>Comment pr\u00e9server les libert\u00e9s tout en assurant la s\u00e9curit\u00e9 nationale?<\/p>\n<p>Ce catalogue-souvenir explore la suspension des libert\u00e9s civiles au Canada pendant la Premi\u00e8re Guerre mondiale, la Seconde Guerre mondiale et la crise d\u2019Octobre en 1970. Il offre un nouvel \u00e9clairage sur la <em>Loi sur les mesures de guerre<\/em> et ses cons\u00e9quences.<\/p>\n<p>Le livre se penche notamment sur l\u2019internement de Canadiens d\u2019origine ukrainienne et d\u2019autres nationalit\u00e9s pendant la Premi\u00e8re Guerre mondiale, sur l\u2019internement de membres de la communaut\u00e9 italo-canadienne et sur la relocalisation forc\u00e9e et l\u2019internement de Canadiennes-Japonaises et de Canadiens-Japonais pendant la Seconde Guerre mondiale, ainsi que sur l\u2019arrestation de centaines de personnes au Qu\u00e9bec durant la crise d\u2019Octobre, en 1970.<\/p>\n<p><em>Libert\u00e9s sacrifi\u00e9es<\/em> examine les peurs, les tensions sociales et les crises qui ont motiv\u00e9 ces \u00e9v\u00e8nements et pr\u00e9sente les r\u00e9cits poignants d\u2019hommes, de femmes et d\u2019enfants qui les ont v\u00e9cus.<\/p>\n","protected":false},"excerpt":{"rendered":"<p>Ce catalogue-souvenir explore la suspension des libert\u00e9s civiles au Canada pendant la Premi\u00e8re Guerre mondiale, la Seconde Guerre mondiale et la crise d\u2019Octobre en 1970. Il offre un nouvel \u00e9clairage sur la <em>Loi sur les mesures de guerre<\/em> et ses cons\u00e9quences.<\/p>\n","protected":false},"featured_media":22481,"comment_status":"open","ping_status":"closed","template":"","meta":{"_acf_changed":false},"product_cat":[604,611],"product_tag":[1787],"acf":[],"_links":{"self":[{"href":"https:\/\/www.museedelhistoire.ca\/boutique\/wp-json\/wp\/v2\/product\/18254"}],"collection":[{"href":"https:\/\/www.museedelhistoire.ca\/boutique\/wp-json\/wp\/v2\/product"}],"about":[{"href":"https:\/\/www.museedelhistoire.ca\/boutique\/wp-json\/wp\/v2\/types\/product"}],"replies":[{"embeddable":true,"href":"https:\/\/www.museedelhistoire.ca\/boutique\/wp-json\/wp\/v2\/comments?post=18254"}],"wp:featuredmedia":[{"embeddable":true,"href":"https:\/\/www.museedelhistoire.ca\/boutique\/wp-json\/wp\/v2\/media\/22481"}],"wp:attachment":[{"href":"https:\/\/www.museedelhistoire.ca\/boutique\/wp-json\/wp\/v2\/media?parent=18254"}],"wp:term":[{"taxonomy":"product_cat","embeddable":true,"href":"https:\/\/www.museedelhistoire.ca\/boutique\/wp-json\/wp\/v2\/product_cat?post=18254"},{"taxonomy":"product_tag","embeddable":true,"href":"https:\/\/www.museedelhistoire.ca\/boutique\/wp-json\/wp\/v2\/product_tag?post=18254"}],"curies":[{"name":"wp","href":"https:\/\/api.w.org\/{rel}","templated":true}]}}