
{"id":18622,"date":"2022-03-16T10:49:25","date_gmt":"2022-03-22T15:56:43","guid":{"rendered":"https:\/\/www.historymuseum.ca\/boutique\/?post_type=product&#038;p=18622"},"modified":"2022-03-22T11:56:44","modified_gmt":"2022-03-22T15:56:44","slug":"the-far-northeast-3000-bp-to-contact","status":"publish","type":"product","link":"https:\/\/www.museedelhistoire.ca\/boutique\/produit\/the-far-northeast-3000-bp-to-contact\/","title":{"rendered":"The Far Northeast: 3000 BP to Contact"},"content":{"rendered":"<p><strong>The<em> Far Northeast: 3000 BP to Contact<\/em><\/strong><br \/>\npar Kenneth R. Holyoke et M. Gabriel Hrynick<\/p>\n<p>Mars 2022 ,ISBN : 978-0-7766-2965-0 ,<br \/>\n646 pages ,l67 illustrations ,23 x 15 cm ,broch\u00e9<\/p>\n<p>The Far Northeast: 3000 BP to Contact est le premier livre \u00e0 synth\u00e9tiser les recherches arch\u00e9ologiques de tout le Canada atlantique et du nord de la Nouvelle-Angleterre pour la p\u00e9riode allant d\u2019il y a 3 000 ans au contact europ\u00e9en. Ax\u00e9 sur les liens culturels intra et interr\u00e9gionaux, cet ouvrage collectif propose une \u00e9tude de cas approfondie des modes de vie des peuples chasseurs-cueilleurs.<\/p>\n<p>R\u00e9cemment, les notions de \u00ab p\u00e9riode sylvicole \u00bb dans le Nord-Est \u00e9largi ont attir\u00e9 l\u2019attention des sp\u00e9cialistes en raison de la prise de conscience croissante que ses caract\u00e9ristiques \u2014 notamment l\u2019horticulture, la formation de villages, le c\u00e9r\u00e9monial mortuaire et l\u2019av\u00e8nement de diverses techniques \u2014 semblent \u00eatre moins synchrones qu\u2019on le pensait.<\/p>\n<p>En accordant une attention particuli\u00e8re \u00e0 l\u2019extr\u00eame Nord-Est et \u00e0 sa position unique dans le d\u00e9bat sur le Sylvicole, cet ouvrage offre un regard attendu sur l\u2019un des cas les mieux document\u00e9s de persistance et d\u2019adaptation des peuples vivant de chasse et de cueillette \u00e0 la veille du contact avec les Europ\u00e9ens.<\/p>\n<p>R\u00e9dig\u00e9s par des arch\u00e9ologues du milieu universitaire, gouvernemental et de la gestion des ressources culturelles, les dix-sept chapitres du livre s\u2019appuient sur des d\u00e9cennies de recherche sur cette p\u00e9riode, \u00e0 la fois en mati\u00e8re de variabilit\u00e9 r\u00e9gionale et d\u2019int\u00e9gration \u00e0 des mod\u00e8les culturels plus vastes dans le Nord-Est et au-del\u00e0.<\/p>\n<p>The Far Northeast est le premier ouvrage \u00e0 \u00eatre publi\u00e9 sous la banni\u00e8re du 50e anniversaire de la collection Mercure en 2022.<\/p>\n<p>Publi\u00e9 en anglais seulement.<\/p>\n","protected":false},"excerpt":{"rendered":"<p><em>The Far Northeast: 3000 BP to Contact<\/em> est le premier livre \u00e0 synth\u00e9tiser les recherches arch\u00e9ologiques de tout le Canada atlantique et du nord de la Nouvelle-Angleterre pour la p\u00e9riode allant d\u2019il y a 3\u00a0000\u00a0ans au contact europ\u00e9en. En accordant une attention particuli\u00e8re \u00e0 l\u2019extr\u00eame Nord-Est et \u00e0 sa position unique dans le d\u00e9bat sur le Sylvicole, cet ouvrage porte un regard attendu sur l\u2019un des cas les mieux document\u00e9s de persistance et d\u2019adaptation des peuples chasseurs-cueilleurs \u00e0 la veille du contact avec les Europ\u00e9ens.<\/p>\n","protected":false},"featured_media":22477,"comment_status":"open","ping_status":"closed","template":"","meta":{"_acf_changed":false},"product_cat":[604,631,877],"product_tag":[],"acf":[],"_links":{"self":[{"href":"https:\/\/www.museedelhistoire.ca\/boutique\/wp-json\/wp\/v2\/product\/18622"}],"collection":[{"href":"https:\/\/www.museedelhistoire.ca\/boutique\/wp-json\/wp\/v2\/product"}],"about":[{"href":"https:\/\/www.museedelhistoire.ca\/boutique\/wp-json\/wp\/v2\/types\/product"}],"replies":[{"embeddable":true,"href":"https:\/\/www.museedelhistoire.ca\/boutique\/wp-json\/wp\/v2\/comments?post=18622"}],"wp:featuredmedia":[{"embeddable":true,"href":"https:\/\/www.museedelhistoire.ca\/boutique\/wp-json\/wp\/v2\/media\/22477"}],"wp:attachment":[{"href":"https:\/\/www.museedelhistoire.ca\/boutique\/wp-json\/wp\/v2\/media?parent=18622"}],"wp:term":[{"taxonomy":"product_cat","embeddable":true,"href":"https:\/\/www.museedelhistoire.ca\/boutique\/wp-json\/wp\/v2\/product_cat?post=18622"},{"taxonomy":"product_tag","embeddable":true,"href":"https:\/\/www.museedelhistoire.ca\/boutique\/wp-json\/wp\/v2\/product_tag?post=18622"}],"curies":[{"name":"wp","href":"https:\/\/api.w.org\/{rel}","templated":true}]}}