
{"id":19186,"date":"2022-09-01T08:16:09","date_gmt":"2022-09-01T12:16:21","guid":{"rendered":"https:\/\/www.historymuseum.ca\/boutique\/?post_type=product&#038;p=19186"},"modified":"2026-03-06T02:50:17","modified_gmt":"2026-03-06T07:50:17","slug":"de-pepinot-a-la-pat-patrouillemd-notre-enfance-televisuelle","status":"publish","type":"product","link":"https:\/\/www.museedelhistoire.ca\/boutique\/produit\/de-pepinot-a-la-pat-patrouillemd-notre-enfance-televisuelle\/","title":{"rendered":"De P\u00e9pinot \u00e0 La Pat\u2019 PatrouilleMD \u2013 Notre enfance t\u00e9l\u00e9visuelle"},"content":{"rendered":"<p><strong>De <em>P\u00e9pinot <\/em>\u00e0 <em>La Pat\u2019 Patrouille<\/em><sup>MD<\/sup> \u2013 Notre enfance t\u00e9l\u00e9visuelle\u00a0 \u00a0 \u00a0 \u00a0 \u00a0 \u00a0 \u00a0 \u00a0 \u00a0 \u00a0 \u00a0 \u00a0 \u00a0 \u00a0 \u00a0 \u00a0 \u00a0 \u00a0 \u00a0 \u00a0 \u00a0 \u00a0 \u00a0 \u00a0 \u00a0 \u00a0 \u00a0 \u00a0 \u00a0 \u00a0 \u00a0 \u00a0 \u00a0 \u00a0 \u00a0 \u00a0 \u00a0 \u00a0 \u00a0 \u00a0 \u00a0 \u00a0 \u00a0 \u00a0 \u00a0 \u00a0 \u00a0 \u00a0 \u00a0 \u00a0 \u00a0 \u00a0 \u00a0 \u00a0 \u00a0 \u00a0 \u00a0 \u00a0 \u00a0 \u00a0 \u00a0 \u00a0 \u00a0 \u00a0 \u00a0 \u00a0 \u00a0 \u00a0 \u00a0 \u00a0 \u00a0 \u00a0 \u00a0 \u00a0 \u00a0 \u00a0 \u00a0 \u00a0 \u00a0 \u00a0 \u00a0 \u00a0 \u00a0 \u00a0 \u00a0 \u00a0 \u00a0 \u00a0 \u00a0 \u00a0 \u00a0 \u00a0 \u00a0 \u00a0 \u00a0 \u00a0 \u00a0 \u00a0 \u00a0 \u00a0 \u00a0 \u00a0 \u00a0 \u00a0 \u00a0 \u00a0 \u00a0<\/strong>par Olivier C\u00f4t\u00e9 et Claire Champ<\/p>\n<p>Septembre 2022, ISBN : 978-0-660-41588-8<br \/>\n120 pages, 100 illustrations, 15 cm x 15 cm, broch\u00e9<\/p>\n<p>Soixante-dix ans d\u2019\u00e9missions de t\u00e9l\u00e9vision canadiennes pour enfants<\/p>\n<p>La production d\u2019\u00e9missions t\u00e9l\u00e9vis\u00e9es pour enfants au Canada a commenc\u00e9 en 1952 avec <em>P\u00e9pinot et Capucine<\/em>, en fran\u00e7ais, et <em>Let\u2019s See<\/em>, en anglais. Des \u00e9missions autochtones ont suivi, comme <em>Takuginai<\/em>. Au fil des ans, des personnages bienaim\u00e9s ont invit\u00e9 les enfants \u00e0 utiliser leur imagination et \u00e0 se rapprocher de leur communaut\u00e9, tout en leur apprenant \u00e0 lire, \u00e0 \u00e9crire, \u00e0 compter et \u00e0 chanter.<\/p>\n<p>Ce catalogue-souvenir pr\u00e9sente des \u00e9missions de t\u00e9l\u00e9vision novatrices produites au Canada. En plus d\u2019images tir\u00e9es d\u2019\u00e9missions, il comprend des photographies de marionnettes et de costumes originaux, ainsi que du contenu qui explore l\u2019\u00e9volution des \u00e9missions t\u00e9l\u00e9vis\u00e9es pour enfants. De quoi plaire \u00e0 tout le monde, aux tr\u00e8s jeunes comme aux jeunes de c\u0153ur!<\/p>\n","protected":false},"excerpt":{"rendered":"<p>Ce catalogue-souvenir pr\u00e9sente des \u00e9missions de t\u00e9l\u00e9vision novatrices produites au Canada. En plus d\u2019images tir\u00e9es d\u2019\u00e9missions, il comprend des photographies de marionnettes et de costumes originaux, ainsi que du contenu qui explore l\u2019\u00e9volution des \u00e9missions t\u00e9l\u00e9vis\u00e9es pour enfants. De quoi plaire \u00e0 tout le monde, aux tr\u00e8s jeunes comme aux jeunes de c\u0153ur!<\/p>\n","protected":false},"featured_media":22472,"comment_status":"open","ping_status":"closed","template":"","meta":{"_acf_changed":false},"product_cat":[604,611],"product_tag":[1787],"acf":[],"_links":{"self":[{"href":"https:\/\/www.museedelhistoire.ca\/boutique\/wp-json\/wp\/v2\/product\/19186"}],"collection":[{"href":"https:\/\/www.museedelhistoire.ca\/boutique\/wp-json\/wp\/v2\/product"}],"about":[{"href":"https:\/\/www.museedelhistoire.ca\/boutique\/wp-json\/wp\/v2\/types\/product"}],"replies":[{"embeddable":true,"href":"https:\/\/www.museedelhistoire.ca\/boutique\/wp-json\/wp\/v2\/comments?post=19186"}],"wp:featuredmedia":[{"embeddable":true,"href":"https:\/\/www.museedelhistoire.ca\/boutique\/wp-json\/wp\/v2\/media\/22472"}],"wp:attachment":[{"href":"https:\/\/www.museedelhistoire.ca\/boutique\/wp-json\/wp\/v2\/media?parent=19186"}],"wp:term":[{"taxonomy":"product_cat","embeddable":true,"href":"https:\/\/www.museedelhistoire.ca\/boutique\/wp-json\/wp\/v2\/product_cat?post=19186"},{"taxonomy":"product_tag","embeddable":true,"href":"https:\/\/www.museedelhistoire.ca\/boutique\/wp-json\/wp\/v2\/product_tag?post=19186"}],"curies":[{"name":"wp","href":"https:\/\/api.w.org\/{rel}","templated":true}]}}