
{"id":19828,"date":"2023-03-15T11:57:15","date_gmt":"2023-03-16T15:48:29","guid":{"rendered":"https:\/\/www.historymuseum.ca\/boutique\/?post_type=product&#038;p=19828"},"modified":"2023-03-16T11:48:39","modified_gmt":"2023-03-16T15:48:39","slug":"marius-barbeaus-vitalist-ethnology","status":"publish","type":"product","link":"https:\/\/www.museedelhistoire.ca\/boutique\/produit\/marius-barbeaus-vitalist-ethnology\/","title":{"rendered":"Marius Barbeau\u2019s Vitalist Ethnology"},"content":{"rendered":"<p><strong><em>Marius Barbeau\u2019s Vitalist Ethnology<\/em><\/strong><br \/>\nby : Frances M. Slaney<\/p>\n<p>Mars 2023, ISBN: 978-0-7766-3712-9<br \/>\nCollection Mercure,Histoire 63<br \/>\n499 p.,79 illustrations,15 x 23 cm,broch\u00e9 (en anglais seulement)<\/p>\n<p>&nbsp;<\/p>\n<p>Ce livre porte sur la carri\u00e8re de Marius Barbeau au Mus\u00e9e national du Canada (aujourd\u2019hui le Mus\u00e9e canadien de l\u2019histoire), \u00e0 la lumi\u00e8re de la formation qu\u2019il a re\u00e7ue \u00e0 Oxford et \u00e0 Paris de 1907 \u00e0 1911.<\/p>\n<p>S\u2019appuyant sur des recherches archivistiques men\u00e9es en Angleterre, en France et au Canada, Marius Barbeau\u2019s Vitalist Ethnology explore la formation anthropologique de Marius Barbeau \u00e0 travers ses notes de cours, prises m\u00e9ticuleusement, ainsi que par l\u2019entremise de photographies d\u2019\u00e9poques provenant du Pitt Rivers Museum et de Biblioth\u00e8que et Archives nationales du Qu\u00e9bec. L\u2019ouvrage s\u2019appuie \u00e9galement sur la correspondance professionnelle de Marius Barbeau, conserv\u00e9e par Biblioth\u00e8que et Archives Canada, les BC Archives et, plus particuli\u00e8rement, le Mus\u00e9e national, o\u00f9 il a \u0153uvr\u00e9 pendant plus de quatre d\u00e9cennies.<\/p>\n<p>L\u2019autrice Frances M. Slaney jette un nouvel \u00e9clairage sur la vie professionnelle de ce pionnier de l\u2019anthropologie canadienne en explorant aussi sa relation de travail tumultueuse avec Edward Sapir, ses collaborations avec Franz Boas et son travail de terrain men\u00e9 dans le Qu\u00e9bec rural et aupr\u00e8s de communaut\u00e9s autochtones de la c\u00f4te nord-ouest de la Colombie-Britannique.<\/p>\n<p>L\u2019antropologue huronne-wendat Linda R. Sioui signe la pr\u00e9face de cet ouvrage.<\/p>\n","protected":false},"excerpt":{"rendered":"<p>S\u2019appuyant sur des recherches archivistiques men\u00e9es en Angleterre, en France et au Canada, <em>Marius Barbeau\u2019s Vitalist Ethnology <\/em>explore la formation anthropologique de Marius\u00a0Barbeau \u00e0 travers ses notes de cours, prises m\u00e9ticuleusement, ainsi que par l\u2019entremise de photographies d\u2019\u00e9poques provenant du Pitt Rivers Museum et de Biblioth\u00e8que et Archives nationales du Qu\u00e9bec. L\u2019ouvrage s\u2019appuie \u00e9galement sur la correspondance professionnelle de Marius\u00a0Barbeau, conserv\u00e9e par Biblioth\u00e8que et Archives Canada, les BC Archives et, plus particuli\u00e8rement, le Mus\u00e9e national, o\u00f9 il a \u0153uvr\u00e9 pendant plus de quatre d\u00e9cennies.<\/p>\n","protected":false},"featured_media":22470,"comment_status":"open","ping_status":"closed","template":"","meta":{"_acf_changed":false},"product_cat":[604,877,611],"product_tag":[],"acf":[],"_links":{"self":[{"href":"https:\/\/www.museedelhistoire.ca\/boutique\/wp-json\/wp\/v2\/product\/19828"}],"collection":[{"href":"https:\/\/www.museedelhistoire.ca\/boutique\/wp-json\/wp\/v2\/product"}],"about":[{"href":"https:\/\/www.museedelhistoire.ca\/boutique\/wp-json\/wp\/v2\/types\/product"}],"replies":[{"embeddable":true,"href":"https:\/\/www.museedelhistoire.ca\/boutique\/wp-json\/wp\/v2\/comments?post=19828"}],"wp:featuredmedia":[{"embeddable":true,"href":"https:\/\/www.museedelhistoire.ca\/boutique\/wp-json\/wp\/v2\/media\/22470"}],"wp:attachment":[{"href":"https:\/\/www.museedelhistoire.ca\/boutique\/wp-json\/wp\/v2\/media?parent=19828"}],"wp:term":[{"taxonomy":"product_cat","embeddable":true,"href":"https:\/\/www.museedelhistoire.ca\/boutique\/wp-json\/wp\/v2\/product_cat?post=19828"},{"taxonomy":"product_tag","embeddable":true,"href":"https:\/\/www.museedelhistoire.ca\/boutique\/wp-json\/wp\/v2\/product_tag?post=19828"}],"curies":[{"name":"wp","href":"https:\/\/api.w.org\/{rel}","templated":true}]}}