
{"id":19835,"date":"2023-03-15T12:16:56","date_gmt":"2023-03-16T15:47:32","guid":{"rendered":"https:\/\/www.historymuseum.ca\/boutique\/?post_type=product&#038;p=19835"},"modified":"2023-03-16T11:47:32","modified_gmt":"2023-03-16T15:47:32","slug":"the-history-and-archaeology-of-the-iroquois-du-nord","status":"publish","type":"product","link":"https:\/\/www.museedelhistoire.ca\/boutique\/produit\/the-history-and-archaeology-of-the-iroquois-du-nord\/","title":{"rendered":"The History and Archaeology of the Iroquois du Nord"},"content":{"rendered":"<p><strong><em>The History and Archaeology of the Iroquois du Nord<\/em><\/strong><br \/>\nby Robert von Bitter and Ronald F. Williamson<\/p>\n<p>Mars 2023, ISBN: 978-0-7766-3980-2<br \/>\ncollection Mercure ,Arch\u00e9ologie\u00a0182<br \/>\n357 pages,102 illustrations,6 \u00d7 9 in.,broch\u00e9 (en anglais seulement)<\/p>\n<p>&nbsp;<\/p>\n<p>\u00c0 la fin des ann\u00e9es\u00a01660 et au d\u00e9but des ann\u00e9es\u00a01670, les Haudenosaunee ont peupl\u00e9 des lieux strat\u00e9giques le long de routes commerciales \u00e0 l\u2019int\u00e9\u00adrieur des terres, non loin de la rive nord du lac Ontario. D\u2019est en ouest, il s\u2019agissait de Ganneious, \u00e0 l\u2019emplacement de Napanee ou de la baie\u00a0Hay, sur la baie de Quinte; de Kent\u00e9, pr\u00e8s de l\u2019isthme de la p\u00e9ninsule de Quinte; de Ganarask\u00e9, \u00e0 l\u2019embouchure de la rivi\u00e8re Ganaraska; de Quintio, sur le lac Rice; de Ganatsekwyagon, pr\u00e8s de l\u2019embouchure de la rivi\u00e8re Rouge; de Teiaiagon, pr\u00e8s de l\u2019embouchure de la rivi\u00e8re Humber; et de Outinaouatoua, devant la pointe ouest du lac Ontario et de la rivi\u00e8re Grande. Si les membres de la communaut\u00e9 d\u2019Outinaouatoua ne semblent pas avoir fait partie d\u2019un groupe pr\u00e9cis, ceux de Ganatsekwyagon et de Teiaiagon \u00e9taient des S\u00e9n\u00e9cas; ceux de Ganarask\u00e9, de Kent\u00e9 et de Quintio des Cayugas; et ceux de Ganneious des On\u00e9idas. Toutefois, selon des r\u00e9cits document\u00e9s, des personnes de territoires haudenosaunee ainsi que d\u2019anciens Iroquoiens du Saint-Laurent adopt\u00e9s par les Haudenosaunee y \u00e9taient \u00e9tablis.<\/p>\n<p>&nbsp;<\/p>\n<p>Ces peuplements autosuffisants servaient de bases pour leurs habitants, mais aussi de halte lors du passage des Haudenosaunee de la rive sud chassant le castor au-del\u00e0 des Grands Lacs inf\u00e9rieurs. Ils pourraient aussi avoir agi comme des \u00ab\u00a0postes de p\u00e9age\u00a0\u00bb pour les brigades des fourrures des Anishinab\u00e9s permettant aux Haudenosaunee de contr\u00f4ler le flux de ce produit vers Albany. Il a \u00e9t\u00e9 sugg\u00e9r\u00e9 en outre que le harc\u00e8lement continu des Andastes\/Susquehannock sur la rive sud du lac Ontario aurait pouss\u00e9 des Cayugas et, peut-\u00eatre, des S\u00e9n\u00e9cas et On\u00e9idas, \u00e0 se d\u00e9placer au nord. En raison de son emplacement, un de ces villages abritait la mission sulpicienne Kent\u00e9, ou Quinte. Fond\u00e9e par les abb\u00e9s Claude\u00a0Trouv\u00e9 et Fran\u00e7ois\u00a0de\u00a0Salignac de la Mothe-F\u00e9nelon en 1668, celle-ci a accueilli plusieurs sulpiciens visitant les villages de la c\u00f4te nord pendant la d\u00e9cennie suivante. En 1676, l\u2019abb\u00e9 Mariet a \u00e9tabli une filiale \u00e0 Teiaiagon. En 1688, la plupart des villages de la rive nord auraient \u00e9t\u00e9 abandonn\u00e9s. Bien qu\u2019une relocalisation ait sans doute \u00e9t\u00e9 requise apr\u00e8s 20\u00a0ans, leur d\u00e9population aurait \u00e9t\u00e9 acc\u00e9l\u00e9r\u00e9e par les conflits avec les Anishinab\u00e9s et par la campagne de Denonville contre leurs territoires ancestraux en 1687.<\/p>\n<p>&nbsp;<\/p>\n<p>Cet ouvrage r\u00e9unit le savoir autochtone et des donn\u00e9es documentaires et arch\u00e9ologiques r\u00e9centes sur cette p\u00e9riode. Les autrices et les auteurs se penchent sur le contexte historique de ces peuplements et les efforts d\u00e9ploy\u00e9s pour les trouver, ainsi que sur la culture mat\u00e9rielle unique li\u00e9e \u00e0 ces lieux et \u00e0 des communaut\u00e9s similaires sur le territoire ancestral des Haudenosaunee.<\/p>\n<p>&nbsp;<\/p>\n","protected":false},"excerpt":{"rendered":"<p>\u00c0 la fin des ann\u00e9es\u00a01660 et au d\u00e9but des ann\u00e9es\u00a01670, les Haudenosaunee ont peupl\u00e9 des lieux strat\u00e9giques le long de routes commerciales \u00e0 l\u2019int\u00e9\u00adrieur des terres, non loin de la rive nord du lac Ontario. Cet ouvrage r\u00e9unit le savoir autochtone et des donn\u00e9es documentaires et arch\u00e9ologiques r\u00e9centes sur cette p\u00e9riode. Les autrices et les auteurs se penchent sur le contexte historique de ces peuplements et les efforts d\u00e9ploy\u00e9s pour les trouver, ainsi que sur la culture mat\u00e9rielle unique li\u00e9e \u00e0 ces lieux et \u00e0 des communaut\u00e9s similaires sur le territoire ancestral des Haudenosaunee.<\/p>\n","protected":false},"featured_media":22468,"comment_status":"open","ping_status":"closed","template":"","meta":{"_acf_changed":false},"product_cat":[604,877,611],"product_tag":[],"acf":[],"_links":{"self":[{"href":"https:\/\/www.museedelhistoire.ca\/boutique\/wp-json\/wp\/v2\/product\/19835"}],"collection":[{"href":"https:\/\/www.museedelhistoire.ca\/boutique\/wp-json\/wp\/v2\/product"}],"about":[{"href":"https:\/\/www.museedelhistoire.ca\/boutique\/wp-json\/wp\/v2\/types\/product"}],"replies":[{"embeddable":true,"href":"https:\/\/www.museedelhistoire.ca\/boutique\/wp-json\/wp\/v2\/comments?post=19835"}],"wp:featuredmedia":[{"embeddable":true,"href":"https:\/\/www.museedelhistoire.ca\/boutique\/wp-json\/wp\/v2\/media\/22468"}],"wp:attachment":[{"href":"https:\/\/www.museedelhistoire.ca\/boutique\/wp-json\/wp\/v2\/media?parent=19835"}],"wp:term":[{"taxonomy":"product_cat","embeddable":true,"href":"https:\/\/www.museedelhistoire.ca\/boutique\/wp-json\/wp\/v2\/product_cat?post=19835"},{"taxonomy":"product_tag","embeddable":true,"href":"https:\/\/www.museedelhistoire.ca\/boutique\/wp-json\/wp\/v2\/product_tag?post=19835"}],"curies":[{"name":"wp","href":"https:\/\/api.w.org\/{rel}","templated":true}]}}