
{"id":20224,"date":"2023-07-19T10:49:29","date_gmt":"2023-07-19T14:49:37","guid":{"rendered":"https:\/\/www.historymuseum.ca\/boutique\/?post_type=product&#038;p=20224"},"modified":"2023-07-19T10:49:38","modified_gmt":"2023-07-19T14:49:38","slug":"ourson-timothy-du-musee-canadien-des-enfants","status":"publish","type":"product","link":"https:\/\/www.museedelhistoire.ca\/boutique\/produit\/ourson-timothy-du-musee-canadien-des-enfants\/","title":{"rendered":"Ourson Timothy du Mus\u00e9e Canadien des Enfants"},"content":{"rendered":"<p>Apportez la magie du Mus\u00e9e des Enfants chez vous, avec l&#8217;ourson Timothy, un adorable compagnon qui incarne la joie et l&#8217;\u00e9merveillement de l&#8217;enfance. Ne manquez pas l&#8217;occasion d&#8217;avoir cet adorable ours en peluche souvenir, car il deviendra \u00e0 coup s\u00fbr un membre ch\u00e9ri de votre famille et un rappel de votre exp\u00e9rience inoubliable au Mus\u00e9e des Enfants. Pr\u00e9sentez-le fi\u00e8rement sur une \u00e9tag\u00e8re ou serrez-le contre vous pendant les histoires du soir, cr\u00e9ant des moments pr\u00e9cieux qui resteront grav\u00e9s dans votre m\u00e9moire pendant des ann\u00e9es.<\/p>\n","protected":false},"excerpt":{"rendered":"<p>L&#8217;ourson Timothy est le compagnon id\u00e9al pour les c\u00e2lins et un merveilleux souvenir de votre visite au Mus\u00e9e des enfants ! Il est v\u00eatu d&#8217;un t-shirt blanc orn\u00e9 du logo embl\u00e9matique du Mus\u00e9e des Enfants.<\/p>\n<p>Dimensions : 8&#8243; de haut<\/p>\n","protected":false},"featured_media":20211,"comment_status":"open","ping_status":"closed","template":"","meta":{"_acf_changed":false},"product_cat":[2163,2155,1631],"product_tag":[],"acf":[],"_links":{"self":[{"href":"https:\/\/www.museedelhistoire.ca\/boutique\/wp-json\/wp\/v2\/product\/20224"}],"collection":[{"href":"https:\/\/www.museedelhistoire.ca\/boutique\/wp-json\/wp\/v2\/product"}],"about":[{"href":"https:\/\/www.museedelhistoire.ca\/boutique\/wp-json\/wp\/v2\/types\/product"}],"replies":[{"embeddable":true,"href":"https:\/\/www.museedelhistoire.ca\/boutique\/wp-json\/wp\/v2\/comments?post=20224"}],"wp:featuredmedia":[{"embeddable":true,"href":"https:\/\/www.museedelhistoire.ca\/boutique\/wp-json\/wp\/v2\/media\/20211"}],"wp:attachment":[{"href":"https:\/\/www.museedelhistoire.ca\/boutique\/wp-json\/wp\/v2\/media?parent=20224"}],"wp:term":[{"taxonomy":"product_cat","embeddable":true,"href":"https:\/\/www.museedelhistoire.ca\/boutique\/wp-json\/wp\/v2\/product_cat?post=20224"},{"taxonomy":"product_tag","embeddable":true,"href":"https:\/\/www.museedelhistoire.ca\/boutique\/wp-json\/wp\/v2\/product_tag?post=20224"}],"curies":[{"name":"wp","href":"https:\/\/api.w.org\/{rel}","templated":true}]}}