
{"id":20379,"date":"2023-08-10T11:21:16","date_gmt":"2023-08-16T12:41:28","guid":{"rendered":"https:\/\/www.historymuseum.ca\/boutique\/?post_type=product&#038;p=20379"},"modified":"2024-04-17T15:06:08","modified_gmt":"2024-04-17T19:06:08","slug":"linge-a-vaiselle-en-micro-fibre-etoile-du-matin-par-alex-janvier","status":"publish","type":"product","link":"https:\/\/www.museedelhistoire.ca\/boutique\/produit\/linge-a-vaiselle-en-micro-fibre-etoile-du-matin-par-alex-janvier\/","title":{"rendered":"Linge \u00e0 Vaiselle en Micro Fibre \u00c9toile du Matin par Alex Janvier"},"content":{"rendered":"<p>Fabriqu\u00e9 \u00e0 partir d&#8217;une technologie microfibre de pointe, le linge \u00e0 vaiselle offre des capacit\u00e9s d&#8217;absorption in\u00e9gal\u00e9es tout en restant sans peluches. D&#8217;une taille de 70 cm x 50 cm, cet essuie-tout est polyvalent et permet d&#8217;absorber les liquides renvers\u00e9s, de s\u00e9cher la vaisselle et d&#8217;ajouter une touche d&#8217;\u00e9l\u00e9gance \u00e0 n&#8217;importe quel espace culinaire. Sa technologie microfibre sup\u00e9rieure assure une absorption efficace de l&#8217;humidit\u00e9, tandis que sa nature non pelucheuse garantit une finition impeccable de la vaisselle en verre et des surfaces.<\/p>\n<p>Le chef-d&#8217;\u0153uvre d&#8217;Alex Janvier repr\u00e9sente les quatre points cardinaux, le rythme des saisons et l&#8217;harmonie des \u00e9l\u00e9ments &#8211; la terre, le vent, le feu et l&#8217;eau. Il illustre avec talent les \u00e9tapes de la vie : la petite enfance, l&#8217;enfance, l&#8217;\u00e2ge adulte et la vieillesse. Outre sa signification artistique, l&#8217;\u00e9toile du matin a une importance historique en tant que guide c\u00e9leste utilis\u00e9 par les D\u00e9n\u00e9sulines lors de leurs voyages nocturnes.<\/p>\n<p>Apportez une touche d&#8217;art indig\u00e8ne dans votre maison tout en profitant de la convivialit\u00e9 d&#8217;un linge \u00e0 vaisselle performant et facile d&#8217;entretien.<\/p>\n","protected":false},"excerpt":{"rendered":"<p>Rehaussez la d\u00e9coration de votre cuisine avec notre linge \u00e0 vaisselle en microfibre illustr\u00e9 par l&#8217;artiste autochtone Denesuline et Saulteaux Alex Janvier. Le chef-d&#8217;\u0153uvre \u00ab \u00c9toile du matin \u00bb est un hommage \u00e0 l&#8217;h\u00e9ritage culturel et incarne l&#8217;essence de la roue de m\u00e9decine, un embl\u00e8me important pour de nombreuses communaut\u00e9s autochtones.<\/p>\n<p>Dimensions : 70 cm x 50 cm (27,5 x 20 in)<\/p>\n<p>Des royaut\u00e9s sont pay\u00e9es par notre fournisseur pour chaque produit vendu.<\/p>\n","protected":false},"featured_media":20373,"comment_status":"open","ping_status":"closed","template":"","meta":{"_acf_changed":false},"product_cat":[612,1007,615,933,671,1605],"product_tag":[1009,1641],"acf":[],"_links":{"self":[{"href":"https:\/\/www.museedelhistoire.ca\/boutique\/wp-json\/wp\/v2\/product\/20379"}],"collection":[{"href":"https:\/\/www.museedelhistoire.ca\/boutique\/wp-json\/wp\/v2\/product"}],"about":[{"href":"https:\/\/www.museedelhistoire.ca\/boutique\/wp-json\/wp\/v2\/types\/product"}],"replies":[{"embeddable":true,"href":"https:\/\/www.museedelhistoire.ca\/boutique\/wp-json\/wp\/v2\/comments?post=20379"}],"wp:featuredmedia":[{"embeddable":true,"href":"https:\/\/www.museedelhistoire.ca\/boutique\/wp-json\/wp\/v2\/media\/20373"}],"wp:attachment":[{"href":"https:\/\/www.museedelhistoire.ca\/boutique\/wp-json\/wp\/v2\/media?parent=20379"}],"wp:term":[{"taxonomy":"product_cat","embeddable":true,"href":"https:\/\/www.museedelhistoire.ca\/boutique\/wp-json\/wp\/v2\/product_cat?post=20379"},{"taxonomy":"product_tag","embeddable":true,"href":"https:\/\/www.museedelhistoire.ca\/boutique\/wp-json\/wp\/v2\/product_tag?post=20379"}],"curies":[{"name":"wp","href":"https:\/\/api.w.org\/{rel}","templated":true}]}}