
{"id":20402,"date":"2023-08-10T16:01:29","date_gmt":"2023-08-16T12:18:16","guid":{"rendered":"https:\/\/www.historymuseum.ca\/boutique\/?post_type=product&#038;p=20402"},"modified":"2026-01-17T10:47:09","modified_gmt":"2026-01-17T15:47:09","slug":"linge-a-vaiselle-en-microfibre-etoile-du-matin-dalex-janvier","status":"publish","type":"product","link":"https:\/\/www.museedelhistoire.ca\/boutique\/produit\/linge-a-vaiselle-en-microfibre-etoile-du-matin-dalex-janvier\/","title":{"rendered":"Carte \u00c9toile du matin par Alex Janvier"},"content":{"rendered":"<p>Puisant dans ses racines indig\u00e8nes, le parcours cr\u00e9atif d&#8217;Alex Janvier culmine dans &#8220;Morning Star&#8221;. L&#8217;anneau ext\u00e9rieur de la peinture repr\u00e9sente diff\u00e9rentes \u00e9poques de l&#8217;histoire autochtone : le jaune symbolise l&#8217;harmonie avec la nature, le bleu signifie l&#8217;impact du contact avec les Europ\u00e9ens, le rouge incarne le renouveau et l&#8217;optimisme, et le blanc incarne la r\u00e9conciliation et l&#8217;harmonie.<\/p>\n<p>Alex Janvier, un des membres les plus importants du &#8220;Groupe des sept Indiens&#8221;, joue un r\u00f4le essentiel dans l&#8217;\u00e9laboration du r\u00e9cit de l&#8217;art autochtone canadien. L&#8217;\u0153uvre &#8220;Morning Star&#8221; t\u00e9moigne de son engagement \u00e0 pr\u00e9server le patrimoine tout en embrassant le changement. \u00c0 travers cette \u0153uvre, il tisse une tapisserie de la culture et de la r\u00e9silience qui r\u00e9sonne \u00e0 travers les g\u00e9n\u00e9rations.<\/p>\n<p><em>\u00c9toile du matin<\/em>, chef d\u2019\u0153uvre d\u2019Alex Janvier peint en 1993, orne le d\u00f4me du salon Haida Gwaii du Mus\u00e9e. Cette peinture murale s\u2019\u00e9l\u00e8ve \u00e0 une hauteur de sept \u00e9tages au-dessus du salon et s\u2019\u00e9tend sur 418 m<sup>2<\/sup>. Janvier l\u2019a r\u00e9alis\u00e9e en un peu plus de trois mois, avec l\u2019aide de son fils Dean.<\/p>\n","protected":false},"excerpt":{"rendered":"<p>&#8220;\u00c9toile du Matin &#8211; Gambeh Then&#8221; d&#8217;Alex Janvier est plus qu&#8217;une \u0153uvre d&#8217;art ; c&#8217;est un pont vers le patrimoine, une incarnation de l&#8217;unit\u00e9 et une c\u00e9l\u00e9bration des nombreuses nuances de l&#8217;histoire. Choisissez le format qui vous convient et invitez l&#8217;esprit de la culture autochtone dans votre maison.<\/p>\n<p>Formats : Non encadr\u00e9, passe-partout en carton blanc, encadr\u00e9 noir<\/p>\n","protected":false},"featured_media":20671,"comment_status":"open","ping_status":"closed","template":"","meta":{"_acf_changed":false},"product_cat":[612,1007,615,933,1118,668],"product_tag":[1009,1641],"acf":[],"_links":{"self":[{"href":"https:\/\/www.museedelhistoire.ca\/boutique\/wp-json\/wp\/v2\/product\/20402"}],"collection":[{"href":"https:\/\/www.museedelhistoire.ca\/boutique\/wp-json\/wp\/v2\/product"}],"about":[{"href":"https:\/\/www.museedelhistoire.ca\/boutique\/wp-json\/wp\/v2\/types\/product"}],"replies":[{"embeddable":true,"href":"https:\/\/www.museedelhistoire.ca\/boutique\/wp-json\/wp\/v2\/comments?post=20402"}],"wp:featuredmedia":[{"embeddable":true,"href":"https:\/\/www.museedelhistoire.ca\/boutique\/wp-json\/wp\/v2\/media\/20671"}],"wp:attachment":[{"href":"https:\/\/www.museedelhistoire.ca\/boutique\/wp-json\/wp\/v2\/media?parent=20402"}],"wp:term":[{"taxonomy":"product_cat","embeddable":true,"href":"https:\/\/www.museedelhistoire.ca\/boutique\/wp-json\/wp\/v2\/product_cat?post=20402"},{"taxonomy":"product_tag","embeddable":true,"href":"https:\/\/www.museedelhistoire.ca\/boutique\/wp-json\/wp\/v2\/product_tag?post=20402"}],"curies":[{"name":"wp","href":"https:\/\/api.w.org\/{rel}","templated":true}]}}