
{"id":20469,"date":"2025-11-05T07:30:26","date_gmt":"2023-08-18T18:46:58","guid":{"rendered":"https:\/\/www.historymuseum.ca\/boutique\/?post_type=product&#038;p=20469"},"modified":"2025-11-29T13:35:20","modified_gmt":"2025-11-29T18:35:20","slug":"tableau-imprime-etoile-du-matin-par-alex-janvier","status":"publish","type":"product","link":"https:\/\/www.museedelhistoire.ca\/boutique\/produit\/tableau-imprime-etoile-du-matin-par-alex-janvier\/","title":{"rendered":"Tableau Imprim\u00e9 \u00c9toile du Matin par Alex Janvier"},"content":{"rendered":"<p>Puisant dans ses racines indig\u00e8nes, le parcours cr\u00e9atif d\u2019Alex Janvier culmine dans \u00ab\u00a0Morning Star\u00a0\u00bb. L\u2019anneau ext\u00e9rieur de la peinture repr\u00e9sente diff\u00e9rentes \u00e9poques de l\u2019histoire autochtone : le jaune symbolise l\u2019harmonie avec la nature, le bleu signifie l\u2019impact du contact avec les Europ\u00e9ens, le rouge incarne le renouveau et l\u2019optimisme, et le blanc incarne la r\u00e9conciliation et l\u2019harmonie.<\/p>\n<p>Alex Janvier, un des membres les plus importants du \u00ab\u00a0Groupe des sept Indiens\u00a0\u00bb, joue un r\u00f4le essentiel dans l\u2019\u00e9laboration du r\u00e9cit de l\u2019art autochtone canadien. L\u2019\u0153uvre \u00ab\u00a0Morning Star\u00a0\u00bb t\u00e9moigne de son engagement \u00e0 pr\u00e9server le patrimoine tout en embrassant le changement. \u00c0 travers cette \u0153uvre, il tisse une tapisserie de la culture et de la r\u00e9silience qui r\u00e9sonne \u00e0 travers les g\u00e9n\u00e9rations.<\/p>\n<p><em>\u00c9toile du matin<\/em>, chef d\u2019\u0153uvre d\u2019Alex Janvier peint en 1993, orne le d\u00f4me du salon Haida Gwaii du Mus\u00e9e. Cette peinture murale s\u2019\u00e9l\u00e8ve \u00e0 une hauteur de sept \u00e9tages au-dessus du salon et s\u2019\u00e9tend sur 418 m<sup>2<\/sup>. Janvier l\u2019a r\u00e9alis\u00e9e en un peu plus de trois mois, avec l\u2019aide de son fils Dean.<\/p>\n","protected":false},"excerpt":{"rendered":"<p><em>\u00ab \u00c9toile du Matin \u2013 Gambeh Then \u00bb<\/em> d\u2019Alex Janvier est plus qu\u2019une \u0153uvre d\u2019art ; c\u2019est un pont vers le patrimoine, une incarnation de l\u2019unit\u00e9 et une c\u00e9l\u00e9bration des nombreuses nuances de l\u2019histoire. Imprim\u00e9e sur une toile \u00e9tir\u00e9e, l&#8217;\u00e9toile du matin apportera \u00e0 coup s\u00fbr une touche de couleur et de culture dans toutes les pi\u00e8ces o\u00f9 elle sera expos\u00e9e.<\/p>\n<ul>\n<li>Dimensions: 45 x 45 cm (18 x 18 in)<\/li>\n<\/ul>\n","protected":false},"featured_media":28158,"comment_status":"open","ping_status":"closed","template":"","meta":{"_acf_changed":false},"product_cat":[2165,612,1007,615,933,1118,668],"product_tag":[1009,1641],"acf":[],"_links":{"self":[{"href":"https:\/\/www.museedelhistoire.ca\/boutique\/wp-json\/wp\/v2\/product\/20469"}],"collection":[{"href":"https:\/\/www.museedelhistoire.ca\/boutique\/wp-json\/wp\/v2\/product"}],"about":[{"href":"https:\/\/www.museedelhistoire.ca\/boutique\/wp-json\/wp\/v2\/types\/product"}],"replies":[{"embeddable":true,"href":"https:\/\/www.museedelhistoire.ca\/boutique\/wp-json\/wp\/v2\/comments?post=20469"}],"wp:featuredmedia":[{"embeddable":true,"href":"https:\/\/www.museedelhistoire.ca\/boutique\/wp-json\/wp\/v2\/media\/28158"}],"wp:attachment":[{"href":"https:\/\/www.museedelhistoire.ca\/boutique\/wp-json\/wp\/v2\/media?parent=20469"}],"wp:term":[{"taxonomy":"product_cat","embeddable":true,"href":"https:\/\/www.museedelhistoire.ca\/boutique\/wp-json\/wp\/v2\/product_cat?post=20469"},{"taxonomy":"product_tag","embeddable":true,"href":"https:\/\/www.museedelhistoire.ca\/boutique\/wp-json\/wp\/v2\/product_tag?post=20469"}],"curies":[{"name":"wp","href":"https:\/\/api.w.org\/{rel}","templated":true}]}}