
{"id":21188,"date":"2023-10-26T10:09:16","date_gmt":"2023-10-26T14:09:52","guid":{"rendered":"https:\/\/www.historymuseum.ca\/boutique\/?post_type=product&#038;p=21188"},"modified":"2024-03-25T15:28:37","modified_gmt":"2024-03-25T19:28:37","slug":"deploiements-canadiens-francais-et-metis-en-amerique-du-nord-18e-20e-siecle","status":"publish","type":"product","link":"https:\/\/www.museedelhistoire.ca\/boutique\/produit\/deploiements-canadiens-francais-et-metis-en-amerique-du-nord-18e-20e-siecle\/","title":{"rendered":"D\u00e9ploiements canadiens-fran\u00e7ais et m\u00e9tis en Am\u00e9rique du Nord (18e-20e si\u00e8cle)"},"content":{"rendered":"<p>Ce collectif se situe dans la mouvance des recherches qui redonnent \u00e0 la mobilit\u00e9 g\u00e9ographique, aux migrations et aux gens touch\u00e9s toute leur place dans la gen\u00e8se et l\u2019\u00e9volution des communaut\u00e9s francophones nord-am\u00e9ricaines.<\/p>\n<p>Les recherches ont \u00e9t\u00e9 surtout r\u00e9alis\u00e9es gr\u00e2ce \u00e0 l\u2019apport r\u00e9cent des bases de microdonn\u00e9es de population (recensements et \u00e9tat civil, principalement), qui ont \u00e9t\u00e9 jumel\u00e9es entre elles, ainsi qu\u2019\u00e0 la num\u00e9risation de nombreuses archives historiques. Les chapitres, qui rel\u00e8vent de disciplines vari\u00e9es, notamment la d\u00e9mographie, l\u2019histoire, la g\u00e9ographie, les \u00e9tudes litt\u00e9raires et la sociologie, tracent des parcours illustrant la mobilit\u00e9 \u00e0 diverses \u00e9chelles temporelles, spatiales et sociales.<\/p>\n","protected":false},"excerpt":{"rendered":"<p>Cet ouvrage offre un \u00e9clairage neuf sur les d\u00e9ploiements canadiens-fran\u00e7ais et m\u00e9tis en Am\u00e9rique du Nord en montrant comment les migrations ont influenc\u00e9 le d\u00e9veloppement social et l\u2019identit\u00e9 collective. Chacun des 11 chapitres aborde une facette de ces mouvements, du milieu du 18<sup>e<\/sup> si\u00e8cle jusqu\u2019\u00e0 la Grande D\u00e9pression, principalement dans cinq aires g\u00e9ographiques : le Qu\u00e9bec, le Manitoba, la Nouvelle-Angleterre, le Midwest am\u00e9ricain et la c\u00f4te du Pacifique.<\/p>\n<p>\u00c9crit en fran\u00e7ais et en anglais.<\/p>\n","protected":false},"featured_media":21464,"comment_status":"open","ping_status":"closed","template":"","meta":{"_acf_changed":false},"product_cat":[604,877,611],"product_tag":[],"acf":[],"_links":{"self":[{"href":"https:\/\/www.museedelhistoire.ca\/boutique\/wp-json\/wp\/v2\/product\/21188"}],"collection":[{"href":"https:\/\/www.museedelhistoire.ca\/boutique\/wp-json\/wp\/v2\/product"}],"about":[{"href":"https:\/\/www.museedelhistoire.ca\/boutique\/wp-json\/wp\/v2\/types\/product"}],"replies":[{"embeddable":true,"href":"https:\/\/www.museedelhistoire.ca\/boutique\/wp-json\/wp\/v2\/comments?post=21188"}],"wp:featuredmedia":[{"embeddable":true,"href":"https:\/\/www.museedelhistoire.ca\/boutique\/wp-json\/wp\/v2\/media\/21464"}],"wp:attachment":[{"href":"https:\/\/www.museedelhistoire.ca\/boutique\/wp-json\/wp\/v2\/media?parent=21188"}],"wp:term":[{"taxonomy":"product_cat","embeddable":true,"href":"https:\/\/www.museedelhistoire.ca\/boutique\/wp-json\/wp\/v2\/product_cat?post=21188"},{"taxonomy":"product_tag","embeddable":true,"href":"https:\/\/www.museedelhistoire.ca\/boutique\/wp-json\/wp\/v2\/product_tag?post=21188"}],"curies":[{"name":"wp","href":"https:\/\/api.w.org\/{rel}","templated":true}]}}