
{"id":21234,"date":"2023-09-29T12:59:49","date_gmt":"2023-09-29T17:56:30","guid":{"rendered":"https:\/\/www.historymuseum.ca\/boutique\/?post_type=product&#038;p=21234"},"modified":"2026-02-15T22:55:39","modified_gmt":"2026-02-16T03:55:39","slug":"casse-tete-1000-mcx-matinee-dhiver-a-baie-saint-paul-par-clarence-gagnon","status":"publish","type":"product","link":"https:\/\/www.museedelhistoire.ca\/boutique\/produit\/casse-tete-1000-mcx-matinee-dhiver-a-baie-saint-paul-par-clarence-gagnon\/","title":{"rendered":"Casse-t\u00eate 1000 mcx &#8211; Matin\u00e9e d&#8217;hiver \u00e0 Baie-Saint-Paul par Clarence Gagnon"},"content":{"rendered":"<p>Ce casse-t\u00eate de qualit\u00e9 sup\u00e9rieure ravira et instruira simultan\u00e9ment. Il est officiellement certifi\u00e9 comme \u00e9tant de qualit\u00e9 mus\u00e9ale pour sa reproduction haut de gamme. Ce casse-t\u00eate illustrant une ville canadienne-fran\u00e7aise en hiver fait partie de la collection Beaux-Arts d&#8217;Eurographic.<\/p>\n","protected":false},"excerpt":{"rendered":"<p>Con\u00e7u par l&#8217;artiste canadien Clarence Gagnon, ce casse-t\u00eate de 1000 pi\u00e8ces est imprim\u00e9 \u00e0 l&#8217;encre v\u00e9g\u00e9tale sur du carton recycl\u00e9 de haute qualit\u00e9. Clarence Gagnon a v\u00e9cu \u00e0 Baie-Saint-Paul, Qu\u00e9bec, Canada, o\u00f9 il a r\u00e9alis\u00e9 de nombreuses peintures de Baie-Saint-Paul, repr\u00e9sentant la nature et le peuple canadien.<\/p>\n<p>Dimensions : 67 x 49 cm (26.5 x 19.25 in)<\/p>\n","protected":false},"featured_media":21222,"comment_status":"open","ping_status":"closed","template":"","meta":{"_acf_changed":false},"product_cat":[2065,2247,615,1349,1623],"product_tag":[],"acf":[],"_links":{"self":[{"href":"https:\/\/www.museedelhistoire.ca\/boutique\/wp-json\/wp\/v2\/product\/21234"}],"collection":[{"href":"https:\/\/www.museedelhistoire.ca\/boutique\/wp-json\/wp\/v2\/product"}],"about":[{"href":"https:\/\/www.museedelhistoire.ca\/boutique\/wp-json\/wp\/v2\/types\/product"}],"replies":[{"embeddable":true,"href":"https:\/\/www.museedelhistoire.ca\/boutique\/wp-json\/wp\/v2\/comments?post=21234"}],"wp:featuredmedia":[{"embeddable":true,"href":"https:\/\/www.museedelhistoire.ca\/boutique\/wp-json\/wp\/v2\/media\/21222"}],"wp:attachment":[{"href":"https:\/\/www.museedelhistoire.ca\/boutique\/wp-json\/wp\/v2\/media?parent=21234"}],"wp:term":[{"taxonomy":"product_cat","embeddable":true,"href":"https:\/\/www.museedelhistoire.ca\/boutique\/wp-json\/wp\/v2\/product_cat?post=21234"},{"taxonomy":"product_tag","embeddable":true,"href":"https:\/\/www.museedelhistoire.ca\/boutique\/wp-json\/wp\/v2\/product_tag?post=21234"}],"curies":[{"name":"wp","href":"https:\/\/api.w.org\/{rel}","templated":true}]}}