
{"id":21715,"date":"2023-11-30T11:32:00","date_gmt":"2023-11-30T16:32:47","guid":{"rendered":"https:\/\/www.historymuseum.ca\/boutique\/?post_type=product&#038;p=21715"},"modified":"2024-10-10T14:15:45","modified_gmt":"2024-10-10T18:15:45","slug":"journal-friends-par-benjamin-chee-chee","status":"publish","type":"product","link":"https:\/\/www.museedelhistoire.ca\/boutique\/produit\/journal-friends-par-benjamin-chee-chee\/","title":{"rendered":"Journal Friends par Benjamin Chee Chee"},"content":{"rendered":"<p>Friends a \u00e9t\u00e9 con\u00e7u par l&#8217;artiste ojibway Benjamin Chee Chee.<\/p>\n<p>Cet artiste Ojibwe de la r\u00e9serve de Temagami, sur Bear Island, en Ontario, puise son inspiration dans l&#8217;ambition de retrouver sa m\u00e8re. Il est connu pour faire partie des peintres de Woodland, un mouvement artistique autochtone qui a vu le jour au d\u00e9but des ann\u00e9es soixante et qui est devenu depuis l&#8217;une des plus importantes \u00e9coles d&#8217;art au Canada.<\/p>\n","protected":false},"excerpt":{"rendered":"<p>Avec 120 pages lign\u00e9es et une couverture rigide, ce journal est parfait pour la maison, le travail ou tout autre projet. Il a \u00e9t\u00e9 con\u00e7u au Canada et des droits d&#8217;auteur sont vers\u00e9s \u00e0 l&#8217;artiste pour chaque journal vendu.<\/p>\n<p>Dimensions : 12 x 17 cm (4,7 x 6,7 pouces)<\/p>\n<p>Des royaut\u00e9s sont pay\u00e9es par notre fournisseur pour chaque produit vendu.<\/p>\n<p>&nbsp;<\/p>\n","protected":false},"featured_media":21758,"comment_status":"open","ping_status":"closed","template":"","meta":{"_acf_changed":false},"product_cat":[1890,615,1128,1637],"product_tag":[1643,1649,2206],"acf":[],"_links":{"self":[{"href":"https:\/\/www.museedelhistoire.ca\/boutique\/wp-json\/wp\/v2\/product\/21715"}],"collection":[{"href":"https:\/\/www.museedelhistoire.ca\/boutique\/wp-json\/wp\/v2\/product"}],"about":[{"href":"https:\/\/www.museedelhistoire.ca\/boutique\/wp-json\/wp\/v2\/types\/product"}],"replies":[{"embeddable":true,"href":"https:\/\/www.museedelhistoire.ca\/boutique\/wp-json\/wp\/v2\/comments?post=21715"}],"wp:featuredmedia":[{"embeddable":true,"href":"https:\/\/www.museedelhistoire.ca\/boutique\/wp-json\/wp\/v2\/media\/21758"}],"wp:attachment":[{"href":"https:\/\/www.museedelhistoire.ca\/boutique\/wp-json\/wp\/v2\/media?parent=21715"}],"wp:term":[{"taxonomy":"product_cat","embeddable":true,"href":"https:\/\/www.museedelhistoire.ca\/boutique\/wp-json\/wp\/v2\/product_cat?post=21715"},{"taxonomy":"product_tag","embeddable":true,"href":"https:\/\/www.museedelhistoire.ca\/boutique\/wp-json\/wp\/v2\/product_tag?post=21715"}],"curies":[{"name":"wp","href":"https:\/\/api.w.org\/{rel}","templated":true}]}}