
{"id":21720,"date":"2023-11-30T11:29:46","date_gmt":"2023-11-30T16:30:49","guid":{"rendered":"https:\/\/www.historymuseum.ca\/boutique\/?post_type=product&#038;p=21720"},"modified":"2024-10-16T17:05:03","modified_gmt":"2024-10-16T21:05:03","slug":"journal-le-pecheur-de-saumon-par-don-chase","status":"publish","type":"product","link":"https:\/\/www.museedelhistoire.ca\/boutique\/produit\/journal-le-pecheur-de-saumon-par-don-chase\/","title":{"rendered":"Journal Le p\u00eacheur de saumon par Don Chase"},"content":{"rendered":"<p>\u00ab\u00a0Les grizzlis adorent le saumon sauvage qui abonde dans les cours d\u2019eau c\u00f4tiers. Lorsque le saumon est abondant, les grizzlis prosp\u00e8rent, grandissent et produisent plus de petits.\u00a0\u00bb<\/p>\n<p>N\u00e9 \u00e0 Port Hope, en Ontario, en 1938, de parents ojibways, l\u2019h\u00e9ritage autochtone de Don a cr\u00e9\u00e9 un style unique en son genre, avec l\u2019utilisation de couleurs fluorescentes intenses qui bouleversent les sens. Don a \u00e9tudi\u00e9 \u00e0 l\u2019Ontario College of Art. Il a pass\u00e9 sa vie professionnelle \u00e0 travailler comme graphiste le jour. Lorsqu\u2019il n\u2019\u00e9tait pas occup\u00e9 \u00e0 entra\u00eener des joueurs de hockey, il consacrait son temps libre \u00e0 m\u00e9langer les m\u00e9dias, tant en peinture qu\u2019en sculpture. Le talent de Don l\u2019a amen\u00e9 \u00e0 parcourir le pays et \u00e0 exposer ses \u0153uvres dans un certain nombre de salons et d\u2019expositions, y compris la Collection McMichael d\u2019art canadien. Il a remport\u00e9 de nombreux prix, notamment le prix Mayor\u2019s Choice lors de la 43e exposition d\u2019art avec jury \u00e0 la Robert McLaughlin Gallery d\u2019Oshawa en 2011.<\/p>\n","protected":false},"excerpt":{"rendered":"<p>Avec 120 pages lign\u00e9es et une couverture rigide, ce journal est parfait pour la maison, le travail ou tout autre projet. Il a \u00e9t\u00e9 con\u00e7u au Canada et des droits d&#8217;auteur sont vers\u00e9s \u00e0 l&#8217;artiste pour chaque journal vendu.<\/p>\n<p>Dimensions : 12 x 17 cm (4,7 x 6,7 pouces)<\/p>\n<p>Des royaut\u00e9s sont pay\u00e9es par notre fournisseur pour chaque produit vendu.<\/p>\n<p>&nbsp;<\/p>\n","protected":false},"featured_media":21741,"comment_status":"open","ping_status":"closed","template":"","meta":{"_acf_changed":false},"product_cat":[2076,615,1128,1637],"product_tag":[1806,1679,2206],"acf":[],"_links":{"self":[{"href":"https:\/\/www.museedelhistoire.ca\/boutique\/wp-json\/wp\/v2\/product\/21720"}],"collection":[{"href":"https:\/\/www.museedelhistoire.ca\/boutique\/wp-json\/wp\/v2\/product"}],"about":[{"href":"https:\/\/www.museedelhistoire.ca\/boutique\/wp-json\/wp\/v2\/types\/product"}],"replies":[{"embeddable":true,"href":"https:\/\/www.museedelhistoire.ca\/boutique\/wp-json\/wp\/v2\/comments?post=21720"}],"wp:featuredmedia":[{"embeddable":true,"href":"https:\/\/www.museedelhistoire.ca\/boutique\/wp-json\/wp\/v2\/media\/21741"}],"wp:attachment":[{"href":"https:\/\/www.museedelhistoire.ca\/boutique\/wp-json\/wp\/v2\/media?parent=21720"}],"wp:term":[{"taxonomy":"product_cat","embeddable":true,"href":"https:\/\/www.museedelhistoire.ca\/boutique\/wp-json\/wp\/v2\/product_cat?post=21720"},{"taxonomy":"product_tag","embeddable":true,"href":"https:\/\/www.museedelhistoire.ca\/boutique\/wp-json\/wp\/v2\/product_tag?post=21720"}],"curies":[{"name":"wp","href":"https:\/\/api.w.org\/{rel}","templated":true}]}}