
{"id":21793,"date":"2023-12-12T14:36:20","date_gmt":"2023-12-12T19:36:07","guid":{"rendered":"https:\/\/www.historymuseum.ca\/boutique\/?post_type=product&#038;p=21793"},"modified":"2024-10-16T16:56:53","modified_gmt":"2024-10-16T20:56:53","slug":"journal-lac-et-montagnes-de-lawren-harris","status":"publish","type":"product","link":"https:\/\/www.museedelhistoire.ca\/boutique\/produit\/journal-lac-et-montagnes-de-lawren-harris\/","title":{"rendered":"Journal Lac et Montagnes de Lawren Harris"},"content":{"rendered":"<p>Lawren Harris (1885-1970), n\u00e9 \u00e0 Brantford (Ontario), est un des membres du Groupe des Sept. Sa contribution au groupe est importante, tant par ses id\u00e9es que par le soutien financier qu&#8217;il apporte. En 1921, Harris se rend sur la rive nord du lac Sup\u00e9rieur, et sera subjugu\u00e9 par la puissance du paysage. Pendant sept ans, il reviendra fr\u00e9quemment sur les lieux et d\u00e9veloppera le style qu&#8217;on conna\u00eet le mieux, soit une forme d&#8217;art abstrait mise en valeur par des couleurs riches et lumineuses, des lignes \u00e9pur\u00e9es et des d\u00e9tails r\u00e9duits \u00e0 l&#8217;essentiel. Il s&#8217;\u00e9teindra \u00e0 l&#8217;\u00e2ge de 84 ans, et sera inhum\u00e9 sur le site de la Collection McMichael d&#8217;art canadien, o\u00f9 se trouvent d\u00e9sormais ses \u0153uvres.<\/p>\n","protected":false},"excerpt":{"rendered":"<p>Avec 120 pages lign\u00e9es et une couverture rigide, ce journal est parfait pour la maison, le travail ou tout autre projet. Il a \u00e9t\u00e9 con\u00e7u au Canada et des droits d&#8217;auteur sont vers\u00e9s \u00e0 l&#8217;artiste pour chaque journal vendu.<\/p>\n<p>Dimensions : 12 x 17 cm (4,7 x 6,7 pouces)<\/p>\n<p>Des royaut\u00e9s sont pay\u00e9es par notre fournisseur pour chaque produit vendu.<\/p>\n","protected":false},"featured_media":21749,"comment_status":"open","ping_status":"closed","template":"","meta":{"_acf_changed":false},"product_cat":[2097,615,1128,1637],"product_tag":[1836,2206,1689],"acf":[],"_links":{"self":[{"href":"https:\/\/www.museedelhistoire.ca\/boutique\/wp-json\/wp\/v2\/product\/21793"}],"collection":[{"href":"https:\/\/www.museedelhistoire.ca\/boutique\/wp-json\/wp\/v2\/product"}],"about":[{"href":"https:\/\/www.museedelhistoire.ca\/boutique\/wp-json\/wp\/v2\/types\/product"}],"replies":[{"embeddable":true,"href":"https:\/\/www.museedelhistoire.ca\/boutique\/wp-json\/wp\/v2\/comments?post=21793"}],"wp:featuredmedia":[{"embeddable":true,"href":"https:\/\/www.museedelhistoire.ca\/boutique\/wp-json\/wp\/v2\/media\/21749"}],"wp:attachment":[{"href":"https:\/\/www.museedelhistoire.ca\/boutique\/wp-json\/wp\/v2\/media?parent=21793"}],"wp:term":[{"taxonomy":"product_cat","embeddable":true,"href":"https:\/\/www.museedelhistoire.ca\/boutique\/wp-json\/wp\/v2\/product_cat?post=21793"},{"taxonomy":"product_tag","embeddable":true,"href":"https:\/\/www.museedelhistoire.ca\/boutique\/wp-json\/wp\/v2\/product_tag?post=21793"}],"curies":[{"name":"wp","href":"https:\/\/api.w.org\/{rel}","templated":true}]}}