
{"id":21796,"date":"2023-12-12T14:50:16","date_gmt":"2023-12-12T19:51:03","guid":{"rendered":"https:\/\/www.historymuseum.ca\/boutique\/?post_type=product&#038;p=21796"},"modified":"2024-10-16T16:55:46","modified_gmt":"2024-10-16T20:55:46","slug":"journal-owls-bouquet-de-kenojuak-ashevak","status":"publish","type":"product","link":"https:\/\/www.museedelhistoire.ca\/boutique\/produit\/journal-owls-bouquet-de-kenojuak-ashevak\/","title":{"rendered":"Journal Owl&#8217;s Bouquet de Kenojuak Ashevak"},"content":{"rendered":"<p>La Banque du Canada a choisi une representation de l&#8217;\u0153uvre Hibou au bouquet pour orner son nouveau billet comm\u00e9moratif de dix dollars soulignant le 150e anniversaire de la Conf\u00e9d\u00e9ration. Ce n&#8217;est que la deuxi\u00e8me fois qu&#8217;une \u0153uvre d&#8217;art figure sur un billet de banque, et la premi\u00e8re fois que l&#8217;\u0153uvre d&#8217;un artiste inuit est mise \u00e0 l&#8217;honneur.<\/p>\n<p>Kenojuak Ashevak voit le jour dans le camp d&#8217;Ikirisaa, dans le sud de l&#8217;\u00eele de Baffin, et grandit en voyageant d&#8217;un camp de chasse \u00e0 l&#8217;autre, entre son \u00eele natale et le Nord qu\u00e9b\u00e9cois (r\u00e9gion du Nunavik). En 2001, Ashevak devient la premi\u00e8re femme inuite \u00e0 \u00eatre intronis\u00e9e dans l&#8217;All\u00e9e des c\u00e9l\u00e9brit\u00e9s canadiennes (Canada&#8217;s Walk of Fame) aux c\u00f4t\u00e9s d&#8217;autres c\u00e9l\u00e8bres artistes canadiens accomplis. En 2008, Kenojuak Ashevak est laur\u00e9ate du Prix du Gouverneur g\u00e9n\u00e9ral en arts visuels et en arts m\u00e9diatiques. L&#8217;artiste Kenojuak Ashevak a connu une longue et brillante carri\u00e8re, et ses \u0153uvres figurent dans de nombreuses collections publiques et priv\u00e9es partout dans le monde.<\/p>\n","protected":false},"excerpt":{"rendered":"<p>Avec 120 pages lign\u00e9es et une couverture rigide, ce journal est parfait pour la maison, le travail ou tout autre projet. Il a \u00e9t\u00e9 con\u00e7u au Canada et des droits d&#8217;auteur sont vers\u00e9s \u00e0 l&#8217;artiste pour chaque journal vendu.<\/p>\n<p>Dimensions : 12 x 17 cm (4,7 x 6,7 pouces)<\/p>\n<p>Des royaut\u00e9s sont pay\u00e9es par notre fournisseur pour chaque produit vendu.<\/p>\n","protected":false},"featured_media":21770,"comment_status":"open","ping_status":"closed","template":"","meta":{"_acf_changed":false},"product_cat":[2095,615,1128,1637],"product_tag":[2206],"acf":[],"_links":{"self":[{"href":"https:\/\/www.museedelhistoire.ca\/boutique\/wp-json\/wp\/v2\/product\/21796"}],"collection":[{"href":"https:\/\/www.museedelhistoire.ca\/boutique\/wp-json\/wp\/v2\/product"}],"about":[{"href":"https:\/\/www.museedelhistoire.ca\/boutique\/wp-json\/wp\/v2\/types\/product"}],"replies":[{"embeddable":true,"href":"https:\/\/www.museedelhistoire.ca\/boutique\/wp-json\/wp\/v2\/comments?post=21796"}],"wp:featuredmedia":[{"embeddable":true,"href":"https:\/\/www.museedelhistoire.ca\/boutique\/wp-json\/wp\/v2\/media\/21770"}],"wp:attachment":[{"href":"https:\/\/www.museedelhistoire.ca\/boutique\/wp-json\/wp\/v2\/media?parent=21796"}],"wp:term":[{"taxonomy":"product_cat","embeddable":true,"href":"https:\/\/www.museedelhistoire.ca\/boutique\/wp-json\/wp\/v2\/product_cat?post=21796"},{"taxonomy":"product_tag","embeddable":true,"href":"https:\/\/www.museedelhistoire.ca\/boutique\/wp-json\/wp\/v2\/product_tag?post=21796"}],"curies":[{"name":"wp","href":"https:\/\/api.w.org\/{rel}","templated":true}]}}