
{"id":22886,"date":"2024-03-07T08:54:10","date_gmt":"2024-03-07T13:54:25","guid":{"rendered":"https:\/\/www.historymuseum.ca\/boutique\/?post_type=product&#038;p=22886"},"modified":"2024-03-07T08:54:25","modified_gmt":"2024-03-07T13:54:25","slug":"signet-en-metal-du-musee-canadien-de-lhistoire","status":"publish","type":"product","link":"https:\/\/www.museedelhistoire.ca\/boutique\/produit\/signet-en-metal-du-musee-canadien-de-lhistoire\/","title":{"rendered":"Signet en m\u00e9tal du Mus\u00e9e canadien de l&#8217;histoire"},"content":{"rendered":"<p>La pr\u00e9cision de la d\u00e9coupe au laser garantit des d\u00e9tails impeccables, mettant en valeur l&#8217;architecture embl\u00e9matique avec une nettet\u00e9 remarquable. Ce marque-page n&#8217;est pas seulement un souvenir, c&#8217;est aussi un accessoire fonctionnel. Il \u00e9voque les souvenirs de votre visite tout en marquant \u00e9l\u00e9gamment votre page dans vos livres. Emportez un morceau d&#8217;histoire avec vous, o\u00f9 que vous alliez, gr\u00e2ce \u00e0 notre marque-page en m\u00e9tal.<\/p>\n","protected":false},"excerpt":{"rendered":"<p>Notre marque-page en m\u00e9tal d\u00e9coup\u00e9 au laser repr\u00e9sente le b\u00e2timent embl\u00e9matique du Mus\u00e9e canadien de l&#8217;histoire. \u00c9l\u00e9gant et fonctionnel, ce signet est un souvenir parfait de votre visite au mus\u00e9e.<\/p>\n<p>Dimensions : 10 x 4 cm (3,9 x 1,6 pouces)<\/p>\n","protected":false},"featured_media":22937,"comment_status":"open","ping_status":"closed","template":"","meta":{"_acf_changed":false},"product_cat":[612,1074,1128],"product_tag":[2206],"acf":[],"_links":{"self":[{"href":"https:\/\/www.museedelhistoire.ca\/boutique\/wp-json\/wp\/v2\/product\/22886"}],"collection":[{"href":"https:\/\/www.museedelhistoire.ca\/boutique\/wp-json\/wp\/v2\/product"}],"about":[{"href":"https:\/\/www.museedelhistoire.ca\/boutique\/wp-json\/wp\/v2\/types\/product"}],"replies":[{"embeddable":true,"href":"https:\/\/www.museedelhistoire.ca\/boutique\/wp-json\/wp\/v2\/comments?post=22886"}],"wp:featuredmedia":[{"embeddable":true,"href":"https:\/\/www.museedelhistoire.ca\/boutique\/wp-json\/wp\/v2\/media\/22937"}],"wp:attachment":[{"href":"https:\/\/www.museedelhistoire.ca\/boutique\/wp-json\/wp\/v2\/media?parent=22886"}],"wp:term":[{"taxonomy":"product_cat","embeddable":true,"href":"https:\/\/www.museedelhistoire.ca\/boutique\/wp-json\/wp\/v2\/product_cat?post=22886"},{"taxonomy":"product_tag","embeddable":true,"href":"https:\/\/www.museedelhistoire.ca\/boutique\/wp-json\/wp\/v2\/product_tag?post=22886"}],"curies":[{"name":"wp","href":"https:\/\/api.w.org\/{rel}","templated":true}]}}