
{"id":23307,"date":"2024-04-09T10:16:17","date_gmt":"2024-04-09T14:16:49","guid":{"rendered":"https:\/\/www.historymuseum.ca\/boutique\/?post_type=product&#038;p=23307"},"modified":"2024-10-16T15:46:21","modified_gmt":"2024-10-16T19:46:21","slug":"echarpe-ecologique-all-my-relations","status":"publish","type":"product","link":"https:\/\/www.museedelhistoire.ca\/boutique\/produit\/echarpe-ecologique-all-my-relations\/","title":{"rendered":"Foulard \u00e9cologique All My Relations"},"content":{"rendered":"<p>Avec ce motif de l\u2019artiste autochtone Storm Angeconeb des nations Lac Seul et Ojibwe, ce foulard incarne la richesse culturelle avec une touche de durabilit\u00e9.<\/p>\n","protected":false},"excerpt":{"rendered":"<p>Enveloppez-vous dans un confort luxueux avec ce foulard \u00e9cologique, qui se caract\u00e9rise par un motif autochtone vibrant et une texture extra-douce. Ce foulard est fabriqu\u00e9 enti\u00e8rement \u00e0 partir de bouteilles de plastiques recycl\u00e9es, garantissant \u00e0 la fois style et durabilit\u00e9.<\/p>\n<p>Dimensions : 70 x 180 cm (27,5 x 71 pouces)<\/p>\n","protected":false},"featured_media":23309,"comment_status":"open","ping_status":"closed","template":"","meta":{"_acf_changed":false},"product_cat":[2123,615,1003,661],"product_tag":[1793],"acf":[],"_links":{"self":[{"href":"https:\/\/www.museedelhistoire.ca\/boutique\/wp-json\/wp\/v2\/product\/23307"}],"collection":[{"href":"https:\/\/www.museedelhistoire.ca\/boutique\/wp-json\/wp\/v2\/product"}],"about":[{"href":"https:\/\/www.museedelhistoire.ca\/boutique\/wp-json\/wp\/v2\/types\/product"}],"replies":[{"embeddable":true,"href":"https:\/\/www.museedelhistoire.ca\/boutique\/wp-json\/wp\/v2\/comments?post=23307"}],"wp:featuredmedia":[{"embeddable":true,"href":"https:\/\/www.museedelhistoire.ca\/boutique\/wp-json\/wp\/v2\/media\/23309"}],"wp:attachment":[{"href":"https:\/\/www.museedelhistoire.ca\/boutique\/wp-json\/wp\/v2\/media?parent=23307"}],"wp:term":[{"taxonomy":"product_cat","embeddable":true,"href":"https:\/\/www.museedelhistoire.ca\/boutique\/wp-json\/wp\/v2\/product_cat?post=23307"},{"taxonomy":"product_tag","embeddable":true,"href":"https:\/\/www.museedelhistoire.ca\/boutique\/wp-json\/wp\/v2\/product_tag?post=23307"}],"curies":[{"name":"wp","href":"https:\/\/api.w.org\/{rel}","templated":true}]}}