
{"id":23888,"date":"2024-05-10T09:57:32","date_gmt":"2024-05-10T13:57:50","guid":{"rendered":"https:\/\/www.historymuseum.ca\/boutique\/?post_type=product&#038;p=23888"},"modified":"2025-01-22T13:16:16","modified_gmt":"2025-01-22T18:16:16","slug":"illustration-imprimee-collection-vintage-du-musee-canadien-de-lhistoire","status":"publish","type":"product","link":"https:\/\/www.museedelhistoire.ca\/boutique\/produit\/illustration-imprimee-collection-vintage-du-musee-canadien-de-lhistoire\/","title":{"rendered":"Illustration imprim\u00e9e &#8211; Collection Vintage du Mus\u00e9e canadien de l&#8217;histoire"},"content":{"rendered":"<p>D\u00e9couvrez des imprim\u00e9s de qualit\u00e9 sup\u00e9rieure, con\u00e7us pour une beaut\u00e9 et une durabilit\u00e9 optimales. Gr\u00e2ce \u00e0 l&#8217;utilisation d&#8217;une encre aqueuse de pointe et d&#8217;un papier au fini lustr\u00e9, ces impressions offrent des images \u00e9clatantes qui rivalisent avec le papier argentique traditionnel, \u00e0 un prix plus avantageux. R\u00e9sistants \u00e0 l&#8217;eau et aux UV, ces reproductions sont con\u00e7ues pour conserver leur qualit\u00e9 au fil du temps, qu&#8217;elles soient expos\u00e9es dans un album jusqu&#8217;\u00e0 200 ans ou encadr\u00e9es jusqu&#8217;\u00e0 100 ans. De l\u00e9g\u00e8res fluctuations de couleurs peuvent se produire par rapport aux couleurs affich\u00e9es \u00e0 l&#8217;\u00e9cran. Bien que ces impressions soient stables aux UV, l&#8217;exposition directe \u00e0 la lumi\u00e8re du soleil peut provoquer une d\u00e9coloration.<\/p>\n","protected":false},"excerpt":{"rendered":"<p>Cette illustration de style vintage utilise une encre aqueuse et un papier \u00e0 finition lustr\u00e9e qui garantissent une r\u00e9sistance \u00e0 l&#8217;eau et aux UV, offrant ainsi une qualit\u00e9 durable pour vos besoins de d\u00e9coration. D\u00e9couvrez des impressions d&#8217;art de qualit\u00e9 sup\u00e9rieure qui se distinguent par leurs images vives et leur durabilit\u00e9.<\/p>\n<p>Dimensions : 28 x 35,5 cm (11 x 14 pouces)<\/p>\n","protected":false},"featured_media":23890,"comment_status":"open","ping_status":"closed","template":"","meta":{"_acf_changed":false},"product_cat":[2158,612,1118,668],"product_tag":[1787,2159],"acf":[],"_links":{"self":[{"href":"https:\/\/www.museedelhistoire.ca\/boutique\/wp-json\/wp\/v2\/product\/23888"}],"collection":[{"href":"https:\/\/www.museedelhistoire.ca\/boutique\/wp-json\/wp\/v2\/product"}],"about":[{"href":"https:\/\/www.museedelhistoire.ca\/boutique\/wp-json\/wp\/v2\/types\/product"}],"replies":[{"embeddable":true,"href":"https:\/\/www.museedelhistoire.ca\/boutique\/wp-json\/wp\/v2\/comments?post=23888"}],"wp:featuredmedia":[{"embeddable":true,"href":"https:\/\/www.museedelhistoire.ca\/boutique\/wp-json\/wp\/v2\/media\/23890"}],"wp:attachment":[{"href":"https:\/\/www.museedelhistoire.ca\/boutique\/wp-json\/wp\/v2\/media?parent=23888"}],"wp:term":[{"taxonomy":"product_cat","embeddable":true,"href":"https:\/\/www.museedelhistoire.ca\/boutique\/wp-json\/wp\/v2\/product_cat?post=23888"},{"taxonomy":"product_tag","embeddable":true,"href":"https:\/\/www.museedelhistoire.ca\/boutique\/wp-json\/wp\/v2\/product_tag?post=23888"}],"curies":[{"name":"wp","href":"https:\/\/api.w.org\/{rel}","templated":true}]}}