
{"id":25858,"date":"2024-12-13T14:53:50","date_gmt":"2024-12-13T20:18:04","guid":{"rendered":"https:\/\/www.historymuseum.ca\/boutique\/?post_type=product&#038;p=25858"},"modified":"2024-12-13T15:23:37","modified_gmt":"2024-12-13T20:23:37","slug":"jeu-dequilibre-de-blocs-superposes-saumon-et-oeufs","status":"publish","type":"product","link":"https:\/\/www.museedelhistoire.ca\/boutique\/produit\/jeu-dequilibre-de-blocs-superposes-saumon-et-oeufs\/","title":{"rendered":"Jeu d&#8217;\u00e9quilibre de blocs superpos\u00e9s &#8211; Saumon et \u0153ufs"},"content":{"rendered":"<p>Artiste : Paul Windsor<br \/>\nAffiliation : Haisla, Heiltsuk<\/p>\n<p>Con\u00e7u au Canada<br \/>\nFabriqu\u00e9 en Chine<\/p>\n","protected":false},"excerpt":{"rendered":"<p>Les jeux d&#8217;\u00e9quilibrage de blocs empilables Native Northwest peuvent am\u00e9liorer la coordination \u0153il-main des enfants et constituent \u00e9galement un excellent outil \u00e9ducatif permettant aux enfants d&#8217;en apprendre davantage sur les couleurs et les formes. Le cadeau parfait pour les enfants et la famille!<\/p>\n<p>Des royaut\u00e9s sont pay\u00e9es par notre fournisseur pour chaque produit vendu.<\/p>\n","protected":false},"featured_media":25857,"comment_status":"open","ping_status":"closed","template":"","meta":{"_acf_changed":false},"product_cat":[1873,2112,615,1631],"product_tag":[],"acf":[],"_links":{"self":[{"href":"https:\/\/www.museedelhistoire.ca\/boutique\/wp-json\/wp\/v2\/product\/25858"}],"collection":[{"href":"https:\/\/www.museedelhistoire.ca\/boutique\/wp-json\/wp\/v2\/product"}],"about":[{"href":"https:\/\/www.museedelhistoire.ca\/boutique\/wp-json\/wp\/v2\/types\/product"}],"replies":[{"embeddable":true,"href":"https:\/\/www.museedelhistoire.ca\/boutique\/wp-json\/wp\/v2\/comments?post=25858"}],"wp:featuredmedia":[{"embeddable":true,"href":"https:\/\/www.museedelhistoire.ca\/boutique\/wp-json\/wp\/v2\/media\/25857"}],"wp:attachment":[{"href":"https:\/\/www.museedelhistoire.ca\/boutique\/wp-json\/wp\/v2\/media?parent=25858"}],"wp:term":[{"taxonomy":"product_cat","embeddable":true,"href":"https:\/\/www.museedelhistoire.ca\/boutique\/wp-json\/wp\/v2\/product_cat?post=25858"},{"taxonomy":"product_tag","embeddable":true,"href":"https:\/\/www.museedelhistoire.ca\/boutique\/wp-json\/wp\/v2\/product_tag?post=25858"}],"curies":[{"name":"wp","href":"https:\/\/api.w.org\/{rel}","templated":true}]}}