
{"id":25860,"date":"2024-12-13T15:18:56","date_gmt":"2024-12-13T20:18:56","guid":{"rendered":"https:\/\/www.historymuseum.ca\/boutique\/?post_type=product&#038;p=25860"},"modified":"2025-01-30T15:46:17","modified_gmt":"2025-01-30T20:46:17","slug":"jeu-dequilibre-de-blocs-superposes-ours-et-oursons","status":"publish","type":"product","link":"https:\/\/www.museedelhistoire.ca\/boutique\/produit\/jeu-dequilibre-de-blocs-superposes-ours-et-oursons\/","title":{"rendered":"Jeu d&#8217;\u00e9quilibre de blocs superpos\u00e9s &#8211; Ours et oursons"},"content":{"rendered":"<p>Artiste : Simone Diamond<br \/>\nAffiliation : Salish de la c\u00f4te<\/p>\n<p>Con\u00e7u au Canada<br \/>\nFabriqu\u00e9 en Chine<\/p>\n","protected":false},"excerpt":{"rendered":"<p>Les jeux d&#8217;\u00e9quilibrage de blocs empilables Native Northwest peuvent am\u00e9liorer la coordination \u0153il-main des enfants et constituent \u00e9galement un excellent outil \u00e9ducatif permettant aux enfants d&#8217;en apprendre davantage sur les couleurs et les formes. Le cadeau parfait pour les enfants et la famille!<\/p>\n<p>Des royaut\u00e9s sont pay\u00e9es par notre fournisseur pour chaque produit vendu.<\/p>\n","protected":false},"featured_media":25862,"comment_status":"open","ping_status":"closed","template":"","meta":{"_acf_changed":false},"product_cat":[1873,2121,615,1631],"product_tag":[],"acf":[],"_links":{"self":[{"href":"https:\/\/www.museedelhistoire.ca\/boutique\/wp-json\/wp\/v2\/product\/25860"}],"collection":[{"href":"https:\/\/www.museedelhistoire.ca\/boutique\/wp-json\/wp\/v2\/product"}],"about":[{"href":"https:\/\/www.museedelhistoire.ca\/boutique\/wp-json\/wp\/v2\/types\/product"}],"replies":[{"embeddable":true,"href":"https:\/\/www.museedelhistoire.ca\/boutique\/wp-json\/wp\/v2\/comments?post=25860"}],"wp:featuredmedia":[{"embeddable":true,"href":"https:\/\/www.museedelhistoire.ca\/boutique\/wp-json\/wp\/v2\/media\/25862"}],"wp:attachment":[{"href":"https:\/\/www.museedelhistoire.ca\/boutique\/wp-json\/wp\/v2\/media?parent=25860"}],"wp:term":[{"taxonomy":"product_cat","embeddable":true,"href":"https:\/\/www.museedelhistoire.ca\/boutique\/wp-json\/wp\/v2\/product_cat?post=25860"},{"taxonomy":"product_tag","embeddable":true,"href":"https:\/\/www.museedelhistoire.ca\/boutique\/wp-json\/wp\/v2\/product_tag?post=25860"}],"curies":[{"name":"wp","href":"https:\/\/api.w.org\/{rel}","templated":true}]}}